{"id":6484,"date":"2014-03-19T20:09:18","date_gmt":"2014-03-19T23:09:18","guid":{"rendered":"http:\/\/ajupe.com.uy\/web\/?post_type=product&#038;p=6484"},"modified":"2014-03-19T20:09:18","modified_gmt":"2014-03-19T23:09:18","slug":"el-hijo-del-capitan-nemo","status":"publish","type":"product","link":"https:\/\/ajupe.com.uy\/web\/biblioteca\/el-hijo-del-capitan-nemo\/","title":{"rendered":"El hijo del capit\u00e1n nemo"},"content":{"rendered":"<p>Entre el testimonio personal y el ensayo, El hijo del capit\u00e1n Nemo es una confesi\u00f3n de amor por los libros y un reconocimiento a todo lo que el autor les debe. Muchos se identificar\u00e1n con el ni\u00f1o que descubri\u00f3 a Julio Verne o con el adolescente que no devolvi\u00f3 un ejemplar de Cien a\u00f1os de soledad, pero sobre todo compartir\u00e1n el meditado recuento de todo aquello que supone un libro en cuanto a conocimiento, fantas\u00eda, experiencia y deleite. Texto concentrado y sensible, trasunta la felicidad de iniciarse en la lectura, ir en b\u00fasqueda de sus placeres en las librer\u00edas, gozar de los sorpresivos hallazgos y conformar una biblioteca. Si todo libro est\u00e1 destinado a un lector en particular, este en especial est\u00e1 dirigido a todos y cada uno de ellos, en tanto hayan hecho de la lectura una ocupaci\u00f3n tan imprescindible como gratificante.<\/p>\n","protected":false},"excerpt":{"rendered":"<p>Entre el testimonio personal y el ensayo, El hijo del capit\u00e1n Nemo es una confesi\u00f3n de amor por los libros y un reconocimiento a todo lo que el autor les debe.<\/p>\n","protected":false},"featured_media":6485,"template":"","meta":[],"product_brand":[53],"product_cat":[47],"product_tag":[],"class_list":{"0":"post-6484","1":"product","2":"type-product","3":"status-publish","4":"has-post-thumbnail","6":"product_brand-jorge-burel","7":"product_cat-ensayo","9":"first","10":"instock","11":"purchasable","12":"product-type-simple"},"featured_image_urls_v2":{"full":["https:\/\/ajupe.com.uy\/web\/wp-content\/uploads\/2016\/04\/p-6484-El_hijo_del_capi_5329f96e22272.jpg",190,308,false],"thumbnail":["https:\/\/ajupe.com.uy\/web\/wp-content\/uploads\/2016\/04\/p-6484-El_hijo_del_capi_5329f96e22272.jpg",150,150,true],"medium":["https:\/\/ajupe.com.uy\/web\/wp-content\/uploads\/2016\/04\/p-6484-El_hijo_del_capi_5329f96e22272.jpg",300,214,true],"medium_large":["https:\/\/ajupe.com.uy\/web\/wp-content\/uploads\/2016\/04\/p-6484-El_hijo_del_capi_5329f96e22272.jpg",190,308,false],"large":["https:\/\/ajupe.com.uy\/web\/wp-content\/uploads\/2016\/04\/p-6484-El_hijo_del_capi_5329f96e22272.jpg",190,308,false],"1536x1536":["https:\/\/ajupe.com.uy\/web\/wp-content\/uploads\/2016\/04\/p-6484-El_hijo_del_capi_5329f96e22272.jpg",190,308,false],"2048x2048":["https:\/\/ajupe.com.uy\/web\/wp-content\/uploads\/2016\/04\/p-6484-El_hijo_del_capi_5329f96e22272.jpg",190,308,false],"woocommerce_archive_thumbnail":["https:\/\/ajupe.com.uy\/web\/wp-content\/uploads\/2016\/04\/p-6484-El_hijo_del_capi_5329f96e22272-190x300.jpg",190,300,true],"woocommerce_thumbnail":["https:\/\/ajupe.com.uy\/web\/wp-content\/uploads\/2016\/04\/p-6484-El_hijo_del_capi_5329f96e22272-190x300.jpg",190,300,true],"woocommerce_single":["https:\/\/ajupe.com.uy\/web\/wp-content\/uploads\/2016\/04\/p-6484-El_hijo_del_capi_5329f96e22272.jpg",190,308,false],"woocommerce_gallery_thumbnail":["https:\/\/ajupe.com.uy\/web\/wp-content\/uploads\/2016\/04\/p-6484-El_hijo_del_capi_5329f96e22272-100x100.jpg",100,100,true]},"post_excerpt_stackable_v2":"<p>Entre el testimonio personal y el ensayo, El hijo del capit\u00e1n Nemo es una confesi\u00f3n de amor por los libros y un reconocimiento a todo lo que el autor les debe.<\/p>\n","category_list_v2":"","author_info_v2":{"name":"","url":""},"comments_num_v2":"0 comentarios","_links":{"self":[{"href":"https:\/\/ajupe.com.uy\/web\/wp-json\/wp\/v2\/product\/6484","targetHints":{"allow":["GET"]}}],"collection":[{"href":"https:\/\/ajupe.com.uy\/web\/wp-json\/wp\/v2\/product"}],"about":[{"href":"https:\/\/ajupe.com.uy\/web\/wp-json\/wp\/v2\/types\/product"}],"wp:featuredmedia":[{"embeddable":true,"href":"https:\/\/ajupe.com.uy\/web\/wp-json\/wp\/v2\/media\/6485"}],"wp:attachment":[{"href":"https:\/\/ajupe.com.uy\/web\/wp-json\/wp\/v2\/media?parent=6484"}],"wp:term":[{"taxonomy":"product_brand","embeddable":true,"href":"https:\/\/ajupe.com.uy\/web\/wp-json\/wp\/v2\/product_brand?post=6484"},{"taxonomy":"product_cat","embeddable":true,"href":"https:\/\/ajupe.com.uy\/web\/wp-json\/wp\/v2\/product_cat?post=6484"},{"taxonomy":"product_tag","embeddable":true,"href":"https:\/\/ajupe.com.uy\/web\/wp-json\/wp\/v2\/product_tag?post=6484"}],"curies":[{"name":"wp","href":"https:\/\/api.w.org\/{rel}","templated":true}]}}