{"id":6490,"date":"2014-03-19T20:42:57","date_gmt":"2014-03-19T23:42:57","guid":{"rendered":"http:\/\/ajupe.com.uy\/web\/?post_type=product&#038;p=6490"},"modified":"2014-03-19T20:42:57","modified_gmt":"2014-03-19T23:42:57","slug":"demasiada-felicidad","status":"publish","type":"product","link":"https:\/\/ajupe.com.uy\/web\/biblioteca\/demasiada-felicidad\/","title":{"rendered":"Demasiada felicidad"},"content":{"rendered":"<p>Una joven madre recibe consuelo inesperado por la muerte de sus tres hijos, otra reacciona de forma ins\u00f3lita ante la humillaci\u00f3n a la que la somete un hombre; otros cuentos describen la crueldad de los ni\u00f1os y los huecos de soledad que se crean en el d\u00eda a d\u00eda de la vida de pareja. Y el \u00faltimo cuento trata de Sophia Kovalevsky, una matem\u00e1tica rusa que vivi\u00f3 a finales del siglo XIX, en su largo peregrinaje en busca de una universidad que admitiera a mujeres como profesoras. <\/p>\n<p>An\u00e9cdotas en apariencia banales se transforman en las manos de Munro en emociones, y su estilo transporta estas emociones sin dificultad, gracias a un talento excepcional que arrastra al lector dentro de las historias casi sin pre\u00e1mbulos.<\/p>\n","protected":false},"excerpt":{"rendered":"<p>An\u00e9cdotas en apariencia banales se transforman en las manos de Munro en emociones, y su estilo transporta estas emociones sin dificultad, gracias a un talento excepcional que arrastra al lector dentro de las historias casi sin pre\u00e1mbulos.<\/p>\n","protected":false},"featured_media":6491,"template":"","meta":[],"product_brand":[1257],"product_cat":[29],"product_tag":[],"class_list":{"0":"post-6490","1":"product","2":"type-product","3":"status-publish","4":"has-post-thumbnail","6":"product_brand-alice-munro","7":"product_cat-novela","9":"first","10":"instock","11":"purchasable","12":"product-type-simple"},"featured_image_urls_v2":{"full":["https:\/\/ajupe.com.uy\/web\/wp-content\/uploads\/2016\/04\/p-6490-Demasiada_felici_532a0151e71fc.jpg",202,308,false],"thumbnail":["https:\/\/ajupe.com.uy\/web\/wp-content\/uploads\/2016\/04\/p-6490-Demasiada_felici_532a0151e71fc.jpg",150,150,true],"medium":["https:\/\/ajupe.com.uy\/web\/wp-content\/uploads\/2016\/04\/p-6490-Demasiada_felici_532a0151e71fc.jpg",300,214,true],"medium_large":["https:\/\/ajupe.com.uy\/web\/wp-content\/uploads\/2016\/04\/p-6490-Demasiada_felici_532a0151e71fc.jpg",202,308,false],"large":["https:\/\/ajupe.com.uy\/web\/wp-content\/uploads\/2016\/04\/p-6490-Demasiada_felici_532a0151e71fc.jpg",202,308,false],"1536x1536":["https:\/\/ajupe.com.uy\/web\/wp-content\/uploads\/2016\/04\/p-6490-Demasiada_felici_532a0151e71fc.jpg",202,308,false],"2048x2048":["https:\/\/ajupe.com.uy\/web\/wp-content\/uploads\/2016\/04\/p-6490-Demasiada_felici_532a0151e71fc.jpg",202,308,false],"woocommerce_archive_thumbnail":["https:\/\/ajupe.com.uy\/web\/wp-content\/uploads\/2016\/04\/p-6490-Demasiada_felici_532a0151e71fc-202x300.jpg",202,300,true],"woocommerce_thumbnail":["https:\/\/ajupe.com.uy\/web\/wp-content\/uploads\/2016\/04\/p-6490-Demasiada_felici_532a0151e71fc-202x300.jpg",202,300,true],"woocommerce_single":["https:\/\/ajupe.com.uy\/web\/wp-content\/uploads\/2016\/04\/p-6490-Demasiada_felici_532a0151e71fc.jpg",202,308,false],"woocommerce_gallery_thumbnail":["https:\/\/ajupe.com.uy\/web\/wp-content\/uploads\/2016\/04\/p-6490-Demasiada_felici_532a0151e71fc-100x100.jpg",100,100,true]},"post_excerpt_stackable_v2":"<p>An\u00e9cdotas en apariencia banales se transforman en las manos de Munro en emociones, y su estilo transporta estas emociones sin dificultad, gracias a un talento excepcional que arrastra al lector dentro de las historias casi sin pre\u00e1mbulos.<\/p>\n","category_list_v2":"","author_info_v2":{"name":"","url":""},"comments_num_v2":"0 comentarios","_links":{"self":[{"href":"https:\/\/ajupe.com.uy\/web\/wp-json\/wp\/v2\/product\/6490","targetHints":{"allow":["GET"]}}],"collection":[{"href":"https:\/\/ajupe.com.uy\/web\/wp-json\/wp\/v2\/product"}],"about":[{"href":"https:\/\/ajupe.com.uy\/web\/wp-json\/wp\/v2\/types\/product"}],"wp:featuredmedia":[{"embeddable":true,"href":"https:\/\/ajupe.com.uy\/web\/wp-json\/wp\/v2\/media\/6491"}],"wp:attachment":[{"href":"https:\/\/ajupe.com.uy\/web\/wp-json\/wp\/v2\/media?parent=6490"}],"wp:term":[{"taxonomy":"product_brand","embeddable":true,"href":"https:\/\/ajupe.com.uy\/web\/wp-json\/wp\/v2\/product_brand?post=6490"},{"taxonomy":"product_cat","embeddable":true,"href":"https:\/\/ajupe.com.uy\/web\/wp-json\/wp\/v2\/product_cat?post=6490"},{"taxonomy":"product_tag","embeddable":true,"href":"https:\/\/ajupe.com.uy\/web\/wp-json\/wp\/v2\/product_tag?post=6490"}],"curies":[{"name":"wp","href":"https:\/\/api.w.org\/{rel}","templated":true}]}}