{"id":6493,"date":"2014-03-19T20:45:51","date_gmt":"2014-03-19T23:45:51","guid":{"rendered":"http:\/\/ajupe.com.uy\/web\/?post_type=product&#038;p=6493"},"modified":"2014-03-19T20:45:51","modified_gmt":"2014-03-19T23:45:51","slug":"la-vida-de-las-mujeres","status":"publish","type":"product","link":"https:\/\/ajupe.com.uy\/web\/biblioteca\/la-vida-de-las-mujeres\/","title":{"rendered":"La vida de las mujeres"},"content":{"rendered":"<p>Al comenzar la novela, Del Jordan es una chiquilla que vive con sus padres y su hermano Owen en una granja en la que se cr\u00edan zorros. Su casa est\u00e1 ubicada en la difusa frontera que separa la peque\u00f1a poblaci\u00f3n de Jubilee del campo, y que divide virtualmente tambi\u00e9n a la familia: el padre se dedica a las arduas labores del criadero y la madre, agn\u00f3stica, culta y feminista, vende enciclopedias a los granjeros de la zona. <\/p>\n<p>Del relata su vida cotidiana, sus relaciones con los vecinos, amigos y parientes, y muy en especial con los t\u00edos, que son personajes entra\u00f1ables: el t\u00edo Benny, las t\u00edas Elspeth y Grace, maliciosamente p\u00edcaras, el t\u00edo Craig, mimado y convencido de ser un palad\u00edn de la memoria. Pasado un tiempo, la madre decide trasladarse al centro del pueblo en busca de horizontes m\u00e1s estimulantes. Fern, su nueva inquilina, participa de la vida familiar y les abre nuevos horizontes, y Del entiende que tendr\u00e1 que decidir entre la vida socialmente impuesta \u2013hogar, iglesia, matrimonio, hijos\u2013 y la vida elegida, que est\u00e1 en otra parte. Ese descubrimiento es tambi\u00e9n el de la vocaci\u00f3n literaria, una suerte de llamada, de deber para<br \/>\ncon el mundo.<\/p>\n","protected":false},"excerpt":{"rendered":"<p>Esta deliciosa novela, pr\u00e1cticamente la \u00fanica en sentido estricto que la autora ha publicado hasta la fecha, es \u00abautobiogr\u00e1fica en la forma, que no en los contenidos\u00bb, como comenta ir\u00f3nicamente la misma Alice Munro. En este texto, traducido por primera ve<\/p>\n","protected":false},"featured_media":6494,"template":"","meta":[],"product_brand":[1257],"product_cat":[29],"product_tag":[],"class_list":{"0":"post-6493","1":"product","2":"type-product","3":"status-publish","4":"has-post-thumbnail","6":"product_brand-alice-munro","7":"product_cat-novela","9":"first","10":"instock","11":"purchasable","12":"product-type-simple"},"featured_image_urls_v2":{"full":["https:\/\/ajupe.com.uy\/web\/wp-content\/uploads\/2016\/04\/p-6493-La_vida_de_las_m_532a01ffa8fdd.jpg",205,308,false],"thumbnail":["https:\/\/ajupe.com.uy\/web\/wp-content\/uploads\/2016\/04\/p-6493-La_vida_de_las_m_532a01ffa8fdd.jpg",150,150,true],"medium":["https:\/\/ajupe.com.uy\/web\/wp-content\/uploads\/2016\/04\/p-6493-La_vida_de_las_m_532a01ffa8fdd.jpg",300,214,true],"medium_large":["https:\/\/ajupe.com.uy\/web\/wp-content\/uploads\/2016\/04\/p-6493-La_vida_de_las_m_532a01ffa8fdd.jpg",205,308,false],"large":["https:\/\/ajupe.com.uy\/web\/wp-content\/uploads\/2016\/04\/p-6493-La_vida_de_las_m_532a01ffa8fdd.jpg",205,308,false],"1536x1536":["https:\/\/ajupe.com.uy\/web\/wp-content\/uploads\/2016\/04\/p-6493-La_vida_de_las_m_532a01ffa8fdd.jpg",205,308,false],"2048x2048":["https:\/\/ajupe.com.uy\/web\/wp-content\/uploads\/2016\/04\/p-6493-La_vida_de_las_m_532a01ffa8fdd.jpg",205,308,false],"woocommerce_archive_thumbnail":["https:\/\/ajupe.com.uy\/web\/wp-content\/uploads\/2016\/04\/p-6493-La_vida_de_las_m_532a01ffa8fdd-205x300.jpg",205,300,true],"woocommerce_thumbnail":["https:\/\/ajupe.com.uy\/web\/wp-content\/uploads\/2016\/04\/p-6493-La_vida_de_las_m_532a01ffa8fdd-205x300.jpg",205,300,true],"woocommerce_single":["https:\/\/ajupe.com.uy\/web\/wp-content\/uploads\/2016\/04\/p-6493-La_vida_de_las_m_532a01ffa8fdd.jpg",205,308,false],"woocommerce_gallery_thumbnail":["https:\/\/ajupe.com.uy\/web\/wp-content\/uploads\/2016\/04\/p-6493-La_vida_de_las_m_532a01ffa8fdd-100x100.jpg",100,100,true]},"post_excerpt_stackable_v2":"<p>Esta deliciosa novela, pr\u00e1cticamente la \u00fanica en sentido estricto que la autora ha publicado hasta la fecha, es \u00abautobiogr\u00e1fica en la forma, que no en los contenidos\u00bb, como comenta ir\u00f3nicamente la misma Alice Munro. En este texto, traducido por primera ve<\/p>\n","category_list_v2":"","author_info_v2":{"name":"","url":""},"comments_num_v2":"0 comentarios","_links":{"self":[{"href":"https:\/\/ajupe.com.uy\/web\/wp-json\/wp\/v2\/product\/6493","targetHints":{"allow":["GET"]}}],"collection":[{"href":"https:\/\/ajupe.com.uy\/web\/wp-json\/wp\/v2\/product"}],"about":[{"href":"https:\/\/ajupe.com.uy\/web\/wp-json\/wp\/v2\/types\/product"}],"wp:featuredmedia":[{"embeddable":true,"href":"https:\/\/ajupe.com.uy\/web\/wp-json\/wp\/v2\/media\/6494"}],"wp:attachment":[{"href":"https:\/\/ajupe.com.uy\/web\/wp-json\/wp\/v2\/media?parent=6493"}],"wp:term":[{"taxonomy":"product_brand","embeddable":true,"href":"https:\/\/ajupe.com.uy\/web\/wp-json\/wp\/v2\/product_brand?post=6493"},{"taxonomy":"product_cat","embeddable":true,"href":"https:\/\/ajupe.com.uy\/web\/wp-json\/wp\/v2\/product_cat?post=6493"},{"taxonomy":"product_tag","embeddable":true,"href":"https:\/\/ajupe.com.uy\/web\/wp-json\/wp\/v2\/product_tag?post=6493"}],"curies":[{"name":"wp","href":"https:\/\/api.w.org\/{rel}","templated":true}]}}