{"id":6496,"date":"2014-03-19T20:49:54","date_gmt":"2014-03-19T23:49:54","guid":{"rendered":"http:\/\/ajupe.com.uy\/web\/?post_type=product&#038;p=6496"},"modified":"2014-03-19T20:49:54","modified_gmt":"2014-03-19T23:49:54","slug":"mi-vida-querida","status":"publish","type":"product","link":"https:\/\/ajupe.com.uy\/web\/biblioteca\/mi-vida-querida\/","title":{"rendered":"Mi vida querida"},"content":{"rendered":"<p>\u00bfBastan un beso robado, un salto desde un tren en marcha, la sombra de una mujer que me rodea alrededor de una casa, una borrachera de media tarde o las preguntas arriesgadas de una ni\u00f1a para conformar un mundo que se baste a s\u00ed mismo y cuente la vida entera? Si quien escribe es Alice Munro un simple adjetivo sirve para cruzar las fronteras de la an\u00e9cdota y colocarnos en el lugar donde nacen los sentimientos y las emociones.La gran autora canadiense nos sorprende de nuevo con Mi vida querida , una colecci\u00f3n de cuentos donde vemos a hombres y mujeres obligados a traficar con la vida sin m\u00e1s recursos que su humanidad. Comienzos, finales, virajes del destino&#8230; y de repente, cuando cre\u00edamos queel relato llegar\u00eda a su obvia conclusi\u00f3n, Munro nos invita a dar otra vuelta de tuerca que cambia el fluir de los acontecimientos y emociona al lector, mostrando hasta qu\u00e9 punto esa vida cotidiana que tanto nos cansa puede llegar a ser extraordinaria.Cierran el volumen unas p\u00e1ginas que Munro dedica a su propia vida, unas notas espl\u00e9ndidas donde lo personal se funde con la ficci\u00f3n, pues, en palabras de la misma autora\u00bbla autobiograf\u00eda vive en la forma, m\u00e1s que en el contenido.\u00bb\u00bbLa lectura que piden los cuentos de Mi vida querida no es la de la prosa sino la de la poes\u00eda&#8230; una revelaci\u00f3n de algo que no se agota porque est\u00e1 en las palabras y un poco m\u00e1s all\u00e1 de ellas.\u00bbAntonio Mu\u00f1oz Molina<\/p>\n","protected":false},"excerpt":{"rendered":"<p>\u00bfBastan un beso robado, un salto desde un tren en marcha, la sombra de una mujer que me rodea alrededor de una casa, una borrachera de media tarde o las preguntas arriesgadas de una ni\u00f1a para conformar un mundo que se baste a s\u00ed mismo y cuente la vida ent<\/p>\n","protected":false},"featured_media":6497,"template":"","meta":[],"product_brand":[1257],"product_cat":[29],"product_tag":[],"class_list":{"0":"post-6496","1":"product","2":"type-product","3":"status-publish","4":"has-post-thumbnail","6":"product_brand-alice-munro","7":"product_cat-novela","9":"first","10":"instock","11":"purchasable","12":"product-type-simple"},"featured_image_urls_v2":{"full":["https:\/\/ajupe.com.uy\/web\/wp-content\/uploads\/2016\/04\/p-6496-Mi_vida_querida_532a02f2cbd5c.jpg",218,335,false],"thumbnail":["https:\/\/ajupe.com.uy\/web\/wp-content\/uploads\/2016\/04\/p-6496-Mi_vida_querida_532a02f2cbd5c.jpg",150,150,true],"medium":["https:\/\/ajupe.com.uy\/web\/wp-content\/uploads\/2016\/04\/p-6496-Mi_vida_querida_532a02f2cbd5c.jpg",300,214,true],"medium_large":["https:\/\/ajupe.com.uy\/web\/wp-content\/uploads\/2016\/04\/p-6496-Mi_vida_querida_532a02f2cbd5c.jpg",218,335,false],"large":["https:\/\/ajupe.com.uy\/web\/wp-content\/uploads\/2016\/04\/p-6496-Mi_vida_querida_532a02f2cbd5c.jpg",218,335,false],"1536x1536":["https:\/\/ajupe.com.uy\/web\/wp-content\/uploads\/2016\/04\/p-6496-Mi_vida_querida_532a02f2cbd5c.jpg",218,335,false],"2048x2048":["https:\/\/ajupe.com.uy\/web\/wp-content\/uploads\/2016\/04\/p-6496-Mi_vida_querida_532a02f2cbd5c.jpg",218,335,false],"woocommerce_archive_thumbnail":["https:\/\/ajupe.com.uy\/web\/wp-content\/uploads\/2016\/04\/p-6496-Mi_vida_querida_532a02f2cbd5c-218x300.jpg",218,300,true],"woocommerce_thumbnail":["https:\/\/ajupe.com.uy\/web\/wp-content\/uploads\/2016\/04\/p-6496-Mi_vida_querida_532a02f2cbd5c-218x300.jpg",218,300,true],"woocommerce_single":["https:\/\/ajupe.com.uy\/web\/wp-content\/uploads\/2016\/04\/p-6496-Mi_vida_querida_532a02f2cbd5c.jpg",218,335,false],"woocommerce_gallery_thumbnail":["https:\/\/ajupe.com.uy\/web\/wp-content\/uploads\/2016\/04\/p-6496-Mi_vida_querida_532a02f2cbd5c-100x100.jpg",100,100,true]},"post_excerpt_stackable_v2":"<p>\u00bfBastan un beso robado, un salto desde un tren en marcha, la sombra de una mujer que me rodea alrededor de una casa, una borrachera de media tarde o las preguntas arriesgadas de una ni\u00f1a para conformar un mundo que se baste a s\u00ed mismo y cuente la vida ent<\/p>\n","category_list_v2":"","author_info_v2":{"name":"","url":""},"comments_num_v2":"0 comentarios","_links":{"self":[{"href":"https:\/\/ajupe.com.uy\/web\/wp-json\/wp\/v2\/product\/6496","targetHints":{"allow":["GET"]}}],"collection":[{"href":"https:\/\/ajupe.com.uy\/web\/wp-json\/wp\/v2\/product"}],"about":[{"href":"https:\/\/ajupe.com.uy\/web\/wp-json\/wp\/v2\/types\/product"}],"wp:featuredmedia":[{"embeddable":true,"href":"https:\/\/ajupe.com.uy\/web\/wp-json\/wp\/v2\/media\/6497"}],"wp:attachment":[{"href":"https:\/\/ajupe.com.uy\/web\/wp-json\/wp\/v2\/media?parent=6496"}],"wp:term":[{"taxonomy":"product_brand","embeddable":true,"href":"https:\/\/ajupe.com.uy\/web\/wp-json\/wp\/v2\/product_brand?post=6496"},{"taxonomy":"product_cat","embeddable":true,"href":"https:\/\/ajupe.com.uy\/web\/wp-json\/wp\/v2\/product_cat?post=6496"},{"taxonomy":"product_tag","embeddable":true,"href":"https:\/\/ajupe.com.uy\/web\/wp-json\/wp\/v2\/product_tag?post=6496"}],"curies":[{"name":"wp","href":"https:\/\/api.w.org\/{rel}","templated":true}]}}