{"id":6499,"date":"2014-03-26T17:19:00","date_gmt":"2014-03-26T20:19:00","guid":{"rendered":"http:\/\/ajupe.com.uy\/web\/?post_type=product&#038;p=6499"},"modified":"2014-03-26T17:19:00","modified_gmt":"2014-03-26T20:19:00","slug":"diez-minutos","status":"publish","type":"product","link":"https:\/\/ajupe.com.uy\/web\/biblioteca\/diez-minutos\/","title":{"rendered":"Diez Minutos"},"content":{"rendered":"<p>El tiempo se detiene, se acelera, se enlentece, se expande, se acaba.  Un hombre ans\u00eda que su padre pronuncie su nombre para saber que existe.  Pero tiene solo diez minutos para hacer que lo reconozca, que encuentre  en \u00e9l a su hijo, el \u00fanico que le queda, el de siempre.<\/p>\n<p>La vida familiar est\u00e1 instalada entre ellos en jirones de pasado  feliz; pero el padre piensa que ese extra\u00f1o que le han puesto enfrente  no es su hijo, que lo han enga\u00f1ado, que es un loco, que le mienten. De  fondo, voces imperativas, perros al acecho, armas listas, una ventana  que filtra la esquiva luz del sol y una puerta que volver\u00e1 a cerrarse  sin remedio.<\/p>\n<p>Esta obra de Mauricio Rosencof es un hito literario y\u00a0 testimonial  sobre su propia vida de preso pol\u00edtico, cautivo de la dictadura  sanguinaria que destroz\u00f3 familias, trastorn\u00f3 afectos, y puso a prueba  v\u00ednculos y toda humana resistencia.<\/p>\n","protected":false},"excerpt":{"rendered":"<p>El tiempo se detiene, se acelera, se enlentece, se expande, se acaba. Un hombre ans\u00eda que su padre pronuncie su nombre para saber que existe. Pero tiene solo diez minutos para hacer que lo reconozca, que encuentre en \u00e9l a su hijo, el \u00fanico que le queda, e<\/p>\n","protected":false},"featured_media":6500,"template":"","meta":[],"product_brand":[250],"product_cat":[29],"product_tag":[],"class_list":{"0":"post-6499","1":"product","2":"type-product","3":"status-publish","4":"has-post-thumbnail","6":"product_brand-mauricio-rosencof","7":"product_cat-novela","9":"first","10":"instock","11":"purchasable","12":"product-type-simple"},"featured_image_urls_v2":{"full":["https:\/\/ajupe.com.uy\/web\/wp-content\/uploads\/2016\/04\/p-6499-Diez_Minutos_53330c043aefa.jpg",219,352,false],"thumbnail":["https:\/\/ajupe.com.uy\/web\/wp-content\/uploads\/2016\/04\/p-6499-Diez_Minutos_53330c043aefa.jpg",150,150,true],"medium":["https:\/\/ajupe.com.uy\/web\/wp-content\/uploads\/2016\/04\/p-6499-Diez_Minutos_53330c043aefa.jpg",300,214,true],"medium_large":["https:\/\/ajupe.com.uy\/web\/wp-content\/uploads\/2016\/04\/p-6499-Diez_Minutos_53330c043aefa.jpg",219,352,false],"large":["https:\/\/ajupe.com.uy\/web\/wp-content\/uploads\/2016\/04\/p-6499-Diez_Minutos_53330c043aefa.jpg",219,352,false],"1536x1536":["https:\/\/ajupe.com.uy\/web\/wp-content\/uploads\/2016\/04\/p-6499-Diez_Minutos_53330c043aefa.jpg",219,352,false],"2048x2048":["https:\/\/ajupe.com.uy\/web\/wp-content\/uploads\/2016\/04\/p-6499-Diez_Minutos_53330c043aefa.jpg",219,352,false],"woocommerce_archive_thumbnail":["https:\/\/ajupe.com.uy\/web\/wp-content\/uploads\/2016\/04\/p-6499-Diez_Minutos_53330c043aefa-219x300.jpg",219,300,true],"woocommerce_thumbnail":["https:\/\/ajupe.com.uy\/web\/wp-content\/uploads\/2016\/04\/p-6499-Diez_Minutos_53330c043aefa-219x300.jpg",219,300,true],"woocommerce_single":["https:\/\/ajupe.com.uy\/web\/wp-content\/uploads\/2016\/04\/p-6499-Diez_Minutos_53330c043aefa.jpg",219,352,false],"woocommerce_gallery_thumbnail":["https:\/\/ajupe.com.uy\/web\/wp-content\/uploads\/2016\/04\/p-6499-Diez_Minutos_53330c043aefa-100x100.jpg",100,100,true]},"post_excerpt_stackable_v2":"<p>El tiempo se detiene, se acelera, se enlentece, se expande, se acaba. Un hombre ans\u00eda que su padre pronuncie su nombre para saber que existe. Pero tiene solo diez minutos para hacer que lo reconozca, que encuentre en \u00e9l a su hijo, el \u00fanico que le queda, e<\/p>\n","category_list_v2":"","author_info_v2":{"name":"","url":""},"comments_num_v2":"0 comentarios","_links":{"self":[{"href":"https:\/\/ajupe.com.uy\/web\/wp-json\/wp\/v2\/product\/6499","targetHints":{"allow":["GET"]}}],"collection":[{"href":"https:\/\/ajupe.com.uy\/web\/wp-json\/wp\/v2\/product"}],"about":[{"href":"https:\/\/ajupe.com.uy\/web\/wp-json\/wp\/v2\/types\/product"}],"wp:featuredmedia":[{"embeddable":true,"href":"https:\/\/ajupe.com.uy\/web\/wp-json\/wp\/v2\/media\/6500"}],"wp:attachment":[{"href":"https:\/\/ajupe.com.uy\/web\/wp-json\/wp\/v2\/media?parent=6499"}],"wp:term":[{"taxonomy":"product_brand","embeddable":true,"href":"https:\/\/ajupe.com.uy\/web\/wp-json\/wp\/v2\/product_brand?post=6499"},{"taxonomy":"product_cat","embeddable":true,"href":"https:\/\/ajupe.com.uy\/web\/wp-json\/wp\/v2\/product_cat?post=6499"},{"taxonomy":"product_tag","embeddable":true,"href":"https:\/\/ajupe.com.uy\/web\/wp-json\/wp\/v2\/product_tag?post=6499"}],"curies":[{"name":"wp","href":"https:\/\/api.w.org\/{rel}","templated":true}]}}