{"id":6508,"date":"2014-03-26T17:33:20","date_gmt":"2014-03-26T20:33:20","guid":{"rendered":"http:\/\/ajupe.com.uy\/web\/?post_type=product&#038;p=6508"},"modified":"2014-03-26T17:33:20","modified_gmt":"2014-03-26T20:33:20","slug":"el-contrato","status":"publish","type":"product","link":"https:\/\/ajupe.com.uy\/web\/biblioteca\/el-contrato\/","title":{"rendered":"El contrato"},"content":{"rendered":"<p>Una mujer aparece misteriosamente muerta en una embarcaci\u00f3n de ocio en  el archipi\u00e9lago de Estocolmo. Su cuerpo est\u00e1 seco, pero la autopsia  demuestra que sus pulmones est\u00e1n llenos de agua. Al d\u00eda siguiente, Carl  Palmcrona, presidente de la ISP, la Inspecci\u00f3n de Productos  Estrat\u00e9gicos, aparece ahorcado en su casa sin que a primera vista se  pueda afi rmar si se trata de un suicidio o un asesinato. El detective  Joona Linna ser\u00e1 el encargado de intentar establece un v\u00ednculo entre  estos dos sucesos, que, a primera vista, parecen no tener nada que  ver&#8230;<\/p>\n","protected":false},"excerpt":{"rendered":"<p>Una mujer aparece misteriosamente muerta en una embarcaci\u00f3n de ocio en el archipi\u00e9lago de Estocolmo. Su cuerpo est\u00e1 seco, pero la autopsia demuestra que sus pulmones est\u00e1n llenos de agua.<\/p>\n","protected":false},"featured_media":6509,"template":"","meta":[],"product_brand":[1202],"product_cat":[48],"product_tag":[],"class_list":{"0":"post-6508","1":"product","2":"type-product","3":"status-publish","4":"has-post-thumbnail","6":"product_brand-lars-kepler","7":"product_cat-thrillers","9":"first","10":"instock","11":"purchasable","12":"product-type-simple"},"featured_image_urls_v2":{"full":["https:\/\/ajupe.com.uy\/web\/wp-content\/uploads\/2016\/04\/p-6508-El_contrato_53330f602e978.jpg",184,280,false],"thumbnail":["https:\/\/ajupe.com.uy\/web\/wp-content\/uploads\/2016\/04\/p-6508-El_contrato_53330f602e978.jpg",150,150,true],"medium":["https:\/\/ajupe.com.uy\/web\/wp-content\/uploads\/2016\/04\/p-6508-El_contrato_53330f602e978.jpg",300,214,true],"medium_large":["https:\/\/ajupe.com.uy\/web\/wp-content\/uploads\/2016\/04\/p-6508-El_contrato_53330f602e978.jpg",184,280,false],"large":["https:\/\/ajupe.com.uy\/web\/wp-content\/uploads\/2016\/04\/p-6508-El_contrato_53330f602e978.jpg",184,280,false],"1536x1536":["https:\/\/ajupe.com.uy\/web\/wp-content\/uploads\/2016\/04\/p-6508-El_contrato_53330f602e978.jpg",184,280,false],"2048x2048":["https:\/\/ajupe.com.uy\/web\/wp-content\/uploads\/2016\/04\/p-6508-El_contrato_53330f602e978.jpg",184,280,false],"woocommerce_archive_thumbnail":["https:\/\/ajupe.com.uy\/web\/wp-content\/uploads\/2016\/04\/p-6508-El_contrato_53330f602e978.jpg",184,280,false],"woocommerce_thumbnail":["https:\/\/ajupe.com.uy\/web\/wp-content\/uploads\/2016\/04\/p-6508-El_contrato_53330f602e978.jpg",184,280,false],"woocommerce_single":["https:\/\/ajupe.com.uy\/web\/wp-content\/uploads\/2016\/04\/p-6508-El_contrato_53330f602e978.jpg",184,280,false],"woocommerce_gallery_thumbnail":["https:\/\/ajupe.com.uy\/web\/wp-content\/uploads\/2016\/04\/p-6508-El_contrato_53330f602e978-100x100.jpg",100,100,true]},"post_excerpt_stackable_v2":"<p>Una mujer aparece misteriosamente muerta en una embarcaci\u00f3n de ocio en el archipi\u00e9lago de Estocolmo. Su cuerpo est\u00e1 seco, pero la autopsia demuestra que sus pulmones est\u00e1n llenos de agua.<\/p>\n","category_list_v2":"","author_info_v2":{"name":"","url":""},"comments_num_v2":"0 comentarios","_links":{"self":[{"href":"https:\/\/ajupe.com.uy\/web\/wp-json\/wp\/v2\/product\/6508","targetHints":{"allow":["GET"]}}],"collection":[{"href":"https:\/\/ajupe.com.uy\/web\/wp-json\/wp\/v2\/product"}],"about":[{"href":"https:\/\/ajupe.com.uy\/web\/wp-json\/wp\/v2\/types\/product"}],"wp:featuredmedia":[{"embeddable":true,"href":"https:\/\/ajupe.com.uy\/web\/wp-json\/wp\/v2\/media\/6509"}],"wp:attachment":[{"href":"https:\/\/ajupe.com.uy\/web\/wp-json\/wp\/v2\/media?parent=6508"}],"wp:term":[{"taxonomy":"product_brand","embeddable":true,"href":"https:\/\/ajupe.com.uy\/web\/wp-json\/wp\/v2\/product_brand?post=6508"},{"taxonomy":"product_cat","embeddable":true,"href":"https:\/\/ajupe.com.uy\/web\/wp-json\/wp\/v2\/product_cat?post=6508"},{"taxonomy":"product_tag","embeddable":true,"href":"https:\/\/ajupe.com.uy\/web\/wp-json\/wp\/v2\/product_tag?post=6508"}],"curies":[{"name":"wp","href":"https:\/\/api.w.org\/{rel}","templated":true}]}}