{"id":6511,"date":"2014-03-26T17:36:54","date_gmt":"2014-03-26T20:36:54","guid":{"rendered":"http:\/\/ajupe.com.uy\/web\/?post_type=product&#038;p=6511"},"modified":"2014-03-26T17:36:54","modified_gmt":"2014-03-26T20:36:54","slug":"el-francotirador-paciente","status":"publish","type":"product","link":"https:\/\/ajupe.com.uy\/web\/biblioteca\/el-francotirador-paciente\/","title":{"rendered":"El francotirador paciente"},"content":{"rendered":"<p>La ciudad es un campo de batalla. Un artista callejero lanza desaf\u00edos  como si fueran bombas. El \u00fanico arte posible es un ajuste de cuentas.  <br \/> Un encargo editorial pone a Alejandra Varela, especialista en arte  urbano, tras la pista de Sniper, un reconocido artista del grafiti,  promotor de acciones callejeras al l\u00edmite de la legalidad \u0097algunas de  ellas con resultados fatales\u0097 del que casi nadie ha visto jam\u00e1s el  rostro ni conoce el paradero. La b\u00fasqueda conducir\u00e1 a la protagonista de  Madrid a Lisboa, y de ah\u00ed a Verona y N\u00e1poles en su intento por  descifrar cu\u00e1l es el objetivo al que apunta la mira mortal del cazador  solitario.<\/p>\n<p> <em>El francotirador paciente<\/em> es un thriller que apasiona, un  formidable duelo de inteligencias, un juego al l\u00edmite entre perseguidor y  presa. Porque el tiempo no es lo m\u00e1s importante cuando quedan cuentas  pendientes.<\/p>\n","protected":false},"excerpt":{"rendered":"<p>El francotirador paciente es un thriller que apasiona, un formidable duelo de inteligencias, un juego al l\u00edmite entre perseguidor y presa. Porque el tiempo no es lo m\u00e1s importante cuando quedan cuentas pendientes.<\/p>\n","protected":false},"featured_media":6512,"template":"","meta":[],"product_brand":[262],"product_cat":[48],"product_tag":[],"class_list":{"0":"post-6511","1":"product","2":"type-product","3":"status-publish","4":"has-post-thumbnail","6":"product_brand-arturo-perez-reverte","7":"product_cat-thrillers","9":"first","10":"instock","11":"purchasable","12":"product-type-simple"},"featured_image_urls_v2":{"full":["https:\/\/ajupe.com.uy\/web\/wp-content\/uploads\/2016\/04\/p-6511-El_francotirador_53331036090d7.jpg",219,351,false],"thumbnail":["https:\/\/ajupe.com.uy\/web\/wp-content\/uploads\/2016\/04\/p-6511-El_francotirador_53331036090d7.jpg",150,150,true],"medium":["https:\/\/ajupe.com.uy\/web\/wp-content\/uploads\/2016\/04\/p-6511-El_francotirador_53331036090d7.jpg",300,214,true],"medium_large":["https:\/\/ajupe.com.uy\/web\/wp-content\/uploads\/2016\/04\/p-6511-El_francotirador_53331036090d7.jpg",219,351,false],"large":["https:\/\/ajupe.com.uy\/web\/wp-content\/uploads\/2016\/04\/p-6511-El_francotirador_53331036090d7.jpg",219,351,false],"1536x1536":["https:\/\/ajupe.com.uy\/web\/wp-content\/uploads\/2016\/04\/p-6511-El_francotirador_53331036090d7.jpg",219,351,false],"2048x2048":["https:\/\/ajupe.com.uy\/web\/wp-content\/uploads\/2016\/04\/p-6511-El_francotirador_53331036090d7.jpg",219,351,false],"woocommerce_archive_thumbnail":["https:\/\/ajupe.com.uy\/web\/wp-content\/uploads\/2016\/04\/p-6511-El_francotirador_53331036090d7-219x300.jpg",219,300,true],"woocommerce_thumbnail":["https:\/\/ajupe.com.uy\/web\/wp-content\/uploads\/2016\/04\/p-6511-El_francotirador_53331036090d7-219x300.jpg",219,300,true],"woocommerce_single":["https:\/\/ajupe.com.uy\/web\/wp-content\/uploads\/2016\/04\/p-6511-El_francotirador_53331036090d7.jpg",219,351,false],"woocommerce_gallery_thumbnail":["https:\/\/ajupe.com.uy\/web\/wp-content\/uploads\/2016\/04\/p-6511-El_francotirador_53331036090d7-100x100.jpg",100,100,true]},"post_excerpt_stackable_v2":"<p>El francotirador paciente es un thriller que apasiona, un formidable duelo de inteligencias, un juego al l\u00edmite entre perseguidor y presa. Porque el tiempo no es lo m\u00e1s importante cuando quedan cuentas pendientes.<\/p>\n","category_list_v2":"","author_info_v2":{"name":"","url":""},"comments_num_v2":"0 comentarios","_links":{"self":[{"href":"https:\/\/ajupe.com.uy\/web\/wp-json\/wp\/v2\/product\/6511","targetHints":{"allow":["GET"]}}],"collection":[{"href":"https:\/\/ajupe.com.uy\/web\/wp-json\/wp\/v2\/product"}],"about":[{"href":"https:\/\/ajupe.com.uy\/web\/wp-json\/wp\/v2\/types\/product"}],"wp:featuredmedia":[{"embeddable":true,"href":"https:\/\/ajupe.com.uy\/web\/wp-json\/wp\/v2\/media\/6512"}],"wp:attachment":[{"href":"https:\/\/ajupe.com.uy\/web\/wp-json\/wp\/v2\/media?parent=6511"}],"wp:term":[{"taxonomy":"product_brand","embeddable":true,"href":"https:\/\/ajupe.com.uy\/web\/wp-json\/wp\/v2\/product_brand?post=6511"},{"taxonomy":"product_cat","embeddable":true,"href":"https:\/\/ajupe.com.uy\/web\/wp-json\/wp\/v2\/product_cat?post=6511"},{"taxonomy":"product_tag","embeddable":true,"href":"https:\/\/ajupe.com.uy\/web\/wp-json\/wp\/v2\/product_tag?post=6511"}],"curies":[{"name":"wp","href":"https:\/\/api.w.org\/{rel}","templated":true}]}}