{"id":6517,"date":"2014-03-26T17:45:43","date_gmt":"2014-03-26T20:45:43","guid":{"rendered":"http:\/\/ajupe.com.uy\/web\/?post_type=product&#038;p=6517"},"modified":"2014-03-26T17:45:43","modified_gmt":"2014-03-26T20:45:43","slug":"crimen-en-directo","status":"publish","type":"product","link":"https:\/\/ajupe.com.uy\/web\/biblioteca\/crimen-en-directo\/","title":{"rendered":"Crimen en directo"},"content":{"rendered":"<p>La ciudad costera de Fj\u00e4llbacka vuelve a ser el escenario de misteriosos cr\u00edmenes <br \/>que requerir\u00e1n todo el ingenio y el tes\u00f3n del comisario Patrik Hedstr\u00f6m para ser resueltos. <br \/><strong>Camilla L\u00e4ckberg<\/strong> introduce magistralmente el tema de la telerrealidad en su trama  polic\u00edaca, mostrando c\u00f3mo el af\u00e1n por la audiencia a cualquier precio  puede tener funestas consecuencias. Patrik y Erica siguen disfrutando de  su idilio en el pueblo de Fj\u00e4llbacka, ahora acompa\u00f1ados por su beb\u00e9, la  peque\u00f1aMaja, que ya tiene ochomeses.Mientras la joven pareja est\u00e1  plenamente volcada en los preparativos de su pr\u00f3xima boda, los asuntos  en la comisar\u00eda, donde Patrik trabaja, siguen su curso rutinario. Pero  el alcalde re\u00fane al pleno del ayuntamiento para anunciar la llegada a  Tanum de un equipo de televisi\u00f3n para filmar un reality-show bastante  escandaloso llamado \u00abFucking Tanum\u00bb que, supuestamente, deber\u00eda reportar  unos jugosos beneficios a la poblaci\u00f3n y que va a suponer en realidad  una aut\u00e9ntica pesadilla. <br \/>Poco despu\u00e9s, Patrik debe investigar la  muerte de una mujer, v\u00edctima de un accidente de tr\u00e1fico. Aparentemente  lamujer bebi\u00f3m\u00e1s de la cuenta, pero a Patrik le llaman la atenci\u00f3n unas  extra\u00f1as marcas en el cuello de la v\u00edctima y descubre muy pronto que  existe una misteriosa relaci\u00f3n entre ese crimen y otros asesinatos que  tuvieron lugar en el pasado en distintos lugares de Suecia. Al lado de  todos los cuerpos hab\u00eda una p\u00e1gina del cuento infantil Hansel y Gretel.  Mientras tanto, el productor del programa, consciente de que amayor  esc\u00e1ndalo,mayor \u00edndice de audiencia, alimenta los conflictos entre el  grupo de participantes.<\/p>\n","protected":false},"excerpt":{"rendered":"<p>La ciudad costera de Fj\u00e4llbacka vuelve a ser el escenario de misteriosos cr\u00edmenes<br \/>\nque requerir\u00e1n todo el ingenio y el tes\u00f3n del comisario Patrik Hedstr\u00f6m para ser resueltos.<\/p>\n","protected":false},"featured_media":6518,"template":"","meta":[],"product_brand":[1254],"product_cat":[48],"product_tag":[],"class_list":{"0":"post-6517","1":"product","2":"type-product","3":"status-publish","4":"has-post-thumbnail","6":"product_brand-camilla-lackberg","7":"product_cat-thrillers","9":"first","10":"instock","11":"purchasable","12":"product-type-simple"},"featured_image_urls_v2":{"full":["https:\/\/ajupe.com.uy\/web\/wp-content\/uploads\/2016\/04\/p-6517-Crimen_en_direct_5333124744494.jpg",182,276,false],"thumbnail":["https:\/\/ajupe.com.uy\/web\/wp-content\/uploads\/2016\/04\/p-6517-Crimen_en_direct_5333124744494.jpg",150,150,true],"medium":["https:\/\/ajupe.com.uy\/web\/wp-content\/uploads\/2016\/04\/p-6517-Crimen_en_direct_5333124744494.jpg",300,214,true],"medium_large":["https:\/\/ajupe.com.uy\/web\/wp-content\/uploads\/2016\/04\/p-6517-Crimen_en_direct_5333124744494.jpg",182,276,false],"large":["https:\/\/ajupe.com.uy\/web\/wp-content\/uploads\/2016\/04\/p-6517-Crimen_en_direct_5333124744494.jpg",182,276,false],"1536x1536":["https:\/\/ajupe.com.uy\/web\/wp-content\/uploads\/2016\/04\/p-6517-Crimen_en_direct_5333124744494.jpg",182,276,false],"2048x2048":["https:\/\/ajupe.com.uy\/web\/wp-content\/uploads\/2016\/04\/p-6517-Crimen_en_direct_5333124744494.jpg",182,276,false],"woocommerce_archive_thumbnail":["https:\/\/ajupe.com.uy\/web\/wp-content\/uploads\/2016\/04\/p-6517-Crimen_en_direct_5333124744494.jpg",182,276,false],"woocommerce_thumbnail":["https:\/\/ajupe.com.uy\/web\/wp-content\/uploads\/2016\/04\/p-6517-Crimen_en_direct_5333124744494.jpg",182,276,false],"woocommerce_single":["https:\/\/ajupe.com.uy\/web\/wp-content\/uploads\/2016\/04\/p-6517-Crimen_en_direct_5333124744494.jpg",182,276,false],"woocommerce_gallery_thumbnail":["https:\/\/ajupe.com.uy\/web\/wp-content\/uploads\/2016\/04\/p-6517-Crimen_en_direct_5333124744494-100x100.jpg",100,100,true]},"post_excerpt_stackable_v2":"<p>La ciudad costera de Fj\u00e4llbacka vuelve a ser el escenario de misteriosos cr\u00edmenes<br \/>\nque requerir\u00e1n todo el ingenio y el tes\u00f3n del comisario Patrik Hedstr\u00f6m para ser resueltos.<\/p>\n","category_list_v2":"","author_info_v2":{"name":"","url":""},"comments_num_v2":"0 comentarios","_links":{"self":[{"href":"https:\/\/ajupe.com.uy\/web\/wp-json\/wp\/v2\/product\/6517","targetHints":{"allow":["GET"]}}],"collection":[{"href":"https:\/\/ajupe.com.uy\/web\/wp-json\/wp\/v2\/product"}],"about":[{"href":"https:\/\/ajupe.com.uy\/web\/wp-json\/wp\/v2\/types\/product"}],"wp:featuredmedia":[{"embeddable":true,"href":"https:\/\/ajupe.com.uy\/web\/wp-json\/wp\/v2\/media\/6518"}],"wp:attachment":[{"href":"https:\/\/ajupe.com.uy\/web\/wp-json\/wp\/v2\/media?parent=6517"}],"wp:term":[{"taxonomy":"product_brand","embeddable":true,"href":"https:\/\/ajupe.com.uy\/web\/wp-json\/wp\/v2\/product_brand?post=6517"},{"taxonomy":"product_cat","embeddable":true,"href":"https:\/\/ajupe.com.uy\/web\/wp-json\/wp\/v2\/product_cat?post=6517"},{"taxonomy":"product_tag","embeddable":true,"href":"https:\/\/ajupe.com.uy\/web\/wp-json\/wp\/v2\/product_tag?post=6517"}],"curies":[{"name":"wp","href":"https:\/\/api.w.org\/{rel}","templated":true}]}}