{"id":6520,"date":"2014-03-26T17:50:08","date_gmt":"2014-03-26T20:50:08","guid":{"rendered":"http:\/\/ajupe.com.uy\/web\/?post_type=product&#038;p=6520"},"modified":"2014-03-26T17:50:08","modified_gmt":"2014-03-26T20:50:08","slug":"contame-una-cancion","status":"publish","type":"product","link":"https:\/\/ajupe.com.uy\/web\/biblioteca\/contame-una-cancion\/","title":{"rendered":"Contame una cancion"},"content":{"rendered":"<p>Con apoyo del Fonam y los Fondos de Incentivo Cultural del MEC, Manuel  Moreira public\u00f3 \u00abContame una Canci\u00f3n\u00bb, libro donde reuni\u00f3 51 entrevistas  a cantautores uruguayos.<\/p>\n<p>\u201cDe chico toqu\u00e9 guitarra, compuse alguna cosa m\u00eda y siempre me llam\u00f3 la  atenci\u00f3n el mundo de la canci\u00f3n, me acuerdo de entrar a la biblioteca y  buscar libros sobre canciones\u201d dijo Manuel Moreira en <strong><em>La Cuchara.<\/em><\/strong><\/p>\n<p>El autor dijo haber escrito el libro \u201cde atrevido\u201d, pues no es periodista sino docente de m\u00fasica, seg\u00fan remarc\u00f3.<\/p>\n<p>La idea del  proyecto surgi\u00f3 a partir de una serie de entrevistas que realiz\u00f3 en 2007  a los cantautores Gast\u00f3n Ciarlo, Alejandro Ferrad\u00e1s, Jorge Galemire y  Mandrake Wolf.<\/p>\n","protected":false},"excerpt":{"rendered":"<p>Con apoyo del Fonam y los Fondos de Incentivo Cultural del MEC, Manuel Moreira public\u00f3 \u00abContame una Canci\u00f3n\u00bb, libro donde reuni\u00f3 51 entrevistas a cantautores uruguayos.<\/p>\n","protected":false},"featured_media":6521,"template":"","meta":[],"product_brand":[121],"product_cat":[45],"product_tag":[],"class_list":{"0":"post-6520","1":"product","2":"type-product","3":"status-publish","4":"has-post-thumbnail","6":"product_brand-a-j-quinnell","7":"product_cat-uruguayo","9":"first","10":"instock","11":"purchasable","12":"product-type-simple"},"featured_image_urls_v2":{"full":["https:\/\/ajupe.com.uy\/web\/wp-content\/uploads\/2016\/04\/p-6520-Contame_una_canc_5333134ff2aa6.jpg",247,350,false],"thumbnail":["https:\/\/ajupe.com.uy\/web\/wp-content\/uploads\/2016\/04\/p-6520-Contame_una_canc_5333134ff2aa6.jpg",150,150,true],"medium":["https:\/\/ajupe.com.uy\/web\/wp-content\/uploads\/2016\/04\/p-6520-Contame_una_canc_5333134ff2aa6.jpg",300,214,true],"medium_large":["https:\/\/ajupe.com.uy\/web\/wp-content\/uploads\/2016\/04\/p-6520-Contame_una_canc_5333134ff2aa6.jpg",247,350,false],"large":["https:\/\/ajupe.com.uy\/web\/wp-content\/uploads\/2016\/04\/p-6520-Contame_una_canc_5333134ff2aa6.jpg",247,350,false],"1536x1536":["https:\/\/ajupe.com.uy\/web\/wp-content\/uploads\/2016\/04\/p-6520-Contame_una_canc_5333134ff2aa6.jpg",247,350,false],"2048x2048":["https:\/\/ajupe.com.uy\/web\/wp-content\/uploads\/2016\/04\/p-6520-Contame_una_canc_5333134ff2aa6.jpg",247,350,false],"woocommerce_archive_thumbnail":["https:\/\/ajupe.com.uy\/web\/wp-content\/uploads\/2016\/04\/p-6520-Contame_una_canc_5333134ff2aa6-247x300.jpg",247,300,true],"woocommerce_thumbnail":["https:\/\/ajupe.com.uy\/web\/wp-content\/uploads\/2016\/04\/p-6520-Contame_una_canc_5333134ff2aa6-247x300.jpg",247,300,true],"woocommerce_single":["https:\/\/ajupe.com.uy\/web\/wp-content\/uploads\/2016\/04\/p-6520-Contame_una_canc_5333134ff2aa6.jpg",247,350,false],"woocommerce_gallery_thumbnail":["https:\/\/ajupe.com.uy\/web\/wp-content\/uploads\/2016\/04\/p-6520-Contame_una_canc_5333134ff2aa6-100x100.jpg",100,100,true]},"post_excerpt_stackable_v2":"<p>Con apoyo del Fonam y los Fondos de Incentivo Cultural del MEC, Manuel Moreira public\u00f3 \u00abContame una Canci\u00f3n\u00bb, libro donde reuni\u00f3 51 entrevistas a cantautores uruguayos.<\/p>\n","category_list_v2":"","author_info_v2":{"name":"","url":""},"comments_num_v2":"0 comentarios","_links":{"self":[{"href":"https:\/\/ajupe.com.uy\/web\/wp-json\/wp\/v2\/product\/6520","targetHints":{"allow":["GET"]}}],"collection":[{"href":"https:\/\/ajupe.com.uy\/web\/wp-json\/wp\/v2\/product"}],"about":[{"href":"https:\/\/ajupe.com.uy\/web\/wp-json\/wp\/v2\/types\/product"}],"wp:featuredmedia":[{"embeddable":true,"href":"https:\/\/ajupe.com.uy\/web\/wp-json\/wp\/v2\/media\/6521"}],"wp:attachment":[{"href":"https:\/\/ajupe.com.uy\/web\/wp-json\/wp\/v2\/media?parent=6520"}],"wp:term":[{"taxonomy":"product_brand","embeddable":true,"href":"https:\/\/ajupe.com.uy\/web\/wp-json\/wp\/v2\/product_brand?post=6520"},{"taxonomy":"product_cat","embeddable":true,"href":"https:\/\/ajupe.com.uy\/web\/wp-json\/wp\/v2\/product_cat?post=6520"},{"taxonomy":"product_tag","embeddable":true,"href":"https:\/\/ajupe.com.uy\/web\/wp-json\/wp\/v2\/product_tag?post=6520"}],"curies":[{"name":"wp","href":"https:\/\/api.w.org\/{rel}","templated":true}]}}