{"id":6538,"date":"2014-03-26T18:47:22","date_gmt":"2014-03-26T21:47:22","guid":{"rendered":"http:\/\/ajupe.com.uy\/web\/?post_type=product&#038;p=6538"},"modified":"2014-03-26T18:47:22","modified_gmt":"2014-03-26T21:47:22","slug":"imhotep-el-inventor-de-la-eternidad","status":"publish","type":"product","link":"https:\/\/ajupe.com.uy\/web\/biblioteca\/imhotep-el-inventor-de-la-eternidad\/","title":{"rendered":"Imhotep el inventor de la eternidad"},"content":{"rendered":"<p>Con m\u00e1s de 27 millones de ejemplares vendidos en todo el mundo, y traducido a m\u00e1s de treinta pa\u00edses, <strong>Christian Jacq<\/strong> es uno de los autores franceses m\u00e1s le\u00eddos del mundo. Un bestseller  hist\u00f3rico de corte cl\u00e1sico. Un thriller fascinante sobre la construcci\u00f3n  de la primera pir\u00e1mide y la aceptaci\u00f3n del concepto de vida eterna.<\/p>\n<p>Imhotep se encuentra solo. Su padre acaba de fallecer y por vez  primera en su vida siente la presencia del mal, algo que a partir de  ahora se har\u00e1 presente en su vida y le obligar\u00e1 a una gran lucha a la  vez que a superarse en conocimiento. \u00c9l ser\u00e1 el encargado de construir  la primera pir\u00e1mide para otro hombre que, no muy lejos de all\u00ed, tambi\u00e9n  est\u00e1 forjando su destino: el pr\u00edncipe Dj\u00e9ser, indicado como pr\u00f3ximo  fara\u00f3n a la muerte de su padre. Pero alguien no est\u00e1 dispuesto a  pon\u00e9rselo tan f\u00e1cil al heredero y la lucha entre el mal y el bien se  volver\u00e1 encarnizada. Para llegar a la eternidad deber\u00e1n pagar un alto  precio\u2026<\/p>\n","protected":false},"excerpt":{"rendered":"<p>Con m\u00e1s de 27 millones de ejemplares vendidos en todo el mundo, y traducido a m\u00e1s de treinta pa\u00edses, Christian Jacq es uno de los autores franceses m\u00e1s le\u00eddos del mundo. Un bestseller hist\u00f3rico de corte cl\u00e1sico. Un thriller fascinante sobre la construcci\u00f3<\/p>\n","protected":false},"featured_media":6539,"template":"","meta":[],"product_brand":[222],"product_cat":[31,29],"product_tag":[],"class_list":{"0":"post-6538","1":"product","2":"type-product","3":"status-publish","4":"has-post-thumbnail","6":"product_brand-christian-jacq","7":"product_cat-historico","8":"product_cat-novela","10":"first","11":"instock","12":"purchasable","13":"product-type-simple"},"featured_image_urls_v2":{"full":["https:\/\/ajupe.com.uy\/web\/wp-content\/uploads\/2016\/04\/p-6538-Imhotep_el_inven_533320b9e37cb.jpg",219,336,false],"thumbnail":["https:\/\/ajupe.com.uy\/web\/wp-content\/uploads\/2016\/04\/p-6538-Imhotep_el_inven_533320b9e37cb.jpg",150,150,true],"medium":["https:\/\/ajupe.com.uy\/web\/wp-content\/uploads\/2016\/04\/p-6538-Imhotep_el_inven_533320b9e37cb.jpg",300,214,true],"medium_large":["https:\/\/ajupe.com.uy\/web\/wp-content\/uploads\/2016\/04\/p-6538-Imhotep_el_inven_533320b9e37cb.jpg",219,336,false],"large":["https:\/\/ajupe.com.uy\/web\/wp-content\/uploads\/2016\/04\/p-6538-Imhotep_el_inven_533320b9e37cb.jpg",219,336,false],"1536x1536":["https:\/\/ajupe.com.uy\/web\/wp-content\/uploads\/2016\/04\/p-6538-Imhotep_el_inven_533320b9e37cb.jpg",219,336,false],"2048x2048":["https:\/\/ajupe.com.uy\/web\/wp-content\/uploads\/2016\/04\/p-6538-Imhotep_el_inven_533320b9e37cb.jpg",219,336,false],"woocommerce_archive_thumbnail":["https:\/\/ajupe.com.uy\/web\/wp-content\/uploads\/2016\/04\/p-6538-Imhotep_el_inven_533320b9e37cb-219x300.jpg",219,300,true],"woocommerce_thumbnail":["https:\/\/ajupe.com.uy\/web\/wp-content\/uploads\/2016\/04\/p-6538-Imhotep_el_inven_533320b9e37cb-219x300.jpg",219,300,true],"woocommerce_single":["https:\/\/ajupe.com.uy\/web\/wp-content\/uploads\/2016\/04\/p-6538-Imhotep_el_inven_533320b9e37cb.jpg",219,336,false],"woocommerce_gallery_thumbnail":["https:\/\/ajupe.com.uy\/web\/wp-content\/uploads\/2016\/04\/p-6538-Imhotep_el_inven_533320b9e37cb-100x100.jpg",100,100,true]},"post_excerpt_stackable_v2":"<p>Con m\u00e1s de 27 millones de ejemplares vendidos en todo el mundo, y traducido a m\u00e1s de treinta pa\u00edses, Christian Jacq es uno de los autores franceses m\u00e1s le\u00eddos del mundo. Un bestseller hist\u00f3rico de corte cl\u00e1sico. Un thriller fascinante sobre la construcci\u00f3<\/p>\n","category_list_v2":"","author_info_v2":{"name":"","url":""},"comments_num_v2":"0 comentarios","_links":{"self":[{"href":"https:\/\/ajupe.com.uy\/web\/wp-json\/wp\/v2\/product\/6538","targetHints":{"allow":["GET"]}}],"collection":[{"href":"https:\/\/ajupe.com.uy\/web\/wp-json\/wp\/v2\/product"}],"about":[{"href":"https:\/\/ajupe.com.uy\/web\/wp-json\/wp\/v2\/types\/product"}],"wp:featuredmedia":[{"embeddable":true,"href":"https:\/\/ajupe.com.uy\/web\/wp-json\/wp\/v2\/media\/6539"}],"wp:attachment":[{"href":"https:\/\/ajupe.com.uy\/web\/wp-json\/wp\/v2\/media?parent=6538"}],"wp:term":[{"taxonomy":"product_brand","embeddable":true,"href":"https:\/\/ajupe.com.uy\/web\/wp-json\/wp\/v2\/product_brand?post=6538"},{"taxonomy":"product_cat","embeddable":true,"href":"https:\/\/ajupe.com.uy\/web\/wp-json\/wp\/v2\/product_cat?post=6538"},{"taxonomy":"product_tag","embeddable":true,"href":"https:\/\/ajupe.com.uy\/web\/wp-json\/wp\/v2\/product_tag?post=6538"}],"curies":[{"name":"wp","href":"https:\/\/api.w.org\/{rel}","templated":true}]}}