{"id":6547,"date":"2014-03-27T19:17:58","date_gmt":"2014-03-27T22:17:58","guid":{"rendered":"http:\/\/ajupe.com.uy\/web\/?post_type=product&#038;p=6547"},"modified":"2014-03-27T19:17:58","modified_gmt":"2014-03-27T22:17:58","slug":"doctor-sueno","status":"publish","type":"product","link":"https:\/\/ajupe.com.uy\/web\/biblioteca\/doctor-sueno\/","title":{"rendered":"Doctor sue\u00f1o"},"content":{"rendered":"<p>Stephen King vuelve a los personajes y al territorio de una de sus  novelas m\u00e1s emblem\u00e1ticas, El resplandor. Danny Torrance ahora es un  adulto, y su particular destino le llevar\u00e1 a salvar a una ni\u00f1a de 12  a\u00f1os (que tambi\u00e9n posee un don especial) de una tribu de gente asesina y  con poderes ps\u00edquicos.<\/p>\n","protected":false},"excerpt":{"rendered":"<p>Stephen King vuelve a los personajes y al territorio de una de sus novelas m\u00e1s emblem\u00e1ticas, El resplandor. Danny Torrance ahora es un adulto, y su particular destino le llevar\u00e1 a salvar a una ni\u00f1a de 12 a\u00f1os (que tambi\u00e9n posee un don especial) de una tri<\/p>\n","protected":false},"featured_media":6548,"template":"","meta":[],"product_brand":[115],"product_cat":[30],"product_tag":[],"class_list":{"0":"post-6547","1":"product","2":"type-product","3":"status-publish","4":"has-post-thumbnail","6":"product_brand-stephen-king","7":"product_cat-suspenso","9":"first","10":"instock","11":"purchasable","12":"product-type-simple"},"featured_image_urls_v2":{"full":["https:\/\/ajupe.com.uy\/web\/wp-content\/uploads\/2016\/04\/p-6547-Doctor_sue__o_533479665cca9.jpg",225,329,false],"thumbnail":["https:\/\/ajupe.com.uy\/web\/wp-content\/uploads\/2016\/04\/p-6547-Doctor_sue__o_533479665cca9.jpg",150,150,true],"medium":["https:\/\/ajupe.com.uy\/web\/wp-content\/uploads\/2016\/04\/p-6547-Doctor_sue__o_533479665cca9.jpg",300,214,true],"medium_large":["https:\/\/ajupe.com.uy\/web\/wp-content\/uploads\/2016\/04\/p-6547-Doctor_sue__o_533479665cca9.jpg",225,329,false],"large":["https:\/\/ajupe.com.uy\/web\/wp-content\/uploads\/2016\/04\/p-6547-Doctor_sue__o_533479665cca9.jpg",225,329,false],"1536x1536":["https:\/\/ajupe.com.uy\/web\/wp-content\/uploads\/2016\/04\/p-6547-Doctor_sue__o_533479665cca9.jpg",225,329,false],"2048x2048":["https:\/\/ajupe.com.uy\/web\/wp-content\/uploads\/2016\/04\/p-6547-Doctor_sue__o_533479665cca9.jpg",225,329,false],"woocommerce_archive_thumbnail":["https:\/\/ajupe.com.uy\/web\/wp-content\/uploads\/2016\/04\/p-6547-Doctor_sue__o_533479665cca9-225x300.jpg",225,300,true],"woocommerce_thumbnail":["https:\/\/ajupe.com.uy\/web\/wp-content\/uploads\/2016\/04\/p-6547-Doctor_sue__o_533479665cca9-225x300.jpg",225,300,true],"woocommerce_single":["https:\/\/ajupe.com.uy\/web\/wp-content\/uploads\/2016\/04\/p-6547-Doctor_sue__o_533479665cca9.jpg",225,329,false],"woocommerce_gallery_thumbnail":["https:\/\/ajupe.com.uy\/web\/wp-content\/uploads\/2016\/04\/p-6547-Doctor_sue__o_533479665cca9-100x100.jpg",100,100,true]},"post_excerpt_stackable_v2":"<p>Stephen King vuelve a los personajes y al territorio de una de sus novelas m\u00e1s emblem\u00e1ticas, El resplandor. Danny Torrance ahora es un adulto, y su particular destino le llevar\u00e1 a salvar a una ni\u00f1a de 12 a\u00f1os (que tambi\u00e9n posee un don especial) de una tri<\/p>\n","category_list_v2":"","author_info_v2":{"name":"","url":""},"comments_num_v2":"0 comentarios","_links":{"self":[{"href":"https:\/\/ajupe.com.uy\/web\/wp-json\/wp\/v2\/product\/6547","targetHints":{"allow":["GET"]}}],"collection":[{"href":"https:\/\/ajupe.com.uy\/web\/wp-json\/wp\/v2\/product"}],"about":[{"href":"https:\/\/ajupe.com.uy\/web\/wp-json\/wp\/v2\/types\/product"}],"wp:featuredmedia":[{"embeddable":true,"href":"https:\/\/ajupe.com.uy\/web\/wp-json\/wp\/v2\/media\/6548"}],"wp:attachment":[{"href":"https:\/\/ajupe.com.uy\/web\/wp-json\/wp\/v2\/media?parent=6547"}],"wp:term":[{"taxonomy":"product_brand","embeddable":true,"href":"https:\/\/ajupe.com.uy\/web\/wp-json\/wp\/v2\/product_brand?post=6547"},{"taxonomy":"product_cat","embeddable":true,"href":"https:\/\/ajupe.com.uy\/web\/wp-json\/wp\/v2\/product_cat?post=6547"},{"taxonomy":"product_tag","embeddable":true,"href":"https:\/\/ajupe.com.uy\/web\/wp-json\/wp\/v2\/product_tag?post=6547"}],"curies":[{"name":"wp","href":"https:\/\/api.w.org\/{rel}","templated":true}]}}