{"id":6550,"date":"2014-03-27T19:20:47","date_gmt":"2014-03-27T22:20:47","guid":{"rendered":"http:\/\/ajupe.com.uy\/web\/?post_type=product&#038;p=6550"},"modified":"2014-03-27T19:20:47","modified_gmt":"2014-03-27T22:20:47","slug":"el-hipnotista","status":"publish","type":"product","link":"https:\/\/ajupe.com.uy\/web\/biblioteca\/el-hipnotista\/","title":{"rendered":"El hipnotista"},"content":{"rendered":"<p><span>Estocolmo. Una familia es asesinada. El \u00fanico superviviente de la  masacre es Josef, el hijo de la familia que tiene s\u00f3lo 15 a\u00f1os. Tambi\u00e9n  sobrevive Evelyn, su hermana mayor, que se ha salvado porque vive en una  casa en el campo. Erik Maria Bark es m\u00e9dico e hipnotizador. La noche  del asesinato el comisario Joona Linna, encargado de la investigaci\u00f3n,  le llama para que someta a Josef a una sesi\u00f3n de hipnotismo en el  hospital de Estocolmo, donde est\u00e1 ingresado. Unos d\u00edas m\u00e1s tarde el hijo  de Erik Maria Bark, Benjamin, es secuestrado de su propia cama. Erik  emprender\u00e1 la b\u00fasqueda de su hijo junto a Linna, Simone, su mujer y su  suegro Kennet Str\u00e4ng&#8230; Juntos intentar\u00e1n resolver estos dos  misterios&#8230; <\/span><\/p>\n","protected":false},"excerpt":{"rendered":"<p>Estocolmo. Una familia es asesinada. El \u00fanico superviviente de la masacre es Josef, el hijo de la familia que tiene s\u00f3lo 15 a\u00f1os. Tambi\u00e9n sobrevive Evelyn, su hermana mayor, que se ha salvado porque vive en una casa en el campo.<\/p>\n","protected":false},"featured_media":6551,"template":"","meta":[],"product_brand":[1202],"product_cat":[48],"product_tag":[],"class_list":{"0":"post-6550","1":"product","2":"type-product","3":"status-publish","4":"has-post-thumbnail","6":"product_brand-lars-kepler","7":"product_cat-thrillers","9":"first","10":"instock","11":"purchasable","12":"product-type-simple"},"featured_image_urls_v2":{"full":["https:\/\/ajupe.com.uy\/web\/wp-content\/uploads\/2016\/04\/p-6550-El_hipnotista_53347a0ef0ba2.jpg",183,277,false],"thumbnail":["https:\/\/ajupe.com.uy\/web\/wp-content\/uploads\/2016\/04\/p-6550-El_hipnotista_53347a0ef0ba2.jpg",150,150,true],"medium":["https:\/\/ajupe.com.uy\/web\/wp-content\/uploads\/2016\/04\/p-6550-El_hipnotista_53347a0ef0ba2.jpg",300,214,true],"medium_large":["https:\/\/ajupe.com.uy\/web\/wp-content\/uploads\/2016\/04\/p-6550-El_hipnotista_53347a0ef0ba2.jpg",183,277,false],"large":["https:\/\/ajupe.com.uy\/web\/wp-content\/uploads\/2016\/04\/p-6550-El_hipnotista_53347a0ef0ba2.jpg",183,277,false],"1536x1536":["https:\/\/ajupe.com.uy\/web\/wp-content\/uploads\/2016\/04\/p-6550-El_hipnotista_53347a0ef0ba2.jpg",183,277,false],"2048x2048":["https:\/\/ajupe.com.uy\/web\/wp-content\/uploads\/2016\/04\/p-6550-El_hipnotista_53347a0ef0ba2.jpg",183,277,false],"woocommerce_archive_thumbnail":["https:\/\/ajupe.com.uy\/web\/wp-content\/uploads\/2016\/04\/p-6550-El_hipnotista_53347a0ef0ba2.jpg",183,277,false],"woocommerce_thumbnail":["https:\/\/ajupe.com.uy\/web\/wp-content\/uploads\/2016\/04\/p-6550-El_hipnotista_53347a0ef0ba2.jpg",183,277,false],"woocommerce_single":["https:\/\/ajupe.com.uy\/web\/wp-content\/uploads\/2016\/04\/p-6550-El_hipnotista_53347a0ef0ba2.jpg",183,277,false],"woocommerce_gallery_thumbnail":["https:\/\/ajupe.com.uy\/web\/wp-content\/uploads\/2016\/04\/p-6550-El_hipnotista_53347a0ef0ba2-100x100.jpg",100,100,true]},"post_excerpt_stackable_v2":"<p>Estocolmo. Una familia es asesinada. El \u00fanico superviviente de la masacre es Josef, el hijo de la familia que tiene s\u00f3lo 15 a\u00f1os. Tambi\u00e9n sobrevive Evelyn, su hermana mayor, que se ha salvado porque vive en una casa en el campo.<\/p>\n","category_list_v2":"","author_info_v2":{"name":"","url":""},"comments_num_v2":"0 comentarios","_links":{"self":[{"href":"https:\/\/ajupe.com.uy\/web\/wp-json\/wp\/v2\/product\/6550","targetHints":{"allow":["GET"]}}],"collection":[{"href":"https:\/\/ajupe.com.uy\/web\/wp-json\/wp\/v2\/product"}],"about":[{"href":"https:\/\/ajupe.com.uy\/web\/wp-json\/wp\/v2\/types\/product"}],"wp:featuredmedia":[{"embeddable":true,"href":"https:\/\/ajupe.com.uy\/web\/wp-json\/wp\/v2\/media\/6551"}],"wp:attachment":[{"href":"https:\/\/ajupe.com.uy\/web\/wp-json\/wp\/v2\/media?parent=6550"}],"wp:term":[{"taxonomy":"product_brand","embeddable":true,"href":"https:\/\/ajupe.com.uy\/web\/wp-json\/wp\/v2\/product_brand?post=6550"},{"taxonomy":"product_cat","embeddable":true,"href":"https:\/\/ajupe.com.uy\/web\/wp-json\/wp\/v2\/product_cat?post=6550"},{"taxonomy":"product_tag","embeddable":true,"href":"https:\/\/ajupe.com.uy\/web\/wp-json\/wp\/v2\/product_tag?post=6550"}],"curies":[{"name":"wp","href":"https:\/\/api.w.org\/{rel}","templated":true}]}}