{"id":6556,"date":"2014-03-27T19:28:29","date_gmt":"2014-03-27T22:28:29","guid":{"rendered":"http:\/\/ajupe.com.uy\/web\/?post_type=product&#038;p=6556"},"modified":"2014-03-27T19:28:29","modified_gmt":"2014-03-27T22:28:29","slug":"en-el-tiempo-de-las-mariposas","status":"publish","type":"product","link":"https:\/\/ajupe.com.uy\/web\/biblioteca\/en-el-tiempo-de-las-mariposas\/","title":{"rendered":"En el tiempo de las mariposas"},"content":{"rendered":"<p>El 25 de noviembre de 1960 se encontraron, al pie de un risco en la  costa dominicana, los cuerpos sin vida de tres muchachas. Seg\u00fan la  versi\u00f3n oficial, se trataba de un accidente, y ning\u00fan diario p\u00fablico la  verdad: las tres hermanas Mirabal, conocidas como las Mariposas,  luchaban contra el violento r\u00e9gimen dictatorial del general Trujillo, y  una cuarta hermana, Ded\u00e9, segu\u00eda con vida. <\/p>\n<p>Tres d\u00e9cadas despu\u00e9s,  Ded\u00e9 narra la apasionante historia de su lucha: las represarias que  cayeron sobre su familia cuando Minerva rechaz\u00f3 en p\u00fablico el acosos  sexual de Trujillo, c\u00f3mo Patria se uni\u00f3 al movimiento opositor desde la  iglesia y el camino que llev\u00f3 a Maria Teresa del amor a la revoluci\u00f3n. <\/p>\n<p>Graciasa la magia y al poder de la imaginaci\u00f3n de la escritora <strong>Julia \u00c1lvarez<\/strong>, las Mariposas recobran su fuerza en una novela deslumbrante y conmovedora.<\/p>\n","protected":false},"excerpt":{"rendered":"<p>El 25 de noviembre de 1960 se encontraron, al pie de un risco en la costa dominicana, los cuerpos sin vida de tres muchachas. Seg\u00fan la versi\u00f3n oficial, se trataba de un accidente, y ning\u00fan diario p\u00fablico la verdad: las tres hermanas Mirabal, conocidas com<\/p>\n","protected":false},"featured_media":6557,"template":"","meta":[],"product_brand":[1139],"product_cat":[29],"product_tag":[],"class_list":{"0":"post-6556","1":"product","2":"type-product","3":"status-publish","4":"has-post-thumbnail","6":"product_brand-alvarez-julia","7":"product_cat-novela","9":"first","10":"instock","11":"purchasable","12":"product-type-simple"},"featured_image_urls_v2":{"full":["https:\/\/ajupe.com.uy\/web\/wp-content\/uploads\/2016\/04\/p-6556-En_el_tiempo_de__53347bdd68527.jpg",209,326,false],"thumbnail":["https:\/\/ajupe.com.uy\/web\/wp-content\/uploads\/2016\/04\/p-6556-En_el_tiempo_de__53347bdd68527.jpg",150,150,true],"medium":["https:\/\/ajupe.com.uy\/web\/wp-content\/uploads\/2016\/04\/p-6556-En_el_tiempo_de__53347bdd68527.jpg",300,214,true],"medium_large":["https:\/\/ajupe.com.uy\/web\/wp-content\/uploads\/2016\/04\/p-6556-En_el_tiempo_de__53347bdd68527.jpg",209,326,false],"large":["https:\/\/ajupe.com.uy\/web\/wp-content\/uploads\/2016\/04\/p-6556-En_el_tiempo_de__53347bdd68527.jpg",209,326,false],"1536x1536":["https:\/\/ajupe.com.uy\/web\/wp-content\/uploads\/2016\/04\/p-6556-En_el_tiempo_de__53347bdd68527.jpg",209,326,false],"2048x2048":["https:\/\/ajupe.com.uy\/web\/wp-content\/uploads\/2016\/04\/p-6556-En_el_tiempo_de__53347bdd68527.jpg",209,326,false],"woocommerce_archive_thumbnail":["https:\/\/ajupe.com.uy\/web\/wp-content\/uploads\/2016\/04\/p-6556-En_el_tiempo_de__53347bdd68527-209x300.jpg",209,300,true],"woocommerce_thumbnail":["https:\/\/ajupe.com.uy\/web\/wp-content\/uploads\/2016\/04\/p-6556-En_el_tiempo_de__53347bdd68527-209x300.jpg",209,300,true],"woocommerce_single":["https:\/\/ajupe.com.uy\/web\/wp-content\/uploads\/2016\/04\/p-6556-En_el_tiempo_de__53347bdd68527.jpg",209,326,false],"woocommerce_gallery_thumbnail":["https:\/\/ajupe.com.uy\/web\/wp-content\/uploads\/2016\/04\/p-6556-En_el_tiempo_de__53347bdd68527-100x100.jpg",100,100,true]},"post_excerpt_stackable_v2":"<p>El 25 de noviembre de 1960 se encontraron, al pie de un risco en la costa dominicana, los cuerpos sin vida de tres muchachas. Seg\u00fan la versi\u00f3n oficial, se trataba de un accidente, y ning\u00fan diario p\u00fablico la verdad: las tres hermanas Mirabal, conocidas com<\/p>\n","category_list_v2":"","author_info_v2":{"name":"","url":""},"comments_num_v2":"0 comentarios","_links":{"self":[{"href":"https:\/\/ajupe.com.uy\/web\/wp-json\/wp\/v2\/product\/6556","targetHints":{"allow":["GET"]}}],"collection":[{"href":"https:\/\/ajupe.com.uy\/web\/wp-json\/wp\/v2\/product"}],"about":[{"href":"https:\/\/ajupe.com.uy\/web\/wp-json\/wp\/v2\/types\/product"}],"wp:featuredmedia":[{"embeddable":true,"href":"https:\/\/ajupe.com.uy\/web\/wp-json\/wp\/v2\/media\/6557"}],"wp:attachment":[{"href":"https:\/\/ajupe.com.uy\/web\/wp-json\/wp\/v2\/media?parent=6556"}],"wp:term":[{"taxonomy":"product_brand","embeddable":true,"href":"https:\/\/ajupe.com.uy\/web\/wp-json\/wp\/v2\/product_brand?post=6556"},{"taxonomy":"product_cat","embeddable":true,"href":"https:\/\/ajupe.com.uy\/web\/wp-json\/wp\/v2\/product_cat?post=6556"},{"taxonomy":"product_tag","embeddable":true,"href":"https:\/\/ajupe.com.uy\/web\/wp-json\/wp\/v2\/product_tag?post=6556"}],"curies":[{"name":"wp","href":"https:\/\/api.w.org\/{rel}","templated":true}]}}