{"id":6559,"date":"2014-03-27T19:30:32","date_gmt":"2014-03-27T22:30:32","guid":{"rendered":"http:\/\/ajupe.com.uy\/web\/?post_type=product&#038;p=6559"},"modified":"2014-03-27T19:30:32","modified_gmt":"2014-03-27T22:30:32","slug":"la-testigo","status":"publish","type":"product","link":"https:\/\/ajupe.com.uy\/web\/biblioteca\/la-testigo\/","title":{"rendered":"La testigo"},"content":{"rendered":"<div id=\"textointerior\">\n<p>Con  diecis\u00e9is a\u00f1os, Elizabeth Fitch se atreve por primera vez a desafiar a  su madre y a romper con su f\u00e9rreo control. Su vida cambiar\u00e1 por completo  cuando una noche conozca al atractivo hijo del due\u00f1o de una discoteca,  Ilya Volkov, el capo de la mafia rusa establecida en Chicago y presencie  el asesinato del primo de Ilya y el de su amiga Julie.<\/p>\n<p>A partir  de ese momento se convierte en uno de los objetivos de la mafia rusa y  en testigo protegido por la polic\u00eda. Doce a\u00f1os m\u00e1s tarde, Liz, ahora  Abigail Lowery, vive sola en constante alerta. Pronto despertar\u00e1 la  curiosidad del apuesto sheriff de la zona, Brooks Gleason. La amabilidad  y la ternura de Brooks desarmar\u00e1n a Abigail, que se enamorar\u00e1  perdidamente de \u00e9l y deber\u00e1 tomar una decisi\u00f3n: seguir huyendo o  enfrentarse de una vez a los Volkovs.<\/p>\n<\/div>\n","protected":false},"excerpt":{"rendered":"<p>Con diecis\u00e9is a\u00f1os, Elizabeth Fitch se atreve por primera vez a desafiar a su madre y a romper con su f\u00e9rreo control. Su vida cambiar\u00e1 por completo cuando una noche conozca al atractivo hijo del due\u00f1o de una discoteca, Ilya Volkov, el capo de la mafia rus<\/p>\n","protected":false},"featured_media":6560,"template":"","meta":[],"product_brand":[267],"product_cat":[29],"product_tag":[],"class_list":{"0":"post-6559","1":"product","2":"type-product","3":"status-publish","4":"has-post-thumbnail","6":"product_brand-nora-roberts","7":"product_cat-novela","9":"first","10":"instock","11":"purchasable","12":"product-type-simple"},"featured_image_urls_v2":{"full":["https:\/\/ajupe.com.uy\/web\/wp-content\/uploads\/2016\/04\/p-6559-La_testigo_53347c581bc31.jpg",224,332,false],"thumbnail":["https:\/\/ajupe.com.uy\/web\/wp-content\/uploads\/2016\/04\/p-6559-La_testigo_53347c581bc31.jpg",150,150,true],"medium":["https:\/\/ajupe.com.uy\/web\/wp-content\/uploads\/2016\/04\/p-6559-La_testigo_53347c581bc31.jpg",300,214,true],"medium_large":["https:\/\/ajupe.com.uy\/web\/wp-content\/uploads\/2016\/04\/p-6559-La_testigo_53347c581bc31.jpg",224,332,false],"large":["https:\/\/ajupe.com.uy\/web\/wp-content\/uploads\/2016\/04\/p-6559-La_testigo_53347c581bc31.jpg",224,332,false],"1536x1536":["https:\/\/ajupe.com.uy\/web\/wp-content\/uploads\/2016\/04\/p-6559-La_testigo_53347c581bc31.jpg",224,332,false],"2048x2048":["https:\/\/ajupe.com.uy\/web\/wp-content\/uploads\/2016\/04\/p-6559-La_testigo_53347c581bc31.jpg",224,332,false],"woocommerce_archive_thumbnail":["https:\/\/ajupe.com.uy\/web\/wp-content\/uploads\/2016\/04\/p-6559-La_testigo_53347c581bc31-224x300.jpg",224,300,true],"woocommerce_thumbnail":["https:\/\/ajupe.com.uy\/web\/wp-content\/uploads\/2016\/04\/p-6559-La_testigo_53347c581bc31-224x300.jpg",224,300,true],"woocommerce_single":["https:\/\/ajupe.com.uy\/web\/wp-content\/uploads\/2016\/04\/p-6559-La_testigo_53347c581bc31.jpg",224,332,false],"woocommerce_gallery_thumbnail":["https:\/\/ajupe.com.uy\/web\/wp-content\/uploads\/2016\/04\/p-6559-La_testigo_53347c581bc31-100x100.jpg",100,100,true]},"post_excerpt_stackable_v2":"<p>Con diecis\u00e9is a\u00f1os, Elizabeth Fitch se atreve por primera vez a desafiar a su madre y a romper con su f\u00e9rreo control. Su vida cambiar\u00e1 por completo cuando una noche conozca al atractivo hijo del due\u00f1o de una discoteca, Ilya Volkov, el capo de la mafia rus<\/p>\n","category_list_v2":"","author_info_v2":{"name":"","url":""},"comments_num_v2":"0 comentarios","_links":{"self":[{"href":"https:\/\/ajupe.com.uy\/web\/wp-json\/wp\/v2\/product\/6559","targetHints":{"allow":["GET"]}}],"collection":[{"href":"https:\/\/ajupe.com.uy\/web\/wp-json\/wp\/v2\/product"}],"about":[{"href":"https:\/\/ajupe.com.uy\/web\/wp-json\/wp\/v2\/types\/product"}],"wp:featuredmedia":[{"embeddable":true,"href":"https:\/\/ajupe.com.uy\/web\/wp-json\/wp\/v2\/media\/6560"}],"wp:attachment":[{"href":"https:\/\/ajupe.com.uy\/web\/wp-json\/wp\/v2\/media?parent=6559"}],"wp:term":[{"taxonomy":"product_brand","embeddable":true,"href":"https:\/\/ajupe.com.uy\/web\/wp-json\/wp\/v2\/product_brand?post=6559"},{"taxonomy":"product_cat","embeddable":true,"href":"https:\/\/ajupe.com.uy\/web\/wp-json\/wp\/v2\/product_cat?post=6559"},{"taxonomy":"product_tag","embeddable":true,"href":"https:\/\/ajupe.com.uy\/web\/wp-json\/wp\/v2\/product_tag?post=6559"}],"curies":[{"name":"wp","href":"https:\/\/api.w.org\/{rel}","templated":true}]}}