{"id":6565,"date":"2014-03-27T20:06:20","date_gmt":"2014-03-27T23:06:20","guid":{"rendered":"http:\/\/ajupe.com.uy\/web\/?post_type=product&#038;p=6565"},"modified":"2014-03-27T20:06:20","modified_gmt":"2014-03-27T23:06:20","slug":"el-caso-collini","status":"publish","type":"product","link":"https:\/\/ajupe.com.uy\/web\/biblioteca\/el-caso-collini\/","title":{"rendered":"El caso Collini"},"content":{"rendered":"<p>Primera novela de Ferdinand von Schirach \u2014conocido de nuestro p\u00fablico por sus extraordinarios vol\u00famenes de relatos <em>Cr\u00edmenes<\/em> y <em>Culpa<\/em>\u2014, <em>El caso Collini<\/em> combina una historia criminal de una concisi\u00f3n y una desnudez  sobrecogedoras con la revelaci\u00f3n de grandes deficiencias en el  funcionamiento de la justicia en Alemania. Su publicaci\u00f3n suscit\u00f3 un  encendido debate y el libro, como sus dos anteriores, ocup\u00f3 los primeros  puestos en las listas de ventas en su pa\u00eds. <br \/> Empleado diligente, de una discreci\u00f3n mod\u00e9lica, Fabrizio Collini trabaj\u00f3  como operario durante treinta y cuatro a\u00f1os en la Mercedes-Benz. Pero  un d\u00eda, ya jubilado, acude al legendario Hotel Adlon de Berl\u00edn, a dos  pasos de la puerta de Brandenburgo, y asesina a sangre fr\u00eda a un hombre  anciano, sin motivo aparente. La defensa de Collini recae de oficio en  el joven e inexperto abogado Caspar Leinen, y lo que al principio parece  una oportunidad para su incipiente carrera se convierte en un acuciante  dilema profesional, ya que la v\u00edctima, un conocido y respetado  empresario, es el abuelo de su primer amor, quien a su vez reaparece  despu\u00e9s de tantos a\u00f1os para pedirle que renuncie al caso. <br \/> As\u00ed pues, Leinen no s\u00f3lo se ve obligado a defender a un hombre que  renuncia a defenderse y se niega a revelar el motivo del crimen, sino  tambi\u00e9n debe resolver el conflicto de intereses. Su reputaci\u00f3n y su  carrera est\u00e1n en juego, m\u00e1s a\u00fan cuando el hallazgo de una pista apunta a  un inquietante cap\u00edtulo de la historia de la Justicia alemana.<\/p>\n","protected":false},"excerpt":{"rendered":"<p>Primera novela de Ferdinand von Schirach \u2014conocido de nuestro p\u00fablico por sus extraordinarios vol\u00famenes de relatos Cr\u00edmenes y Culpa\u2014, El caso Collini combina una historia criminal de una concisi\u00f3n y una desnudez sobrecogedoras con la revelaci\u00f3n de grandes<\/p>\n","protected":false},"featured_media":6566,"template":"","meta":[],"product_brand":[1163],"product_cat":[30],"product_tag":[],"class_list":{"0":"post-6565","1":"product","2":"type-product","3":"status-publish","4":"has-post-thumbnail","6":"product_brand-ferdinand-von-schirach","7":"product_cat-suspenso","9":"first","10":"instock","11":"purchasable","12":"product-type-simple"},"featured_image_urls_v2":{"full":["https:\/\/ajupe.com.uy\/web\/wp-content\/uploads\/2016\/04\/p-6565-El_caso_Collini_533484bc020b7.jpg",198,322,false],"thumbnail":["https:\/\/ajupe.com.uy\/web\/wp-content\/uploads\/2016\/04\/p-6565-El_caso_Collini_533484bc020b7.jpg",150,150,true],"medium":["https:\/\/ajupe.com.uy\/web\/wp-content\/uploads\/2016\/04\/p-6565-El_caso_Collini_533484bc020b7.jpg",300,214,true],"medium_large":["https:\/\/ajupe.com.uy\/web\/wp-content\/uploads\/2016\/04\/p-6565-El_caso_Collini_533484bc020b7.jpg",198,322,false],"large":["https:\/\/ajupe.com.uy\/web\/wp-content\/uploads\/2016\/04\/p-6565-El_caso_Collini_533484bc020b7.jpg",198,322,false],"1536x1536":["https:\/\/ajupe.com.uy\/web\/wp-content\/uploads\/2016\/04\/p-6565-El_caso_Collini_533484bc020b7.jpg",198,322,false],"2048x2048":["https:\/\/ajupe.com.uy\/web\/wp-content\/uploads\/2016\/04\/p-6565-El_caso_Collini_533484bc020b7.jpg",198,322,false],"woocommerce_archive_thumbnail":["https:\/\/ajupe.com.uy\/web\/wp-content\/uploads\/2016\/04\/p-6565-El_caso_Collini_533484bc020b7-198x300.jpg",198,300,true],"woocommerce_thumbnail":["https:\/\/ajupe.com.uy\/web\/wp-content\/uploads\/2016\/04\/p-6565-El_caso_Collini_533484bc020b7-198x300.jpg",198,300,true],"woocommerce_single":["https:\/\/ajupe.com.uy\/web\/wp-content\/uploads\/2016\/04\/p-6565-El_caso_Collini_533484bc020b7.jpg",198,322,false],"woocommerce_gallery_thumbnail":["https:\/\/ajupe.com.uy\/web\/wp-content\/uploads\/2016\/04\/p-6565-El_caso_Collini_533484bc020b7-100x100.jpg",100,100,true]},"post_excerpt_stackable_v2":"<p>Primera novela de Ferdinand von Schirach \u2014conocido de nuestro p\u00fablico por sus extraordinarios vol\u00famenes de relatos Cr\u00edmenes y Culpa\u2014, El caso Collini combina una historia criminal de una concisi\u00f3n y una desnudez sobrecogedoras con la revelaci\u00f3n de grandes<\/p>\n","category_list_v2":"","author_info_v2":{"name":"","url":""},"comments_num_v2":"0 comentarios","_links":{"self":[{"href":"https:\/\/ajupe.com.uy\/web\/wp-json\/wp\/v2\/product\/6565","targetHints":{"allow":["GET"]}}],"collection":[{"href":"https:\/\/ajupe.com.uy\/web\/wp-json\/wp\/v2\/product"}],"about":[{"href":"https:\/\/ajupe.com.uy\/web\/wp-json\/wp\/v2\/types\/product"}],"wp:featuredmedia":[{"embeddable":true,"href":"https:\/\/ajupe.com.uy\/web\/wp-json\/wp\/v2\/media\/6566"}],"wp:attachment":[{"href":"https:\/\/ajupe.com.uy\/web\/wp-json\/wp\/v2\/media?parent=6565"}],"wp:term":[{"taxonomy":"product_brand","embeddable":true,"href":"https:\/\/ajupe.com.uy\/web\/wp-json\/wp\/v2\/product_brand?post=6565"},{"taxonomy":"product_cat","embeddable":true,"href":"https:\/\/ajupe.com.uy\/web\/wp-json\/wp\/v2\/product_cat?post=6565"},{"taxonomy":"product_tag","embeddable":true,"href":"https:\/\/ajupe.com.uy\/web\/wp-json\/wp\/v2\/product_tag?post=6565"}],"curies":[{"name":"wp","href":"https:\/\/api.w.org\/{rel}","templated":true}]}}