{"id":6581,"date":"2014-03-27T20:44:59","date_gmt":"2014-03-27T23:44:59","guid":{"rendered":"http:\/\/ajupe.com.uy\/web\/?post_type=product&#038;p=6581"},"modified":"2014-03-27T20:44:59","modified_gmt":"2014-03-27T23:44:59","slug":"los-gritos-del-pasado","status":"publish","type":"product","link":"https:\/\/ajupe.com.uy\/web\/biblioteca\/los-gritos-del-pasado\/","title":{"rendered":"Los gritos del pasado"},"content":{"rendered":"<div style=\"text-align: justify;\">La escritora Erika Falk y su compa\u00f1ero, el detective Patrik Hedstr\u00f6m,  disfrutan de unas merecidas vacaciones en su casa en la peque\u00f1a  poblaci\u00f3n costera de Fj\u00e4lbacka que, en verano, es visitada por muchos  turistas. Erika est\u00e1 embarazada de ocho meses y la ola de calor hace  especialmente dif\u00edcil este \u00faltimo mes de gestaci\u00f3n. En esta situaci\u00f3n,  lo que menos falta le hace a la joven pareja es un nuevo caso de  asesinato. Pero las vacaciones de Patrik se terminan de golpe, cuando un  ni\u00f1o descubre casualmente el cad\u00e1ver de una joven turista. Lo m\u00e1s  extra\u00f1o es que junto al cad\u00e1ver aparecen los restos de dos mujeres  desaparecidas a\u00f1os atr\u00e1s. Las autopsias demuestran que las tres v\u00edctimas  murieron estranguladas y que adem\u00e1s fueron torturadas.<\/div>\n<div style=\"text-align: justify;\">Basando el suspense en la acertada caracterizaci\u00f3n de los personajes, el  realismo de sus comportamientos y una excelente ambientaci\u00f3n, Camilla  L\u00e4ckberg vuelve a mantener al lector sin aliento hasta la \u00faltima p\u00e1gina y  consigue meternos de lleno en la piel de los protagonistas.<\/div>\n","protected":false},"excerpt":{"rendered":"<p>La escritora Erika Falk y su compa\u00f1ero, el detective Patrik Hedstr\u00f6m, disfrutan de unas merecidas vacaciones en su casa en la peque\u00f1a poblaci\u00f3n costera de Fj\u00e4lbacka que, en verano, es visitada por muchos turistas.<\/p>\n","protected":false},"featured_media":6582,"template":"","meta":[],"product_brand":[1254],"product_cat":[1410],"product_tag":[],"class_list":{"0":"post-6581","1":"product","2":"type-product","3":"status-publish","4":"has-post-thumbnail","6":"product_brand-camilla-lackberg","7":"product_cat-sin-categoria","9":"first","10":"instock","11":"purchasable","12":"product-type-simple"},"featured_image_urls_v2":{"full":["https:\/\/ajupe.com.uy\/web\/wp-content\/uploads\/2016\/04\/p-6581-Los_gritos_del_p_53348dcbd2e94.jpg",179,276,false],"thumbnail":["https:\/\/ajupe.com.uy\/web\/wp-content\/uploads\/2016\/04\/p-6581-Los_gritos_del_p_53348dcbd2e94.jpg",150,150,true],"medium":["https:\/\/ajupe.com.uy\/web\/wp-content\/uploads\/2016\/04\/p-6581-Los_gritos_del_p_53348dcbd2e94.jpg",300,214,true],"medium_large":["https:\/\/ajupe.com.uy\/web\/wp-content\/uploads\/2016\/04\/p-6581-Los_gritos_del_p_53348dcbd2e94.jpg",179,276,false],"large":["https:\/\/ajupe.com.uy\/web\/wp-content\/uploads\/2016\/04\/p-6581-Los_gritos_del_p_53348dcbd2e94.jpg",179,276,false],"1536x1536":["https:\/\/ajupe.com.uy\/web\/wp-content\/uploads\/2016\/04\/p-6581-Los_gritos_del_p_53348dcbd2e94.jpg",179,276,false],"2048x2048":["https:\/\/ajupe.com.uy\/web\/wp-content\/uploads\/2016\/04\/p-6581-Los_gritos_del_p_53348dcbd2e94.jpg",179,276,false],"woocommerce_archive_thumbnail":["https:\/\/ajupe.com.uy\/web\/wp-content\/uploads\/2016\/04\/p-6581-Los_gritos_del_p_53348dcbd2e94.jpg",179,276,false],"woocommerce_thumbnail":["https:\/\/ajupe.com.uy\/web\/wp-content\/uploads\/2016\/04\/p-6581-Los_gritos_del_p_53348dcbd2e94.jpg",179,276,false],"woocommerce_single":["https:\/\/ajupe.com.uy\/web\/wp-content\/uploads\/2016\/04\/p-6581-Los_gritos_del_p_53348dcbd2e94.jpg",179,276,false],"woocommerce_gallery_thumbnail":["https:\/\/ajupe.com.uy\/web\/wp-content\/uploads\/2016\/04\/p-6581-Los_gritos_del_p_53348dcbd2e94-100x100.jpg",100,100,true]},"post_excerpt_stackable_v2":"<p>La escritora Erika Falk y su compa\u00f1ero, el detective Patrik Hedstr\u00f6m, disfrutan de unas merecidas vacaciones en su casa en la peque\u00f1a poblaci\u00f3n costera de Fj\u00e4lbacka que, en verano, es visitada por muchos turistas.<\/p>\n","category_list_v2":"","author_info_v2":{"name":"","url":""},"comments_num_v2":"0 comentarios","_links":{"self":[{"href":"https:\/\/ajupe.com.uy\/web\/wp-json\/wp\/v2\/product\/6581","targetHints":{"allow":["GET"]}}],"collection":[{"href":"https:\/\/ajupe.com.uy\/web\/wp-json\/wp\/v2\/product"}],"about":[{"href":"https:\/\/ajupe.com.uy\/web\/wp-json\/wp\/v2\/types\/product"}],"wp:featuredmedia":[{"embeddable":true,"href":"https:\/\/ajupe.com.uy\/web\/wp-json\/wp\/v2\/media\/6582"}],"wp:attachment":[{"href":"https:\/\/ajupe.com.uy\/web\/wp-json\/wp\/v2\/media?parent=6581"}],"wp:term":[{"taxonomy":"product_brand","embeddable":true,"href":"https:\/\/ajupe.com.uy\/web\/wp-json\/wp\/v2\/product_brand?post=6581"},{"taxonomy":"product_cat","embeddable":true,"href":"https:\/\/ajupe.com.uy\/web\/wp-json\/wp\/v2\/product_cat?post=6581"},{"taxonomy":"product_tag","embeddable":true,"href":"https:\/\/ajupe.com.uy\/web\/wp-json\/wp\/v2\/product_tag?post=6581"}],"curies":[{"name":"wp","href":"https:\/\/api.w.org\/{rel}","templated":true}]}}