{"id":6587,"date":"2014-05-13T18:44:40","date_gmt":"2014-05-13T21:44:40","guid":{"rendered":"http:\/\/ajupe.com.uy\/web\/?post_type=product&#038;p=6587"},"modified":"2014-05-13T18:44:40","modified_gmt":"2014-05-13T21:44:40","slug":"la-mosca-de-la-muerte-2","status":"publish","type":"product","link":"https:\/\/ajupe.com.uy\/web\/biblioteca\/la-mosca-de-la-muerte-2\/","title":{"rendered":"La mosca de la muerte"},"content":{"rendered":"<p>Deseosa de empezar una nueva vida libre de los lastres del pasado,  Kay Scarpetta decide cerrar su etapa como forense en Richmond y elige  Florida como destino donde alcanzar la anhelada tranquilidad.<\/p>\n<p>Sin embargo, hay alguien que no est\u00e1 dispuesto a que la doctora  rehaga su vida: Jean-Baptiste Chandonne, el psic\u00f3pata que la aterroriz\u00f3  tiempo atr\u00e1s, la reclama ahora desde el corredor de la muerte.<\/p>\n","protected":false},"excerpt":{"rendered":"<p>Deseosa de empezar una nueva vida libre de los lastres del pasado, Kay Scarpetta decide cerrar su etapa como forense en Richmond y elige Florida como destino donde alcanzar la anhelada tranquilidad.<br \/>\nSin embargo&#8230;.<\/p>\n","protected":false},"featured_media":6588,"template":"","meta":[],"product_brand":[244],"product_cat":[48],"product_tag":[],"class_list":{"0":"post-6587","1":"product","2":"type-product","3":"status-publish","4":"has-post-thumbnail","6":"product_brand-patricia-cornwell","7":"product_cat-thrillers","9":"first","10":"instock","11":"purchasable","12":"product-type-simple"},"featured_image_urls_v2":{"full":["https:\/\/ajupe.com.uy\/web\/wp-content\/uploads\/2016\/04\/p-6587-La_mosca_de_la_m_5372681821d70.jpg",183,275,false],"thumbnail":["https:\/\/ajupe.com.uy\/web\/wp-content\/uploads\/2016\/04\/p-6587-La_mosca_de_la_m_5372681821d70.jpg",150,150,true],"medium":["https:\/\/ajupe.com.uy\/web\/wp-content\/uploads\/2016\/04\/p-6587-La_mosca_de_la_m_5372681821d70.jpg",300,214,true],"medium_large":["https:\/\/ajupe.com.uy\/web\/wp-content\/uploads\/2016\/04\/p-6587-La_mosca_de_la_m_5372681821d70.jpg",183,275,false],"large":["https:\/\/ajupe.com.uy\/web\/wp-content\/uploads\/2016\/04\/p-6587-La_mosca_de_la_m_5372681821d70.jpg",183,275,false],"1536x1536":["https:\/\/ajupe.com.uy\/web\/wp-content\/uploads\/2016\/04\/p-6587-La_mosca_de_la_m_5372681821d70.jpg",183,275,false],"2048x2048":["https:\/\/ajupe.com.uy\/web\/wp-content\/uploads\/2016\/04\/p-6587-La_mosca_de_la_m_5372681821d70.jpg",183,275,false],"woocommerce_archive_thumbnail":["https:\/\/ajupe.com.uy\/web\/wp-content\/uploads\/2016\/04\/p-6587-La_mosca_de_la_m_5372681821d70.jpg",183,275,false],"woocommerce_thumbnail":["https:\/\/ajupe.com.uy\/web\/wp-content\/uploads\/2016\/04\/p-6587-La_mosca_de_la_m_5372681821d70.jpg",183,275,false],"woocommerce_single":["https:\/\/ajupe.com.uy\/web\/wp-content\/uploads\/2016\/04\/p-6587-La_mosca_de_la_m_5372681821d70.jpg",183,275,false],"woocommerce_gallery_thumbnail":["https:\/\/ajupe.com.uy\/web\/wp-content\/uploads\/2016\/04\/p-6587-La_mosca_de_la_m_5372681821d70-100x100.jpg",100,100,true]},"post_excerpt_stackable_v2":"<p>Deseosa de empezar una nueva vida libre de los lastres del pasado, Kay Scarpetta decide cerrar su etapa como forense en Richmond y elige Florida como destino donde alcanzar la anhelada tranquilidad.<br \/>\nSin embargo&#8230;.<\/p>\n","category_list_v2":"","author_info_v2":{"name":"","url":""},"comments_num_v2":"0 comentarios","_links":{"self":[{"href":"https:\/\/ajupe.com.uy\/web\/wp-json\/wp\/v2\/product\/6587","targetHints":{"allow":["GET"]}}],"collection":[{"href":"https:\/\/ajupe.com.uy\/web\/wp-json\/wp\/v2\/product"}],"about":[{"href":"https:\/\/ajupe.com.uy\/web\/wp-json\/wp\/v2\/types\/product"}],"wp:featuredmedia":[{"embeddable":true,"href":"https:\/\/ajupe.com.uy\/web\/wp-json\/wp\/v2\/media\/6588"}],"wp:attachment":[{"href":"https:\/\/ajupe.com.uy\/web\/wp-json\/wp\/v2\/media?parent=6587"}],"wp:term":[{"taxonomy":"product_brand","embeddable":true,"href":"https:\/\/ajupe.com.uy\/web\/wp-json\/wp\/v2\/product_brand?post=6587"},{"taxonomy":"product_cat","embeddable":true,"href":"https:\/\/ajupe.com.uy\/web\/wp-json\/wp\/v2\/product_cat?post=6587"},{"taxonomy":"product_tag","embeddable":true,"href":"https:\/\/ajupe.com.uy\/web\/wp-json\/wp\/v2\/product_tag?post=6587"}],"curies":[{"name":"wp","href":"https:\/\/api.w.org\/{rel}","templated":true}]}}