{"id":6605,"date":"2014-05-13T19:13:02","date_gmt":"2014-05-13T22:13:02","guid":{"rendered":"http:\/\/ajupe.com.uy\/web\/?post_type=product&#038;p=6605"},"modified":"2014-05-13T19:13:02","modified_gmt":"2014-05-13T22:13:02","slug":"las-huellas-imborrables","status":"publish","type":"product","link":"https:\/\/ajupe.com.uy\/web\/biblioteca\/las-huellas-imborrables\/","title":{"rendered":"Las huellas imborrables"},"content":{"rendered":"<p>En <strong>Las huellas imborrables<\/strong>,<strong> Camilla L\u00e4ckberg <\/strong>entreteje  con maestr\u00eda una historia contempor\u00e1nea con la vida de una joven en la  Suecia de 1940. Escrita con numerosos flashbacks, en esta novela Erica  Falck debe adentrarse en el oscuro pasado de su propia familia.<\/p>\n<p>El  verano llega a su fin y la escritora Erica Falck vuelve al trabajo tras  la baja de maternidad. Ahora le toca a su compa\u00f1ero, el comisario  Patrik Hedstr\u00f6m, tomarse un tiempo libre para ocuparse de la peque\u00f1a  Maja. Pero el crimen no descansa nunca, ni siquiera en la tranquila  ciudad de Fj\u00e4llbacka, y cuando dos adolescentes descubren el cad\u00e1ver de  Erik Frankel, Patrik compaginar\u00e1 el cuidado de su hija con su inter\u00e9s  por el asesinato de este historiador especializado en la Segunda Guerra  Mundial. <\/p>\n<p>Mientras tanto, Erika hace un sorprendente hallazgo:  los diarios de su madre Elsy, con quien tuvo una relaci\u00f3n dif\u00edcil, junto  con una antigua medalla nazi. Pero lo m\u00e1s inquietante es que, poco  antes de la muerte del historiador, Erika hab\u00eda ido a su casa para  obtener m\u00e1s informaci\u00f3n sobre la medalla. \u00bfEs posible que su visita  desencadenara los acontecimientos que condujeron a su muerte?<\/p>\n","protected":false},"excerpt":{"rendered":"<p>En Las huellas imborrables, Camilla L\u00e4ckberg entreteje con maestr\u00eda una historia contempor\u00e1nea con la vida de una joven en la Suecia de 1940. Escrita con numerosos flashbacks, en esta novela Erica Falck debe adentrarse en el oscuro pasado de su propia fam<\/p>\n","protected":false},"featured_media":6606,"template":"","meta":[],"product_brand":[1254],"product_cat":[48],"product_tag":[],"class_list":{"0":"post-6605","1":"product","2":"type-product","3":"status-publish","4":"has-post-thumbnail","6":"product_brand-camilla-lackberg","7":"product_cat-thrillers","9":"first","10":"instock","11":"purchasable","12":"product-type-simple"},"featured_image_urls_v2":{"full":["https:\/\/ajupe.com.uy\/web\/wp-content\/uploads\/2016\/04\/p-6605-Las_huellas_imbo_53726ebdf394e.jpg",189,285,false],"thumbnail":["https:\/\/ajupe.com.uy\/web\/wp-content\/uploads\/2016\/04\/p-6605-Las_huellas_imbo_53726ebdf394e.jpg",150,150,true],"medium":["https:\/\/ajupe.com.uy\/web\/wp-content\/uploads\/2016\/04\/p-6605-Las_huellas_imbo_53726ebdf394e.jpg",300,214,true],"medium_large":["https:\/\/ajupe.com.uy\/web\/wp-content\/uploads\/2016\/04\/p-6605-Las_huellas_imbo_53726ebdf394e.jpg",189,285,false],"large":["https:\/\/ajupe.com.uy\/web\/wp-content\/uploads\/2016\/04\/p-6605-Las_huellas_imbo_53726ebdf394e.jpg",189,285,false],"1536x1536":["https:\/\/ajupe.com.uy\/web\/wp-content\/uploads\/2016\/04\/p-6605-Las_huellas_imbo_53726ebdf394e.jpg",189,285,false],"2048x2048":["https:\/\/ajupe.com.uy\/web\/wp-content\/uploads\/2016\/04\/p-6605-Las_huellas_imbo_53726ebdf394e.jpg",189,285,false],"woocommerce_archive_thumbnail":["https:\/\/ajupe.com.uy\/web\/wp-content\/uploads\/2016\/04\/p-6605-Las_huellas_imbo_53726ebdf394e.jpg",189,285,false],"woocommerce_thumbnail":["https:\/\/ajupe.com.uy\/web\/wp-content\/uploads\/2016\/04\/p-6605-Las_huellas_imbo_53726ebdf394e.jpg",189,285,false],"woocommerce_single":["https:\/\/ajupe.com.uy\/web\/wp-content\/uploads\/2016\/04\/p-6605-Las_huellas_imbo_53726ebdf394e.jpg",189,285,false],"woocommerce_gallery_thumbnail":["https:\/\/ajupe.com.uy\/web\/wp-content\/uploads\/2016\/04\/p-6605-Las_huellas_imbo_53726ebdf394e-100x100.jpg",100,100,true]},"post_excerpt_stackable_v2":"<p>En Las huellas imborrables, Camilla L\u00e4ckberg entreteje con maestr\u00eda una historia contempor\u00e1nea con la vida de una joven en la Suecia de 1940. Escrita con numerosos flashbacks, en esta novela Erica Falck debe adentrarse en el oscuro pasado de su propia fam<\/p>\n","category_list_v2":"","author_info_v2":{"name":"","url":""},"comments_num_v2":"0 comentarios","_links":{"self":[{"href":"https:\/\/ajupe.com.uy\/web\/wp-json\/wp\/v2\/product\/6605","targetHints":{"allow":["GET"]}}],"collection":[{"href":"https:\/\/ajupe.com.uy\/web\/wp-json\/wp\/v2\/product"}],"about":[{"href":"https:\/\/ajupe.com.uy\/web\/wp-json\/wp\/v2\/types\/product"}],"wp:featuredmedia":[{"embeddable":true,"href":"https:\/\/ajupe.com.uy\/web\/wp-json\/wp\/v2\/media\/6606"}],"wp:attachment":[{"href":"https:\/\/ajupe.com.uy\/web\/wp-json\/wp\/v2\/media?parent=6605"}],"wp:term":[{"taxonomy":"product_brand","embeddable":true,"href":"https:\/\/ajupe.com.uy\/web\/wp-json\/wp\/v2\/product_brand?post=6605"},{"taxonomy":"product_cat","embeddable":true,"href":"https:\/\/ajupe.com.uy\/web\/wp-json\/wp\/v2\/product_cat?post=6605"},{"taxonomy":"product_tag","embeddable":true,"href":"https:\/\/ajupe.com.uy\/web\/wp-json\/wp\/v2\/product_tag?post=6605"}],"curies":[{"name":"wp","href":"https:\/\/api.w.org\/{rel}","templated":true}]}}