{"id":6611,"date":"2014-05-13T19:28:16","date_gmt":"2014-05-13T22:28:16","guid":{"rendered":"http:\/\/ajupe.com.uy\/web\/?post_type=product&#038;p=6611"},"modified":"2014-05-13T19:28:16","modified_gmt":"2014-05-13T22:28:16","slug":"besos-de-arena","status":"publish","type":"product","link":"https:\/\/ajupe.com.uy\/web\/biblioteca\/besos-de-arena\/","title":{"rendered":"Besos de arena"},"content":{"rendered":"<p>Laia es una joven saharaui que ha empezado una vida nueva en Espa\u00f1a:  va a estudiar una carrera, planea irse a vivir con su novio, Julio, y su  familia de acogida la quiere y la apoya. Sin embargo, su felicidad se  ve empa\u00f1ada por el terrible peso de los recuerdos: nadie conoce el  oscuro secreto que consigui\u00f3 dejar atr\u00e1s entre las jaimas que forman el  campamento de Dajla. Y ahora ese pasado ha vuelto para reclamarla. <br \/>El  padre de Julio, Carlos, tambi\u00e9n guarda para s\u00ed una historia de amor  vivida treinta y cinco a\u00f1os atr\u00e1s, pero con un escenario com\u00fan: el amor  de su vida, Maima, a la que conoci\u00f3 en Villa Cisneros, desapareci\u00f3 con  la entrada de los ej\u00e9rcitos marroqu\u00edes para la ocupaci\u00f3n del \u00abSahara  espa\u00f1ol\u00bb en noviembre del 75 y nunca supo nada m\u00e1s de ella. <br \/>Cuando  Laia desaparece arrastrada a tierras africanas por los fantasmas de su  pasado, las dos historias de amor cobran a la fuerza un nuevo rumbo.  Laia y Julio; Carlos y Maima. Un baile entre personajes que se  entremezclan en el presente y el pasado, unidos por un destino com\u00fan: un  amor imposible.<\/p>\n<p><strong>Una aventura apasionante cargada de romanticismo, secretos  inconfesables, amenazas, injusticias hist\u00f3ricas y la impactante denuncia  de una realidad enmascarada que a\u00fan hoy existe sobre las dunas del  sahara.<\/strong><\/p>\n","protected":false},"excerpt":{"rendered":"<p>Una aventura apasionante cargada de romanticismo, secretos inconfesables, amenazas, injusticias hist\u00f3ricas y la impactante denuncia de una realidad enmascarada que a\u00fan hoy existe sobre las dunas del sahara.<\/p>\n","protected":false},"featured_media":6612,"template":"","meta":[],"product_brand":[1272],"product_cat":[29],"product_tag":[],"class_list":{"0":"post-6611","1":"product","2":"type-product","3":"status-publish","4":"has-post-thumbnail","6":"product_brand-reyes-monforte","7":"product_cat-novela","9":"first","10":"instock","11":"purchasable","12":"product-type-simple"},"featured_image_urls_v2":{"full":["https:\/\/ajupe.com.uy\/web\/wp-content\/uploads\/2016\/04\/p-6611-Besos_de_arena_53727250dd861.jpg",220,333,false],"thumbnail":["https:\/\/ajupe.com.uy\/web\/wp-content\/uploads\/2016\/04\/p-6611-Besos_de_arena_53727250dd861.jpg",150,150,true],"medium":["https:\/\/ajupe.com.uy\/web\/wp-content\/uploads\/2016\/04\/p-6611-Besos_de_arena_53727250dd861.jpg",300,214,true],"medium_large":["https:\/\/ajupe.com.uy\/web\/wp-content\/uploads\/2016\/04\/p-6611-Besos_de_arena_53727250dd861.jpg",220,333,false],"large":["https:\/\/ajupe.com.uy\/web\/wp-content\/uploads\/2016\/04\/p-6611-Besos_de_arena_53727250dd861.jpg",220,333,false],"1536x1536":["https:\/\/ajupe.com.uy\/web\/wp-content\/uploads\/2016\/04\/p-6611-Besos_de_arena_53727250dd861.jpg",220,333,false],"2048x2048":["https:\/\/ajupe.com.uy\/web\/wp-content\/uploads\/2016\/04\/p-6611-Besos_de_arena_53727250dd861.jpg",220,333,false],"woocommerce_archive_thumbnail":["https:\/\/ajupe.com.uy\/web\/wp-content\/uploads\/2016\/04\/p-6611-Besos_de_arena_53727250dd861-220x300.jpg",220,300,true],"woocommerce_thumbnail":["https:\/\/ajupe.com.uy\/web\/wp-content\/uploads\/2016\/04\/p-6611-Besos_de_arena_53727250dd861-220x300.jpg",220,300,true],"woocommerce_single":["https:\/\/ajupe.com.uy\/web\/wp-content\/uploads\/2016\/04\/p-6611-Besos_de_arena_53727250dd861.jpg",220,333,false],"woocommerce_gallery_thumbnail":["https:\/\/ajupe.com.uy\/web\/wp-content\/uploads\/2016\/04\/p-6611-Besos_de_arena_53727250dd861-100x100.jpg",100,100,true]},"post_excerpt_stackable_v2":"<p>Una aventura apasionante cargada de romanticismo, secretos inconfesables, amenazas, injusticias hist\u00f3ricas y la impactante denuncia de una realidad enmascarada que a\u00fan hoy existe sobre las dunas del sahara.<\/p>\n","category_list_v2":"","author_info_v2":{"name":"","url":""},"comments_num_v2":"0 comentarios","_links":{"self":[{"href":"https:\/\/ajupe.com.uy\/web\/wp-json\/wp\/v2\/product\/6611","targetHints":{"allow":["GET"]}}],"collection":[{"href":"https:\/\/ajupe.com.uy\/web\/wp-json\/wp\/v2\/product"}],"about":[{"href":"https:\/\/ajupe.com.uy\/web\/wp-json\/wp\/v2\/types\/product"}],"wp:featuredmedia":[{"embeddable":true,"href":"https:\/\/ajupe.com.uy\/web\/wp-json\/wp\/v2\/media\/6612"}],"wp:attachment":[{"href":"https:\/\/ajupe.com.uy\/web\/wp-json\/wp\/v2\/media?parent=6611"}],"wp:term":[{"taxonomy":"product_brand","embeddable":true,"href":"https:\/\/ajupe.com.uy\/web\/wp-json\/wp\/v2\/product_brand?post=6611"},{"taxonomy":"product_cat","embeddable":true,"href":"https:\/\/ajupe.com.uy\/web\/wp-json\/wp\/v2\/product_cat?post=6611"},{"taxonomy":"product_tag","embeddable":true,"href":"https:\/\/ajupe.com.uy\/web\/wp-json\/wp\/v2\/product_tag?post=6611"}],"curies":[{"name":"wp","href":"https:\/\/api.w.org\/{rel}","templated":true}]}}