{"id":6617,"date":"2014-05-13T19:35:03","date_gmt":"2014-05-13T22:35:03","guid":{"rendered":"http:\/\/ajupe.com.uy\/web\/?post_type=product&#038;p=6617"},"modified":"2014-05-13T19:35:03","modified_gmt":"2014-05-13T22:35:03","slug":"el-cuerpo-humano","status":"publish","type":"product","link":"https:\/\/ajupe.com.uy\/web\/biblioteca\/el-cuerpo-humano\/","title":{"rendered":"El cuerpo humano"},"content":{"rendered":"<p>Situada en pleno desierto, la base avanzada de operaciones Ice se  encuentra en uno de los enclaves m\u00e1s peligrosos de la guerra de  Afganist\u00e1n. A su alrededor no hay nada m\u00e1s que arena y una luz tan  fulgurante que perjudica a la vista. A esta base liega el \u00faltimo pelot\u00f3n  de voluntarios comandados por el subteniente Antonio Rene J\u00f3venes,  inexpertos e ignorantes de lo que les espera, para todos ellos esta  misi\u00f3n es la primera gran prueba a la que se enfrentan en su vida. En el  silencio absoluto de la noche, tumbados en sus jergones, los recuerdos  de sus vidas los invaden y escuchan el latir de sus corazones, el rumor  incesante del cuerpo humano. Cuando tengan que cruzar las l\u00edneas  enemigas y el peligro se torne real, tanto esos soldados que apenas han  dejado atr\u00e1s la adolescencia como los mandos superiores -que no por  tener m\u00e1s galones y experiencia est\u00e1n m\u00e1s cualificados para afrontar la  destrucci\u00f3n, el horror y la culpa ni para convivir con ellos el resto de  sus vidas- tendr\u00e1n que rendir cuentas con su pasado, con esas vidas que  han quedado en suspenso atrapadas en una compleja telara\u00f1a de amor,  amistad o familia.<\/p>\n<p>Poblada por personajes complejos e intensos, <strong>El cuerpo humano<\/strong> es una novela coral que consigue revelar con sorprendente precisi\u00f3n  c\u00f3mo se funden en cada uno de nosotros la cobard\u00eda y el coraje, el  ego\u00edsmo y la entrega, el deseo y la conformidad. El triunfo de esta  revelaci\u00f3n nos obliga a mirar con ojos nuevos la realidad de nuestras  propias vidas.<\/p>\n","protected":false},"excerpt":{"rendered":"<p>Poblada por personajes complejos e intensos, El cuerpo humano es una novela coral que consigue revelar con sorprendente precisi\u00f3n c\u00f3mo se funden en cada uno de nosotros la cobard\u00eda y el coraje, el ego\u00edsmo y la entrega, el deseo y la conformidad. El triunf<\/p>\n","protected":false},"featured_media":6618,"template":"","meta":[],"product_brand":[1043],"product_cat":[29],"product_tag":[],"class_list":{"0":"post-6617","1":"product","2":"type-product","3":"status-publish","4":"has-post-thumbnail","6":"product_brand-paolo-giordano","7":"product_cat-novela","9":"first","10":"instock","11":"purchasable","12":"product-type-simple"},"featured_image_urls_v2":{"full":["https:\/\/ajupe.com.uy\/web\/wp-content\/uploads\/2016\/04\/p-6617-El_cuerpo_humano_537273e6c5baa.jpg",196,320,false],"thumbnail":["https:\/\/ajupe.com.uy\/web\/wp-content\/uploads\/2016\/04\/p-6617-El_cuerpo_humano_537273e6c5baa.jpg",150,150,true],"medium":["https:\/\/ajupe.com.uy\/web\/wp-content\/uploads\/2016\/04\/p-6617-El_cuerpo_humano_537273e6c5baa.jpg",300,214,true],"medium_large":["https:\/\/ajupe.com.uy\/web\/wp-content\/uploads\/2016\/04\/p-6617-El_cuerpo_humano_537273e6c5baa.jpg",196,320,false],"large":["https:\/\/ajupe.com.uy\/web\/wp-content\/uploads\/2016\/04\/p-6617-El_cuerpo_humano_537273e6c5baa.jpg",196,320,false],"1536x1536":["https:\/\/ajupe.com.uy\/web\/wp-content\/uploads\/2016\/04\/p-6617-El_cuerpo_humano_537273e6c5baa.jpg",196,320,false],"2048x2048":["https:\/\/ajupe.com.uy\/web\/wp-content\/uploads\/2016\/04\/p-6617-El_cuerpo_humano_537273e6c5baa.jpg",196,320,false],"woocommerce_archive_thumbnail":["https:\/\/ajupe.com.uy\/web\/wp-content\/uploads\/2016\/04\/p-6617-El_cuerpo_humano_537273e6c5baa-196x300.jpg",196,300,true],"woocommerce_thumbnail":["https:\/\/ajupe.com.uy\/web\/wp-content\/uploads\/2016\/04\/p-6617-El_cuerpo_humano_537273e6c5baa-196x300.jpg",196,300,true],"woocommerce_single":["https:\/\/ajupe.com.uy\/web\/wp-content\/uploads\/2016\/04\/p-6617-El_cuerpo_humano_537273e6c5baa.jpg",196,320,false],"woocommerce_gallery_thumbnail":["https:\/\/ajupe.com.uy\/web\/wp-content\/uploads\/2016\/04\/p-6617-El_cuerpo_humano_537273e6c5baa-100x100.jpg",100,100,true]},"post_excerpt_stackable_v2":"<p>Poblada por personajes complejos e intensos, El cuerpo humano es una novela coral que consigue revelar con sorprendente precisi\u00f3n c\u00f3mo se funden en cada uno de nosotros la cobard\u00eda y el coraje, el ego\u00edsmo y la entrega, el deseo y la conformidad. El triunf<\/p>\n","category_list_v2":"","author_info_v2":{"name":"","url":""},"comments_num_v2":"0 comentarios","_links":{"self":[{"href":"https:\/\/ajupe.com.uy\/web\/wp-json\/wp\/v2\/product\/6617","targetHints":{"allow":["GET"]}}],"collection":[{"href":"https:\/\/ajupe.com.uy\/web\/wp-json\/wp\/v2\/product"}],"about":[{"href":"https:\/\/ajupe.com.uy\/web\/wp-json\/wp\/v2\/types\/product"}],"wp:featuredmedia":[{"embeddable":true,"href":"https:\/\/ajupe.com.uy\/web\/wp-json\/wp\/v2\/media\/6618"}],"wp:attachment":[{"href":"https:\/\/ajupe.com.uy\/web\/wp-json\/wp\/v2\/media?parent=6617"}],"wp:term":[{"taxonomy":"product_brand","embeddable":true,"href":"https:\/\/ajupe.com.uy\/web\/wp-json\/wp\/v2\/product_brand?post=6617"},{"taxonomy":"product_cat","embeddable":true,"href":"https:\/\/ajupe.com.uy\/web\/wp-json\/wp\/v2\/product_cat?post=6617"},{"taxonomy":"product_tag","embeddable":true,"href":"https:\/\/ajupe.com.uy\/web\/wp-json\/wp\/v2\/product_tag?post=6617"}],"curies":[{"name":"wp","href":"https:\/\/api.w.org\/{rel}","templated":true}]}}