{"id":6620,"date":"2014-05-14T18:03:15","date_gmt":"2014-05-14T21:03:15","guid":{"rendered":"http:\/\/ajupe.com.uy\/web\/?post_type=product&#038;p=6620"},"modified":"2014-05-14T18:03:15","modified_gmt":"2014-05-14T21:03:15","slug":"la-sonrisa-de-mandela","status":"publish","type":"product","link":"https:\/\/ajupe.com.uy\/web\/biblioteca\/la-sonrisa-de-mandela\/","title":{"rendered":"La sonrisa de mandela"},"content":{"rendered":"<p>El retrato m\u00e1s cercano de un icono del siglo XX y de la lucha contra la  Entre el 11 de febrero de 1990 y el 10 de mayo de 1994, Nelson Mandela  pas\u00f3 de ser el prisionero pol\u00edtico m\u00e1s famoso del mundo a presidente de  su pa\u00eds. Fueron cuatro a\u00f1os vertiginosos y fascinantes que dieron la  talla humana y pol\u00edtica de un l\u00edder excepcional. John Carlin, observador  privilegiado de esa etapa, traza un emocionante retrato de Mandela en  el que demuestra que se puede ser un gran pol\u00edtico sin dejar de ser una  gran persona, y que la reconciliaci\u00f3n y la convivencia son no solo  deseables si no posibles incluso en las circunstancias m\u00e1s dif\u00edciles.<\/p>\n","protected":false},"excerpt":{"rendered":"<p>El retrato m\u00e1s cercano de un icono del siglo XX y de la lucha contra la Entre el 11 de febrero de 1990 y el 10 de mayo de 1994, Nelson Mandela pas\u00f3 de ser el prisionero pol\u00edtico m\u00e1s famoso del mundo a presidente de su pa\u00eds.<\/p>\n","protected":false},"featured_media":6621,"template":"","meta":[],"product_brand":[983],"product_cat":[44],"product_tag":[],"class_list":{"0":"post-6620","1":"product","2":"type-product","3":"status-publish","4":"has-post-thumbnail","6":"product_brand-john-carlin","7":"product_cat-biografico","9":"first","10":"instock","11":"purchasable","12":"product-type-simple"},"featured_image_urls_v2":{"full":["https:\/\/ajupe.com.uy\/web\/wp-content\/uploads\/2016\/04\/p-6620-La_sonrisa_de_ma_5373afe2d1b47.jpg",219,334,false],"thumbnail":["https:\/\/ajupe.com.uy\/web\/wp-content\/uploads\/2016\/04\/p-6620-La_sonrisa_de_ma_5373afe2d1b47.jpg",150,150,true],"medium":["https:\/\/ajupe.com.uy\/web\/wp-content\/uploads\/2016\/04\/p-6620-La_sonrisa_de_ma_5373afe2d1b47.jpg",300,214,true],"medium_large":["https:\/\/ajupe.com.uy\/web\/wp-content\/uploads\/2016\/04\/p-6620-La_sonrisa_de_ma_5373afe2d1b47.jpg",219,334,false],"large":["https:\/\/ajupe.com.uy\/web\/wp-content\/uploads\/2016\/04\/p-6620-La_sonrisa_de_ma_5373afe2d1b47.jpg",219,334,false],"1536x1536":["https:\/\/ajupe.com.uy\/web\/wp-content\/uploads\/2016\/04\/p-6620-La_sonrisa_de_ma_5373afe2d1b47.jpg",219,334,false],"2048x2048":["https:\/\/ajupe.com.uy\/web\/wp-content\/uploads\/2016\/04\/p-6620-La_sonrisa_de_ma_5373afe2d1b47.jpg",219,334,false],"woocommerce_archive_thumbnail":["https:\/\/ajupe.com.uy\/web\/wp-content\/uploads\/2016\/04\/p-6620-La_sonrisa_de_ma_5373afe2d1b47-219x300.jpg",219,300,true],"woocommerce_thumbnail":["https:\/\/ajupe.com.uy\/web\/wp-content\/uploads\/2016\/04\/p-6620-La_sonrisa_de_ma_5373afe2d1b47-219x300.jpg",219,300,true],"woocommerce_single":["https:\/\/ajupe.com.uy\/web\/wp-content\/uploads\/2016\/04\/p-6620-La_sonrisa_de_ma_5373afe2d1b47.jpg",219,334,false],"woocommerce_gallery_thumbnail":["https:\/\/ajupe.com.uy\/web\/wp-content\/uploads\/2016\/04\/p-6620-La_sonrisa_de_ma_5373afe2d1b47-100x100.jpg",100,100,true]},"post_excerpt_stackable_v2":"<p>El retrato m\u00e1s cercano de un icono del siglo XX y de la lucha contra la Entre el 11 de febrero de 1990 y el 10 de mayo de 1994, Nelson Mandela pas\u00f3 de ser el prisionero pol\u00edtico m\u00e1s famoso del mundo a presidente de su pa\u00eds.<\/p>\n","category_list_v2":"","author_info_v2":{"name":"","url":""},"comments_num_v2":"0 comentarios","_links":{"self":[{"href":"https:\/\/ajupe.com.uy\/web\/wp-json\/wp\/v2\/product\/6620","targetHints":{"allow":["GET"]}}],"collection":[{"href":"https:\/\/ajupe.com.uy\/web\/wp-json\/wp\/v2\/product"}],"about":[{"href":"https:\/\/ajupe.com.uy\/web\/wp-json\/wp\/v2\/types\/product"}],"wp:featuredmedia":[{"embeddable":true,"href":"https:\/\/ajupe.com.uy\/web\/wp-json\/wp\/v2\/media\/6621"}],"wp:attachment":[{"href":"https:\/\/ajupe.com.uy\/web\/wp-json\/wp\/v2\/media?parent=6620"}],"wp:term":[{"taxonomy":"product_brand","embeddable":true,"href":"https:\/\/ajupe.com.uy\/web\/wp-json\/wp\/v2\/product_brand?post=6620"},{"taxonomy":"product_cat","embeddable":true,"href":"https:\/\/ajupe.com.uy\/web\/wp-json\/wp\/v2\/product_cat?post=6620"},{"taxonomy":"product_tag","embeddable":true,"href":"https:\/\/ajupe.com.uy\/web\/wp-json\/wp\/v2\/product_tag?post=6620"}],"curies":[{"name":"wp","href":"https:\/\/api.w.org\/{rel}","templated":true}]}}