{"id":6629,"date":"2014-05-14T18:27:10","date_gmt":"2014-05-14T21:27:10","guid":{"rendered":"http:\/\/ajupe.com.uy\/web\/?post_type=product&#038;p=6629"},"modified":"2014-05-14T18:27:10","modified_gmt":"2014-05-14T21:27:10","slug":"el-caballero-de-la-armadura-oxidada-2","status":"publish","type":"product","link":"https:\/\/ajupe.com.uy\/web\/biblioteca\/el-caballero-de-la-armadura-oxidada-2\/","title":{"rendered":"El caballero de la armadura oxidada"},"content":{"rendered":"<p><em>El Caballero de la armadura oxidada<\/em> no es un libro&#8230; es una  experiencia que expande nuestra mente, que nos llega al coraz\u00f3n y  alimenta nuestra alma. Sus profundas ense\u00f1anzas \u00e9ticas son de una  sencillez y humildad tal que se consiguen interiorizar naturalmente y la  riqueza de su prosa nos inunda de belleza. <br \/>El protagonista, un  caballero deslumbrado por el brillo de su propia armadura, a pesar de  ser bueno, generoso y amoroso, no consigue comprender y valorar con  profundidad lo que tiene, descuidando \u201csin querer\u201d las cosas y las  personas que le rodean. <br \/>Su armadura se va oxidando hasta que deja de brillar y, cuando se da cuenta, ya no puede quit\u00e1rsela. <br \/>Prisionero  de s\u00ed mismo, emprende entonces un viaje al final del cual, gracias a la  ayuda de diversos personajes, logra deshacerse de la armadura que le ha  imposibilitado abrirse al mundo. Este libro nos ense\u00f1a, con un sutil  sentido del humor, que debemos liberarnos de las barreras que nos  impiden conocernos y amarnos a nosotros mismos para poder ser capaces de  dar y recibir amor en abundancia.<\/p>\n","protected":false},"excerpt":{"rendered":"<p>El Caballero de la armadura oxidada no es un libro&#8230; es una experiencia que expande nuestra mente, que nos llega al coraz\u00f3n y alimenta nuestra alma. Sus profundas ense\u00f1anzas \u00e9ticas son de una sencillez y humildad tal que se consiguen interiorizar natural<\/p>\n","protected":false},"featured_media":6630,"template":"","meta":[],"product_brand":[428],"product_cat":[29],"product_tag":[],"class_list":{"0":"post-6629","1":"product","2":"type-product","3":"status-publish","4":"has-post-thumbnail","6":"product_brand-robert-fisher","7":"product_cat-novela","9":"first","10":"instock","11":"purchasable","12":"product-type-simple"},"featured_image_urls_v2":{"full":["https:\/\/ajupe.com.uy\/web\/wp-content\/uploads\/2016\/04\/p-6629-El_caballero_de__5373b57e93252.jpg",198,308,false],"thumbnail":["https:\/\/ajupe.com.uy\/web\/wp-content\/uploads\/2016\/04\/p-6629-El_caballero_de__5373b57e93252.jpg",150,150,true],"medium":["https:\/\/ajupe.com.uy\/web\/wp-content\/uploads\/2016\/04\/p-6629-El_caballero_de__5373b57e93252.jpg",300,214,true],"medium_large":["https:\/\/ajupe.com.uy\/web\/wp-content\/uploads\/2016\/04\/p-6629-El_caballero_de__5373b57e93252.jpg",198,308,false],"large":["https:\/\/ajupe.com.uy\/web\/wp-content\/uploads\/2016\/04\/p-6629-El_caballero_de__5373b57e93252.jpg",198,308,false],"1536x1536":["https:\/\/ajupe.com.uy\/web\/wp-content\/uploads\/2016\/04\/p-6629-El_caballero_de__5373b57e93252.jpg",198,308,false],"2048x2048":["https:\/\/ajupe.com.uy\/web\/wp-content\/uploads\/2016\/04\/p-6629-El_caballero_de__5373b57e93252.jpg",198,308,false],"woocommerce_archive_thumbnail":["https:\/\/ajupe.com.uy\/web\/wp-content\/uploads\/2016\/04\/p-6629-El_caballero_de__5373b57e93252-198x300.jpg",198,300,true],"woocommerce_thumbnail":["https:\/\/ajupe.com.uy\/web\/wp-content\/uploads\/2016\/04\/p-6629-El_caballero_de__5373b57e93252-198x300.jpg",198,300,true],"woocommerce_single":["https:\/\/ajupe.com.uy\/web\/wp-content\/uploads\/2016\/04\/p-6629-El_caballero_de__5373b57e93252.jpg",198,308,false],"woocommerce_gallery_thumbnail":["https:\/\/ajupe.com.uy\/web\/wp-content\/uploads\/2016\/04\/p-6629-El_caballero_de__5373b57e93252-100x100.jpg",100,100,true]},"post_excerpt_stackable_v2":"<p>El Caballero de la armadura oxidada no es un libro&#8230; es una experiencia que expande nuestra mente, que nos llega al coraz\u00f3n y alimenta nuestra alma. Sus profundas ense\u00f1anzas \u00e9ticas son de una sencillez y humildad tal que se consiguen interiorizar natural<\/p>\n","category_list_v2":"","author_info_v2":{"name":"","url":""},"comments_num_v2":"0 comentarios","_links":{"self":[{"href":"https:\/\/ajupe.com.uy\/web\/wp-json\/wp\/v2\/product\/6629","targetHints":{"allow":["GET"]}}],"collection":[{"href":"https:\/\/ajupe.com.uy\/web\/wp-json\/wp\/v2\/product"}],"about":[{"href":"https:\/\/ajupe.com.uy\/web\/wp-json\/wp\/v2\/types\/product"}],"wp:featuredmedia":[{"embeddable":true,"href":"https:\/\/ajupe.com.uy\/web\/wp-json\/wp\/v2\/media\/6630"}],"wp:attachment":[{"href":"https:\/\/ajupe.com.uy\/web\/wp-json\/wp\/v2\/media?parent=6629"}],"wp:term":[{"taxonomy":"product_brand","embeddable":true,"href":"https:\/\/ajupe.com.uy\/web\/wp-json\/wp\/v2\/product_brand?post=6629"},{"taxonomy":"product_cat","embeddable":true,"href":"https:\/\/ajupe.com.uy\/web\/wp-json\/wp\/v2\/product_cat?post=6629"},{"taxonomy":"product_tag","embeddable":true,"href":"https:\/\/ajupe.com.uy\/web\/wp-json\/wp\/v2\/product_tag?post=6629"}],"curies":[{"name":"wp","href":"https:\/\/api.w.org\/{rel}","templated":true}]}}