{"id":6644,"date":"2014-05-14T19:01:41","date_gmt":"2014-05-14T22:01:41","guid":{"rendered":"http:\/\/ajupe.com.uy\/web\/?post_type=product&#038;p=6644"},"modified":"2014-05-14T19:01:41","modified_gmt":"2014-05-14T22:01:41","slug":"la-broma","status":"publish","type":"product","link":"https:\/\/ajupe.com.uy\/web\/biblioteca\/la-broma\/","title":{"rendered":"La broma"},"content":{"rendered":"<p>En esta novela, a un tiempo implacable y nost\u00e1lgica, no s\u00f3lo son objeto  de indagaci\u00f3n la Historia, el amor, la juventud, sino tambi\u00e9n el hombre  mismo, los hombres. Jean-Paul Sartre lo indic\u00f3: \u00abLa pregunta que plantea  Kundera es sumamente radical: \u00bfpor qu\u00e9 debi\u00e9ramos sentir amor por  ellos? S\u00ed, \u00bfpor qu\u00e9? Tal vez podremos responder a esta pregunta un d\u00eda,  tal vez nunca.\u00bb<\/p>\n","protected":false},"excerpt":{"rendered":"<p>La broma es un libro que forma parte del destino de la Europa contempor\u00e1nea.<\/p>\n","protected":false},"featured_media":6645,"template":"","meta":[],"product_brand":[252],"product_cat":[29],"product_tag":[],"class_list":{"0":"post-6644","1":"product","2":"type-product","3":"status-publish","4":"has-post-thumbnail","6":"product_brand-milan-kundera","7":"product_cat-novela","9":"first","10":"instock","11":"purchasable","12":"product-type-simple"},"featured_image_urls_v2":{"full":["https:\/\/ajupe.com.uy\/web\/wp-content\/uploads\/2016\/04\/p-6644-La_broma_5373bd94d8da5.jpg",219,326,false],"thumbnail":["https:\/\/ajupe.com.uy\/web\/wp-content\/uploads\/2016\/04\/p-6644-La_broma_5373bd94d8da5.jpg",150,150,true],"medium":["https:\/\/ajupe.com.uy\/web\/wp-content\/uploads\/2016\/04\/p-6644-La_broma_5373bd94d8da5.jpg",300,214,true],"medium_large":["https:\/\/ajupe.com.uy\/web\/wp-content\/uploads\/2016\/04\/p-6644-La_broma_5373bd94d8da5.jpg",219,326,false],"large":["https:\/\/ajupe.com.uy\/web\/wp-content\/uploads\/2016\/04\/p-6644-La_broma_5373bd94d8da5.jpg",219,326,false],"1536x1536":["https:\/\/ajupe.com.uy\/web\/wp-content\/uploads\/2016\/04\/p-6644-La_broma_5373bd94d8da5.jpg",219,326,false],"2048x2048":["https:\/\/ajupe.com.uy\/web\/wp-content\/uploads\/2016\/04\/p-6644-La_broma_5373bd94d8da5.jpg",219,326,false],"woocommerce_archive_thumbnail":["https:\/\/ajupe.com.uy\/web\/wp-content\/uploads\/2016\/04\/p-6644-La_broma_5373bd94d8da5-219x300.jpg",219,300,true],"woocommerce_thumbnail":["https:\/\/ajupe.com.uy\/web\/wp-content\/uploads\/2016\/04\/p-6644-La_broma_5373bd94d8da5-219x300.jpg",219,300,true],"woocommerce_single":["https:\/\/ajupe.com.uy\/web\/wp-content\/uploads\/2016\/04\/p-6644-La_broma_5373bd94d8da5.jpg",219,326,false],"woocommerce_gallery_thumbnail":["https:\/\/ajupe.com.uy\/web\/wp-content\/uploads\/2016\/04\/p-6644-La_broma_5373bd94d8da5-100x100.jpg",100,100,true]},"post_excerpt_stackable_v2":"<p>La broma es un libro que forma parte del destino de la Europa contempor\u00e1nea.<\/p>\n","category_list_v2":"","author_info_v2":{"name":"","url":""},"comments_num_v2":"0 comentarios","_links":{"self":[{"href":"https:\/\/ajupe.com.uy\/web\/wp-json\/wp\/v2\/product\/6644","targetHints":{"allow":["GET"]}}],"collection":[{"href":"https:\/\/ajupe.com.uy\/web\/wp-json\/wp\/v2\/product"}],"about":[{"href":"https:\/\/ajupe.com.uy\/web\/wp-json\/wp\/v2\/types\/product"}],"wp:featuredmedia":[{"embeddable":true,"href":"https:\/\/ajupe.com.uy\/web\/wp-json\/wp\/v2\/media\/6645"}],"wp:attachment":[{"href":"https:\/\/ajupe.com.uy\/web\/wp-json\/wp\/v2\/media?parent=6644"}],"wp:term":[{"taxonomy":"product_brand","embeddable":true,"href":"https:\/\/ajupe.com.uy\/web\/wp-json\/wp\/v2\/product_brand?post=6644"},{"taxonomy":"product_cat","embeddable":true,"href":"https:\/\/ajupe.com.uy\/web\/wp-json\/wp\/v2\/product_cat?post=6644"},{"taxonomy":"product_tag","embeddable":true,"href":"https:\/\/ajupe.com.uy\/web\/wp-json\/wp\/v2\/product_tag?post=6644"}],"curies":[{"name":"wp","href":"https:\/\/api.w.org\/{rel}","templated":true}]}}