{"id":6659,"date":"2014-05-14T20:35:31","date_gmt":"2014-05-14T23:35:31","guid":{"rendered":"http:\/\/ajupe.com.uy\/web\/?post_type=product&#038;p=6659"},"modified":"2014-05-14T20:35:31","modified_gmt":"2014-05-14T23:35:31","slug":"el-doctor-figari","status":"publish","type":"product","link":"https:\/\/ajupe.com.uy\/web\/biblioteca\/el-doctor-figari\/","title":{"rendered":"El Doctor Figari"},"content":{"rendered":"<p>La obra, desde su t\u00edtulo, alude a la personalidad polifac\u00e9tica de este  artista singular, que en la madurez se consagr\u00f3 como pintor cuando hab\u00eda  desarrollado una relevante trayectoria en la vida nacional, en la que  irrumpi\u00f3 como joven penalista.<\/p>\n","protected":false},"excerpt":{"rendered":"<p>La obra, desde su t\u00edtulo, alude a la personalidad polifac\u00e9tica de este artista singular, que en la madurez se consagr\u00f3 como pintor cuando hab\u00eda desarrollado una relevante trayectoria en la vida nacional, en la que irrumpi\u00f3 como joven penalista.<\/p>\n","protected":false},"featured_media":6660,"template":"","meta":[],"product_brand":[762],"product_cat":[44],"product_tag":[],"class_list":{"0":"post-6659","1":"product","2":"type-product","3":"status-publish","4":"has-post-thumbnail","6":"product_brand-julio-maria-sanguinetti","7":"product_cat-biografico","9":"first","10":"instock","11":"purchasable","12":"product-type-simple"},"featured_image_urls_v2":{"full":["https:\/\/ajupe.com.uy\/web\/wp-content\/uploads\/2016\/04\/p-6659-El_Doctor_Figari_5373d393a17ff.jpg",220,352,false],"thumbnail":["https:\/\/ajupe.com.uy\/web\/wp-content\/uploads\/2016\/04\/p-6659-El_Doctor_Figari_5373d393a17ff.jpg",150,150,true],"medium":["https:\/\/ajupe.com.uy\/web\/wp-content\/uploads\/2016\/04\/p-6659-El_Doctor_Figari_5373d393a17ff.jpg",300,214,true],"medium_large":["https:\/\/ajupe.com.uy\/web\/wp-content\/uploads\/2016\/04\/p-6659-El_Doctor_Figari_5373d393a17ff.jpg",220,352,false],"large":["https:\/\/ajupe.com.uy\/web\/wp-content\/uploads\/2016\/04\/p-6659-El_Doctor_Figari_5373d393a17ff.jpg",220,352,false],"1536x1536":["https:\/\/ajupe.com.uy\/web\/wp-content\/uploads\/2016\/04\/p-6659-El_Doctor_Figari_5373d393a17ff.jpg",220,352,false],"2048x2048":["https:\/\/ajupe.com.uy\/web\/wp-content\/uploads\/2016\/04\/p-6659-El_Doctor_Figari_5373d393a17ff.jpg",220,352,false],"woocommerce_archive_thumbnail":["https:\/\/ajupe.com.uy\/web\/wp-content\/uploads\/2016\/04\/p-6659-El_Doctor_Figari_5373d393a17ff-220x300.jpg",220,300,true],"woocommerce_thumbnail":["https:\/\/ajupe.com.uy\/web\/wp-content\/uploads\/2016\/04\/p-6659-El_Doctor_Figari_5373d393a17ff-220x300.jpg",220,300,true],"woocommerce_single":["https:\/\/ajupe.com.uy\/web\/wp-content\/uploads\/2016\/04\/p-6659-El_Doctor_Figari_5373d393a17ff.jpg",220,352,false],"woocommerce_gallery_thumbnail":["https:\/\/ajupe.com.uy\/web\/wp-content\/uploads\/2016\/04\/p-6659-El_Doctor_Figari_5373d393a17ff-100x100.jpg",100,100,true]},"post_excerpt_stackable_v2":"<p>La obra, desde su t\u00edtulo, alude a la personalidad polifac\u00e9tica de este artista singular, que en la madurez se consagr\u00f3 como pintor cuando hab\u00eda desarrollado una relevante trayectoria en la vida nacional, en la que irrumpi\u00f3 como joven penalista.<\/p>\n","category_list_v2":"","author_info_v2":{"name":"","url":""},"comments_num_v2":"0 comentarios","_links":{"self":[{"href":"https:\/\/ajupe.com.uy\/web\/wp-json\/wp\/v2\/product\/6659","targetHints":{"allow":["GET"]}}],"collection":[{"href":"https:\/\/ajupe.com.uy\/web\/wp-json\/wp\/v2\/product"}],"about":[{"href":"https:\/\/ajupe.com.uy\/web\/wp-json\/wp\/v2\/types\/product"}],"wp:featuredmedia":[{"embeddable":true,"href":"https:\/\/ajupe.com.uy\/web\/wp-json\/wp\/v2\/media\/6660"}],"wp:attachment":[{"href":"https:\/\/ajupe.com.uy\/web\/wp-json\/wp\/v2\/media?parent=6659"}],"wp:term":[{"taxonomy":"product_brand","embeddable":true,"href":"https:\/\/ajupe.com.uy\/web\/wp-json\/wp\/v2\/product_brand?post=6659"},{"taxonomy":"product_cat","embeddable":true,"href":"https:\/\/ajupe.com.uy\/web\/wp-json\/wp\/v2\/product_cat?post=6659"},{"taxonomy":"product_tag","embeddable":true,"href":"https:\/\/ajupe.com.uy\/web\/wp-json\/wp\/v2\/product_tag?post=6659"}],"curies":[{"name":"wp","href":"https:\/\/api.w.org\/{rel}","templated":true}]}}