{"id":6668,"date":"2014-05-15T18:38:17","date_gmt":"2014-05-15T21:38:17","guid":{"rendered":"http:\/\/ajupe.com.uy\/web\/?post_type=product&#038;p=6668"},"modified":"2014-05-15T18:38:17","modified_gmt":"2014-05-15T21:38:17","slug":"herejes","status":"publish","type":"product","link":"https:\/\/ajupe.com.uy\/web\/biblioteca\/herejes\/","title":{"rendered":"Herejes"},"content":{"rendered":"<p>En 1939, el barco S.S. Saint Louis, con novecientos jud\u00edos que lograron  huir de Alemania, estuvo fondeado varios d\u00edas frente al puerto de La  Habana a la espera del permiso para los refugiados. El ni\u00f1o Daniel  Kaminsky y su t\u00edo esperaron en el muelle a que desembarcaran sus  familiares, confiados en que usaran ante los funcionarios el tesoro que  portaban a escondidas: un peque\u00f1o lienzo de Rembrandt que perteneci\u00f3 a  los Kaminsky desde el siglo XVII. Pero el plan fracas\u00f3 y el barco  regres\u00f3 a Alemania, llev\u00e1ndose con \u00e9l toda esperanza de reencuentro. <\/p>\n<p>Muchos  a\u00f1os despu\u00e9s, en 2007, la noticia de que ese lienzo se subasta en  Londres, provoca que el hijo de Daniel, El\u00edas, decida viajar a La Habana  desde Estados Unidos para aclarar qu\u00e9 sucedi\u00f3 realmente con el cuadro y  su familia. S\u00f3lo alguien como el Conde puede ayudarle en la misi\u00f3n. Y  en los encuentros y las conversaciones sabremos que Daniel decidi\u00f3  cambiar radicalmente de vida y que le atormentaba un crimen. Tambi\u00e9n que  ese cuadro, una imagen de Cristo, tuvo como modelo a otro jud\u00edo, que en  la \u00c1msterdam del siglo XVII rompi\u00f3 todas las convenciones de clase y de  religi\u00f3n para trabajar en el taller de Rembrandt y aprender a pintar  con el maestro.<\/p>\n","protected":false},"excerpt":{"rendered":"<p>En 1939, el barco S.S. Saint Louis, con novecientos jud\u00edos que lograron huir de Alemania, estuvo fondeado varios d\u00edas frente al puerto de La Habana a la espera del permiso para los refugiados.<\/p>\n","protected":false},"featured_media":6669,"template":"","meta":[],"product_brand":[1278],"product_cat":[29],"product_tag":[],"class_list":{"0":"post-6668","1":"product","2":"type-product","3":"status-publish","4":"has-post-thumbnail","6":"product_brand-leonardo-padura","7":"product_cat-novela","9":"first","10":"instock","11":"purchasable","12":"product-type-simple"},"featured_image_urls_v2":{"full":["https:\/\/ajupe.com.uy\/web\/wp-content\/uploads\/2016\/04\/p-6668-Herejes_53750999e25a7.jpg",219,328,false],"thumbnail":["https:\/\/ajupe.com.uy\/web\/wp-content\/uploads\/2016\/04\/p-6668-Herejes_53750999e25a7.jpg",150,150,true],"medium":["https:\/\/ajupe.com.uy\/web\/wp-content\/uploads\/2016\/04\/p-6668-Herejes_53750999e25a7.jpg",300,214,true],"medium_large":["https:\/\/ajupe.com.uy\/web\/wp-content\/uploads\/2016\/04\/p-6668-Herejes_53750999e25a7.jpg",219,328,false],"large":["https:\/\/ajupe.com.uy\/web\/wp-content\/uploads\/2016\/04\/p-6668-Herejes_53750999e25a7.jpg",219,328,false],"1536x1536":["https:\/\/ajupe.com.uy\/web\/wp-content\/uploads\/2016\/04\/p-6668-Herejes_53750999e25a7.jpg",219,328,false],"2048x2048":["https:\/\/ajupe.com.uy\/web\/wp-content\/uploads\/2016\/04\/p-6668-Herejes_53750999e25a7.jpg",219,328,false],"woocommerce_archive_thumbnail":["https:\/\/ajupe.com.uy\/web\/wp-content\/uploads\/2016\/04\/p-6668-Herejes_53750999e25a7-219x300.jpg",219,300,true],"woocommerce_thumbnail":["https:\/\/ajupe.com.uy\/web\/wp-content\/uploads\/2016\/04\/p-6668-Herejes_53750999e25a7-219x300.jpg",219,300,true],"woocommerce_single":["https:\/\/ajupe.com.uy\/web\/wp-content\/uploads\/2016\/04\/p-6668-Herejes_53750999e25a7.jpg",219,328,false],"woocommerce_gallery_thumbnail":["https:\/\/ajupe.com.uy\/web\/wp-content\/uploads\/2016\/04\/p-6668-Herejes_53750999e25a7-100x100.jpg",100,100,true]},"post_excerpt_stackable_v2":"<p>En 1939, el barco S.S. Saint Louis, con novecientos jud\u00edos que lograron huir de Alemania, estuvo fondeado varios d\u00edas frente al puerto de La Habana a la espera del permiso para los refugiados.<\/p>\n","category_list_v2":"","author_info_v2":{"name":"","url":""},"comments_num_v2":"0 comentarios","_links":{"self":[{"href":"https:\/\/ajupe.com.uy\/web\/wp-json\/wp\/v2\/product\/6668","targetHints":{"allow":["GET"]}}],"collection":[{"href":"https:\/\/ajupe.com.uy\/web\/wp-json\/wp\/v2\/product"}],"about":[{"href":"https:\/\/ajupe.com.uy\/web\/wp-json\/wp\/v2\/types\/product"}],"wp:featuredmedia":[{"embeddable":true,"href":"https:\/\/ajupe.com.uy\/web\/wp-json\/wp\/v2\/media\/6669"}],"wp:attachment":[{"href":"https:\/\/ajupe.com.uy\/web\/wp-json\/wp\/v2\/media?parent=6668"}],"wp:term":[{"taxonomy":"product_brand","embeddable":true,"href":"https:\/\/ajupe.com.uy\/web\/wp-json\/wp\/v2\/product_brand?post=6668"},{"taxonomy":"product_cat","embeddable":true,"href":"https:\/\/ajupe.com.uy\/web\/wp-json\/wp\/v2\/product_cat?post=6668"},{"taxonomy":"product_tag","embeddable":true,"href":"https:\/\/ajupe.com.uy\/web\/wp-json\/wp\/v2\/product_tag?post=6668"}],"curies":[{"name":"wp","href":"https:\/\/api.w.org\/{rel}","templated":true}]}}