{"id":6686,"date":"2014-05-15T19:02:52","date_gmt":"2014-05-15T22:02:52","guid":{"rendered":"http:\/\/ajupe.com.uy\/web\/?post_type=product&#038;p=6686"},"modified":"2014-05-15T19:02:52","modified_gmt":"2014-05-15T22:02:52","slug":"asuntos-del-corazon","status":"publish","type":"product","link":"https:\/\/ajupe.com.uy\/web\/biblioteca\/asuntos-del-corazon\/","title":{"rendered":"Asuntos del coraz\u00f3n"},"content":{"rendered":"<p>La historia inolvidable de un amor peligrosamente obsesivo.Tras un  divorcio demoledor, Hope Dunne ha logrado encontrar la fuerza necesaria  para sobrevivir centr\u00e1ndose en su profesi\u00f3n, la fotograf\u00eda. Desde el  refugio de su loft neoyorkino, Hope se ha acostumbrado a la soledad y a  sentir emociones solo a trav\u00e9s de la lente de su c\u00e1mara.Pero todo su  aparente equilibrio fluctuar\u00e1 cuando acepte un encargo inesperado y  viaje hasta Londres para retratar a un famoso escritor, Finn ONeill.Hope  se dejar\u00e1 seducir por la amabilidad del atractivo autor, que no dudar\u00e1  en cortejarla desde el primer momento y la convencer\u00e1 para que vaya a  vivir con \u00e9l a su mansi\u00f3n en Irlanda. En cuesti\u00f3n de d\u00edas Hope se  hallar\u00e1 perdidamente enamorada de este hombre de carisma e inteligencia  arrolladores, y volcada en una relaci\u00f3n que avanza a un ritmo  vertiginoso.<\/p>\n","protected":false},"excerpt":{"rendered":"<p>La historia inolvidable de un amor peligrosamente obsesivo.Tras un divorcio demoledor, Hope Dunne ha logrado encontrar la fuerza necesaria para sobrevivir centr\u00e1ndose en su profesi\u00f3n, la fotograf\u00eda.<\/p>\n","protected":false},"featured_media":6687,"template":"","meta":[],"product_brand":[193],"product_cat":[38,29],"product_tag":[],"class_list":{"0":"post-6686","1":"product","2":"type-product","3":"status-publish","4":"has-post-thumbnail","6":"product_brand-danielle-steel","7":"product_cat-amor","8":"product_cat-novela","10":"first","11":"instock","12":"purchasable","13":"product-type-simple"},"featured_image_urls_v2":{"full":["https:\/\/ajupe.com.uy\/web\/wp-content\/uploads\/2016\/04\/p-6686-Asuntos_del_cora_53750f5ce2dfd.jpg",226,335,false],"thumbnail":["https:\/\/ajupe.com.uy\/web\/wp-content\/uploads\/2016\/04\/p-6686-Asuntos_del_cora_53750f5ce2dfd.jpg",150,150,true],"medium":["https:\/\/ajupe.com.uy\/web\/wp-content\/uploads\/2016\/04\/p-6686-Asuntos_del_cora_53750f5ce2dfd.jpg",300,214,true],"medium_large":["https:\/\/ajupe.com.uy\/web\/wp-content\/uploads\/2016\/04\/p-6686-Asuntos_del_cora_53750f5ce2dfd.jpg",226,335,false],"large":["https:\/\/ajupe.com.uy\/web\/wp-content\/uploads\/2016\/04\/p-6686-Asuntos_del_cora_53750f5ce2dfd.jpg",226,335,false],"1536x1536":["https:\/\/ajupe.com.uy\/web\/wp-content\/uploads\/2016\/04\/p-6686-Asuntos_del_cora_53750f5ce2dfd.jpg",226,335,false],"2048x2048":["https:\/\/ajupe.com.uy\/web\/wp-content\/uploads\/2016\/04\/p-6686-Asuntos_del_cora_53750f5ce2dfd.jpg",226,335,false],"woocommerce_archive_thumbnail":["https:\/\/ajupe.com.uy\/web\/wp-content\/uploads\/2016\/04\/p-6686-Asuntos_del_cora_53750f5ce2dfd-226x300.jpg",226,300,true],"woocommerce_thumbnail":["https:\/\/ajupe.com.uy\/web\/wp-content\/uploads\/2016\/04\/p-6686-Asuntos_del_cora_53750f5ce2dfd-226x300.jpg",226,300,true],"woocommerce_single":["https:\/\/ajupe.com.uy\/web\/wp-content\/uploads\/2016\/04\/p-6686-Asuntos_del_cora_53750f5ce2dfd.jpg",226,335,false],"woocommerce_gallery_thumbnail":["https:\/\/ajupe.com.uy\/web\/wp-content\/uploads\/2016\/04\/p-6686-Asuntos_del_cora_53750f5ce2dfd-100x100.jpg",100,100,true]},"post_excerpt_stackable_v2":"<p>La historia inolvidable de un amor peligrosamente obsesivo.Tras un divorcio demoledor, Hope Dunne ha logrado encontrar la fuerza necesaria para sobrevivir centr\u00e1ndose en su profesi\u00f3n, la fotograf\u00eda.<\/p>\n","category_list_v2":"","author_info_v2":{"name":"","url":""},"comments_num_v2":"0 comentarios","_links":{"self":[{"href":"https:\/\/ajupe.com.uy\/web\/wp-json\/wp\/v2\/product\/6686","targetHints":{"allow":["GET"]}}],"collection":[{"href":"https:\/\/ajupe.com.uy\/web\/wp-json\/wp\/v2\/product"}],"about":[{"href":"https:\/\/ajupe.com.uy\/web\/wp-json\/wp\/v2\/types\/product"}],"wp:featuredmedia":[{"embeddable":true,"href":"https:\/\/ajupe.com.uy\/web\/wp-json\/wp\/v2\/media\/6687"}],"wp:attachment":[{"href":"https:\/\/ajupe.com.uy\/web\/wp-json\/wp\/v2\/media?parent=6686"}],"wp:term":[{"taxonomy":"product_brand","embeddable":true,"href":"https:\/\/ajupe.com.uy\/web\/wp-json\/wp\/v2\/product_brand?post=6686"},{"taxonomy":"product_cat","embeddable":true,"href":"https:\/\/ajupe.com.uy\/web\/wp-json\/wp\/v2\/product_cat?post=6686"},{"taxonomy":"product_tag","embeddable":true,"href":"https:\/\/ajupe.com.uy\/web\/wp-json\/wp\/v2\/product_tag?post=6686"}],"curies":[{"name":"wp","href":"https:\/\/api.w.org\/{rel}","templated":true}]}}