{"id":6689,"date":"2014-05-15T19:05:53","date_gmt":"2014-05-15T22:05:53","guid":{"rendered":"http:\/\/ajupe.com.uy\/web\/?post_type=product&#038;p=6689"},"modified":"2014-05-15T19:05:53","modified_gmt":"2014-05-15T22:05:53","slug":"rescate-2","status":"publish","type":"product","link":"https:\/\/ajupe.com.uy\/web\/biblioteca\/rescate-2\/","title":{"rendered":"Rescate"},"content":{"rendered":"<p>Denise Holton, una joven de veintinueve a\u00f1os y madre soltera de un ni\u00f1o  con dificultades de aprendizaje, est\u00e1 demasiado ocupada en sacar  adelante a su hijo como para pensar en el amor. Taylor McAden, por su  parte, es un bombero voluntario que se juega la vida en operaciones de  salvamento cada vez m\u00e1s arriesgadas, al tiempo que rehuye cualquier  compromiso sentimental serio. Pero cuando logra rescatar al peque\u00f1o  Kyle, que ha desaparecido durante un tornado, las vidas de Denise y  Taylor dan un vuelco inesperado. Por fin parecen haber descubierto el  amor perfecto hasta que, repentinamente, \u00e9l decide dejarlo todo. \u00bfQu\u00e9 es  lo que le impide vivir esta relaci\u00f3n? \u00bfPodr\u00e1 Denise ayudarle a  enfrentarse a los fantasmas del pasado? <br \/>Sparks nos cuenta una  historia de amor tan intensa como compleja, que atrapa desde la primera  p\u00e1gina. Su talento de narrador, unido a su gran sensibilidad para captar  las sutilezas del alma humana, otorga a sus historias un grado de  realismo que aprecian sus miles de lectores.<\/p>\n","protected":false},"excerpt":{"rendered":"<p>Denise Holton, una joven de veintinueve a\u00f1os y madre soltera de un ni\u00f1o con dificultades de aprendizaje, est\u00e1 demasiado ocupada en sacar adelante a su hijo como para pensar en el amor. Taylor McAden, por su parte, es un bombero voluntario que se juega la <\/p>\n","protected":false},"featured_media":6690,"template":"","meta":[],"product_brand":[441],"product_cat":[38,29],"product_tag":[],"class_list":{"0":"post-6689","1":"product","2":"type-product","3":"status-publish","4":"has-post-thumbnail","6":"product_brand-nicholas-sparks","7":"product_cat-amor","8":"product_cat-novela","10":"first","11":"instock","12":"purchasable","13":"product-type-simple"},"featured_image_urls_v2":{"full":["https:\/\/ajupe.com.uy\/web\/wp-content\/uploads\/2016\/04\/p-6689-Rescate_537510114b54b.jpg",226,335,false],"thumbnail":["https:\/\/ajupe.com.uy\/web\/wp-content\/uploads\/2016\/04\/p-6689-Rescate_537510114b54b.jpg",150,150,true],"medium":["https:\/\/ajupe.com.uy\/web\/wp-content\/uploads\/2016\/04\/p-6689-Rescate_537510114b54b.jpg",300,214,true],"medium_large":["https:\/\/ajupe.com.uy\/web\/wp-content\/uploads\/2016\/04\/p-6689-Rescate_537510114b54b.jpg",226,335,false],"large":["https:\/\/ajupe.com.uy\/web\/wp-content\/uploads\/2016\/04\/p-6689-Rescate_537510114b54b.jpg",226,335,false],"1536x1536":["https:\/\/ajupe.com.uy\/web\/wp-content\/uploads\/2016\/04\/p-6689-Rescate_537510114b54b.jpg",226,335,false],"2048x2048":["https:\/\/ajupe.com.uy\/web\/wp-content\/uploads\/2016\/04\/p-6689-Rescate_537510114b54b.jpg",226,335,false],"woocommerce_archive_thumbnail":["https:\/\/ajupe.com.uy\/web\/wp-content\/uploads\/2016\/04\/p-6689-Rescate_537510114b54b-226x300.jpg",226,300,true],"woocommerce_thumbnail":["https:\/\/ajupe.com.uy\/web\/wp-content\/uploads\/2016\/04\/p-6689-Rescate_537510114b54b-226x300.jpg",226,300,true],"woocommerce_single":["https:\/\/ajupe.com.uy\/web\/wp-content\/uploads\/2016\/04\/p-6689-Rescate_537510114b54b.jpg",226,335,false],"woocommerce_gallery_thumbnail":["https:\/\/ajupe.com.uy\/web\/wp-content\/uploads\/2016\/04\/p-6689-Rescate_537510114b54b-100x100.jpg",100,100,true]},"post_excerpt_stackable_v2":"<p>Denise Holton, una joven de veintinueve a\u00f1os y madre soltera de un ni\u00f1o con dificultades de aprendizaje, est\u00e1 demasiado ocupada en sacar adelante a su hijo como para pensar en el amor. Taylor McAden, por su parte, es un bombero voluntario que se juega la <\/p>\n","category_list_v2":"","author_info_v2":{"name":"","url":""},"comments_num_v2":"0 comentarios","_links":{"self":[{"href":"https:\/\/ajupe.com.uy\/web\/wp-json\/wp\/v2\/product\/6689","targetHints":{"allow":["GET"]}}],"collection":[{"href":"https:\/\/ajupe.com.uy\/web\/wp-json\/wp\/v2\/product"}],"about":[{"href":"https:\/\/ajupe.com.uy\/web\/wp-json\/wp\/v2\/types\/product"}],"wp:featuredmedia":[{"embeddable":true,"href":"https:\/\/ajupe.com.uy\/web\/wp-json\/wp\/v2\/media\/6690"}],"wp:attachment":[{"href":"https:\/\/ajupe.com.uy\/web\/wp-json\/wp\/v2\/media?parent=6689"}],"wp:term":[{"taxonomy":"product_brand","embeddable":true,"href":"https:\/\/ajupe.com.uy\/web\/wp-json\/wp\/v2\/product_brand?post=6689"},{"taxonomy":"product_cat","embeddable":true,"href":"https:\/\/ajupe.com.uy\/web\/wp-json\/wp\/v2\/product_cat?post=6689"},{"taxonomy":"product_tag","embeddable":true,"href":"https:\/\/ajupe.com.uy\/web\/wp-json\/wp\/v2\/product_tag?post=6689"}],"curies":[{"name":"wp","href":"https:\/\/api.w.org\/{rel}","templated":true}]}}