{"id":6701,"date":"2014-09-18T19:51:29","date_gmt":"2014-09-18T22:51:29","guid":{"rendered":"http:\/\/ajupe.com.uy\/web\/?post_type=product&#038;p=6701"},"modified":"2014-09-18T19:54:39","modified_gmt":"2014-09-18T22:54:39","slug":"1984","status":"publish","type":"product","link":"https:\/\/ajupe.com.uy\/web\/biblioteca\/1984\/","title":{"rendered":"1984"},"content":{"rendered":"<p>Londres, 1984: Winston Smith decide rebelarse ante un gobierno totalitario que controla cada uno de los movimientos de sus ciudadanos y castiga incluso a aquellos que delinquen con el pensamiento. Consciente de las terribles consecuencias que puede acarrear la disidencia, Winston se une a la ambigua Hermandad por mediaci\u00f3n del l\u00edder O\u2019&#8217;Brien. Paulatinamente, sin embargo, nuestro protagonista va comprendiendo que ni la Hermandad ni O&#8217;\u2019Brien son lo que aparentan, y que la rebeli\u00f3n, al cabo, quiz\u00e1 sea un objetivo inalcanzable. Por su magn\u00edfico an\u00e1lisis del poder y de las relaciones y dependencias que crea en los individuos, 1984 es una de las novelas m\u00e1s inquietantes y atractivas de este siglo.<\/p>\n","protected":false},"excerpt":{"rendered":"<p>Londres, 1984: Winston Smith decide rebelarse ante un gobierno totalitario que controla cada uno de los movimientos de sus ciudadanos y castiga incluso a aquellos que delinquen con el pensamiento. Consciente de las terribles consecuencias que puede acarrear la disidencia, Winston se une a la ambigua Hermandad por mediaci\u00f3n del l\u00edder O\u2019&#8217;Brien. Paulatinamente, sin embargo, [&hellip;]<\/p>\n","protected":false},"featured_media":6702,"template":"","meta":[],"product_brand":[1284],"product_cat":[29],"product_tag":[],"class_list":{"0":"post-6701","1":"product","2":"type-product","3":"status-publish","4":"has-post-thumbnail","6":"product_brand-george-orwell","7":"product_cat-novela","9":"first","10":"instock","11":"purchasable","12":"product-type-simple"},"featured_image_urls_v2":{"full":["https:\/\/ajupe.com.uy\/web\/wp-content\/uploads\/2016\/04\/p-6701-1984_541b3874784c8.jpg",183,278,false],"thumbnail":["https:\/\/ajupe.com.uy\/web\/wp-content\/uploads\/2016\/04\/p-6701-1984_541b3874784c8.jpg",150,150,true],"medium":["https:\/\/ajupe.com.uy\/web\/wp-content\/uploads\/2016\/04\/p-6701-1984_541b3874784c8.jpg",300,214,true],"medium_large":["https:\/\/ajupe.com.uy\/web\/wp-content\/uploads\/2016\/04\/p-6701-1984_541b3874784c8.jpg",183,278,false],"large":["https:\/\/ajupe.com.uy\/web\/wp-content\/uploads\/2016\/04\/p-6701-1984_541b3874784c8.jpg",183,278,false],"1536x1536":["https:\/\/ajupe.com.uy\/web\/wp-content\/uploads\/2016\/04\/p-6701-1984_541b3874784c8.jpg",183,278,false],"2048x2048":["https:\/\/ajupe.com.uy\/web\/wp-content\/uploads\/2016\/04\/p-6701-1984_541b3874784c8.jpg",183,278,false],"woocommerce_archive_thumbnail":["https:\/\/ajupe.com.uy\/web\/wp-content\/uploads\/2016\/04\/p-6701-1984_541b3874784c8.jpg",183,278,false],"woocommerce_thumbnail":["https:\/\/ajupe.com.uy\/web\/wp-content\/uploads\/2016\/04\/p-6701-1984_541b3874784c8.jpg",183,278,false],"woocommerce_single":["https:\/\/ajupe.com.uy\/web\/wp-content\/uploads\/2016\/04\/p-6701-1984_541b3874784c8.jpg",183,278,false],"woocommerce_gallery_thumbnail":["https:\/\/ajupe.com.uy\/web\/wp-content\/uploads\/2016\/04\/p-6701-1984_541b3874784c8-100x100.jpg",100,100,true]},"post_excerpt_stackable_v2":"<p>Londres, 1984: Winston Smith decide rebelarse ante un gobierno totalitario que controla cada uno de los movimientos de sus ciudadanos y castiga incluso a aquellos que delinquen con el pensamiento. Consciente de las terribles consecuencias que puede acarrear la disidencia, Winston se une a la ambigua Hermandad por mediaci\u00f3n del l\u00edder O\u2019&#8217;Brien. Paulatinamente, sin embargo, nuestro protagonista va comprendiendo que ni la Hermandad ni O&#8217;\u2019Brien son lo que aparentan, y que la rebeli\u00f3n, al cabo, quiz\u00e1 sea un objetivo inalcanzable. Por su magn\u00edfico an\u00e1lisis del poder y de las relaciones y dependencias que crea en los individuos, 1984 es una&hellip;<\/p>\n","category_list_v2":"","author_info_v2":{"name":"","url":""},"comments_num_v2":"0 comentarios","_links":{"self":[{"href":"https:\/\/ajupe.com.uy\/web\/wp-json\/wp\/v2\/product\/6701","targetHints":{"allow":["GET"]}}],"collection":[{"href":"https:\/\/ajupe.com.uy\/web\/wp-json\/wp\/v2\/product"}],"about":[{"href":"https:\/\/ajupe.com.uy\/web\/wp-json\/wp\/v2\/types\/product"}],"wp:featuredmedia":[{"embeddable":true,"href":"https:\/\/ajupe.com.uy\/web\/wp-json\/wp\/v2\/media\/6702"}],"wp:attachment":[{"href":"https:\/\/ajupe.com.uy\/web\/wp-json\/wp\/v2\/media?parent=6701"}],"wp:term":[{"taxonomy":"product_brand","embeddable":true,"href":"https:\/\/ajupe.com.uy\/web\/wp-json\/wp\/v2\/product_brand?post=6701"},{"taxonomy":"product_cat","embeddable":true,"href":"https:\/\/ajupe.com.uy\/web\/wp-json\/wp\/v2\/product_cat?post=6701"},{"taxonomy":"product_tag","embeddable":true,"href":"https:\/\/ajupe.com.uy\/web\/wp-json\/wp\/v2\/product_tag?post=6701"}],"curies":[{"name":"wp","href":"https:\/\/api.w.org\/{rel}","templated":true}]}}