{"id":6704,"date":"2014-09-18T19:57:21","date_gmt":"2014-09-18T22:57:21","guid":{"rendered":"http:\/\/ajupe.com.uy\/web\/?post_type=product&#038;p=6704"},"modified":"2014-09-18T19:58:00","modified_gmt":"2014-09-18T22:58:00","slug":"las-lunas-de-jupiter","status":"publish","type":"product","link":"https:\/\/ajupe.com.uy\/web\/biblioteca\/las-lunas-de-jupiter\/","title":{"rendered":"Las lunas de jupiter"},"content":{"rendered":"<p>Los cuentos de Las lunas de J\u00fapiter indagan en la vida de mujeres atrapadas en la rutina, invisibles, abnegadas y aparentemente conformadas con ser un mero sat\u00e9lite del marido o el padre enfermo al que cuidan, pero esperando, siempre, encontrar un instante de pasi\u00f3n, por breve que sea, que devuelva un poco de brillo a su existencia. Munro nos ofrece un cat\u00e1logo de mujeres al borde del abismo: fr\u00edas, infieles, insensatas o desesperadas, pero todas tocadas por un p\u00e1lido rayo de esperanza.<\/p>\n","protected":false},"excerpt":{"rendered":"<p>Los cuentos de Las lunas de J\u00fapiter indagan en la vida de mujeres atrapadas en la rutina, invisibles, abnegadas y aparentemente conformadas con ser un mero sat\u00e9lite del marido o el padre enfermo al que cuidan, pero esperando, siempre, encontrar un instante de pasi\u00f3n, por breve que sea, que devuelva un poco de brillo a [&hellip;]<\/p>\n","protected":false},"featured_media":6705,"template":"","meta":[],"product_brand":[1257],"product_cat":[29],"product_tag":[],"class_list":{"0":"post-6704","1":"product","2":"type-product","3":"status-publish","4":"has-post-thumbnail","6":"product_brand-alice-munro","7":"product_cat-novela","9":"first","10":"instock","11":"purchasable","12":"product-type-simple"},"featured_image_urls_v2":{"full":["https:\/\/ajupe.com.uy\/web\/wp-content\/uploads\/2016\/04\/p-6704-Las_lunas_de_jup_541b394561cbb.jpg",205,307,false],"thumbnail":["https:\/\/ajupe.com.uy\/web\/wp-content\/uploads\/2016\/04\/p-6704-Las_lunas_de_jup_541b394561cbb.jpg",150,150,true],"medium":["https:\/\/ajupe.com.uy\/web\/wp-content\/uploads\/2016\/04\/p-6704-Las_lunas_de_jup_541b394561cbb.jpg",300,214,true],"medium_large":["https:\/\/ajupe.com.uy\/web\/wp-content\/uploads\/2016\/04\/p-6704-Las_lunas_de_jup_541b394561cbb.jpg",205,307,false],"large":["https:\/\/ajupe.com.uy\/web\/wp-content\/uploads\/2016\/04\/p-6704-Las_lunas_de_jup_541b394561cbb.jpg",205,307,false],"1536x1536":["https:\/\/ajupe.com.uy\/web\/wp-content\/uploads\/2016\/04\/p-6704-Las_lunas_de_jup_541b394561cbb.jpg",205,307,false],"2048x2048":["https:\/\/ajupe.com.uy\/web\/wp-content\/uploads\/2016\/04\/p-6704-Las_lunas_de_jup_541b394561cbb.jpg",205,307,false],"woocommerce_archive_thumbnail":["https:\/\/ajupe.com.uy\/web\/wp-content\/uploads\/2016\/04\/p-6704-Las_lunas_de_jup_541b394561cbb-205x300.jpg",205,300,true],"woocommerce_thumbnail":["https:\/\/ajupe.com.uy\/web\/wp-content\/uploads\/2016\/04\/p-6704-Las_lunas_de_jup_541b394561cbb-205x300.jpg",205,300,true],"woocommerce_single":["https:\/\/ajupe.com.uy\/web\/wp-content\/uploads\/2016\/04\/p-6704-Las_lunas_de_jup_541b394561cbb.jpg",205,307,false],"woocommerce_gallery_thumbnail":["https:\/\/ajupe.com.uy\/web\/wp-content\/uploads\/2016\/04\/p-6704-Las_lunas_de_jup_541b394561cbb-100x100.jpg",100,100,true]},"post_excerpt_stackable_v2":"<p>Los cuentos de Las lunas de J\u00fapiter indagan en la vida de mujeres atrapadas en la rutina, invisibles, abnegadas y aparentemente conformadas con ser un mero sat\u00e9lite del marido o el padre enfermo al que cuidan, pero esperando, siempre, encontrar un instante de pasi\u00f3n, por breve que sea, que devuelva un poco de brillo a su existencia. Munro nos ofrece un cat\u00e1logo de mujeres al borde del abismo: fr\u00edas, infieles, insensatas o desesperadas, pero todas tocadas por un p\u00e1lido rayo de esperanza.<\/p>\n","category_list_v2":"","author_info_v2":{"name":"","url":""},"comments_num_v2":"0 comentarios","_links":{"self":[{"href":"https:\/\/ajupe.com.uy\/web\/wp-json\/wp\/v2\/product\/6704","targetHints":{"allow":["GET"]}}],"collection":[{"href":"https:\/\/ajupe.com.uy\/web\/wp-json\/wp\/v2\/product"}],"about":[{"href":"https:\/\/ajupe.com.uy\/web\/wp-json\/wp\/v2\/types\/product"}],"wp:featuredmedia":[{"embeddable":true,"href":"https:\/\/ajupe.com.uy\/web\/wp-json\/wp\/v2\/media\/6705"}],"wp:attachment":[{"href":"https:\/\/ajupe.com.uy\/web\/wp-json\/wp\/v2\/media?parent=6704"}],"wp:term":[{"taxonomy":"product_brand","embeddable":true,"href":"https:\/\/ajupe.com.uy\/web\/wp-json\/wp\/v2\/product_brand?post=6704"},{"taxonomy":"product_cat","embeddable":true,"href":"https:\/\/ajupe.com.uy\/web\/wp-json\/wp\/v2\/product_cat?post=6704"},{"taxonomy":"product_tag","embeddable":true,"href":"https:\/\/ajupe.com.uy\/web\/wp-json\/wp\/v2\/product_tag?post=6704"}],"curies":[{"name":"wp","href":"https:\/\/api.w.org\/{rel}","templated":true}]}}