{"id":6710,"date":"2014-09-18T20:31:44","date_gmt":"2014-09-18T23:31:44","guid":{"rendered":"http:\/\/ajupe.com.uy\/web\/?post_type=product&#038;p=6710"},"modified":"2014-09-18T20:58:12","modified_gmt":"2014-09-18T23:58:12","slug":"las-aranas-de-marte","status":"publish","type":"product","link":"https:\/\/ajupe.com.uy\/web\/biblioteca\/las-aranas-de-marte\/","title":{"rendered":"Las ara\u00f1as de Marte"},"content":{"rendered":"<p>Carlota podrida fue recibida como una de las grandes novelas de los \u00faltimos a\u00f1os, pero no le har\u00e1 sombra a Las ara\u00f1as de Marte. El protagonista en Quique, un joven guitarrista que por distintos motivos se involucra en un show miserable, deslumbrado por criaturas como el Trovero y la sensual Viali Amor. Todo ocurre en Treinta y Tres, mientras recrudece delirio fascista de los 70, mientras se oye m\u00fasica de payadores y de glam rock, en tanto se anuncia el advenimiento de El Monstruo de Londres, La Ara\u00f1a Negra, y otras entidades bizarras que habr\u00e1n de acabar con la dictadura. La prosa de autor viaja de un humor negro a la tragedia. de la m\u00e1s profunda amargura al esperpento m\u00e1s chirriante, de los extravagantes versos del Trovero a la admirable escritura de ese gran poeta que es Espinosa.<\/p>\n","protected":false},"excerpt":{"rendered":"<p>Carlota podrida fue recibida como una de las grandes novelas de los \u00faltimos a\u00f1os, pero no le har\u00e1 sombra a Las ara\u00f1as de Marte. El protagonista en Quique, un joven guitarrista que por distintos motivos se involucra en un show miserable, deslumbrado por criaturas como el Trovero y la sensual Viali Amor. Todo ocurre en [&hellip;]<\/p>\n","protected":false},"featured_media":6711,"template":"","meta":[],"product_brand":[1285],"product_cat":[29],"product_tag":[],"class_list":{"0":"post-6710","1":"product","2":"type-product","3":"status-publish","4":"has-post-thumbnail","6":"product_brand-gustavo-espinosa","7":"product_cat-novela","9":"first","10":"instock","11":"purchasable","12":"product-type-simple"},"featured_image_urls_v2":{"full":["https:\/\/ajupe.com.uy\/web\/wp-content\/uploads\/2016\/04\/p-6710-Las_ara__as_de_M_541b47564b347.jpg",206,322,false],"thumbnail":["https:\/\/ajupe.com.uy\/web\/wp-content\/uploads\/2016\/04\/p-6710-Las_ara__as_de_M_541b47564b347.jpg",150,150,true],"medium":["https:\/\/ajupe.com.uy\/web\/wp-content\/uploads\/2016\/04\/p-6710-Las_ara__as_de_M_541b47564b347.jpg",300,214,true],"medium_large":["https:\/\/ajupe.com.uy\/web\/wp-content\/uploads\/2016\/04\/p-6710-Las_ara__as_de_M_541b47564b347.jpg",206,322,false],"large":["https:\/\/ajupe.com.uy\/web\/wp-content\/uploads\/2016\/04\/p-6710-Las_ara__as_de_M_541b47564b347.jpg",206,322,false],"1536x1536":["https:\/\/ajupe.com.uy\/web\/wp-content\/uploads\/2016\/04\/p-6710-Las_ara__as_de_M_541b47564b347.jpg",206,322,false],"2048x2048":["https:\/\/ajupe.com.uy\/web\/wp-content\/uploads\/2016\/04\/p-6710-Las_ara__as_de_M_541b47564b347.jpg",206,322,false],"woocommerce_archive_thumbnail":["https:\/\/ajupe.com.uy\/web\/wp-content\/uploads\/2016\/04\/p-6710-Las_ara__as_de_M_541b47564b347-206x300.jpg",206,300,true],"woocommerce_thumbnail":["https:\/\/ajupe.com.uy\/web\/wp-content\/uploads\/2016\/04\/p-6710-Las_ara__as_de_M_541b47564b347-206x300.jpg",206,300,true],"woocommerce_single":["https:\/\/ajupe.com.uy\/web\/wp-content\/uploads\/2016\/04\/p-6710-Las_ara__as_de_M_541b47564b347.jpg",206,322,false],"woocommerce_gallery_thumbnail":["https:\/\/ajupe.com.uy\/web\/wp-content\/uploads\/2016\/04\/p-6710-Las_ara__as_de_M_541b47564b347-100x100.jpg",100,100,true]},"post_excerpt_stackable_v2":"<p>Carlota podrida fue recibida como una de las grandes novelas de los \u00faltimos a\u00f1os, pero no le har\u00e1 sombra a Las ara\u00f1as de Marte. El protagonista en Quique, un joven guitarrista que por distintos motivos se involucra en un show miserable, deslumbrado por criaturas como el Trovero y la sensual Viali Amor. Todo ocurre en Treinta y Tres, mientras recrudece delirio fascista de los 70, mientras se oye m\u00fasica de payadores y de glam rock, en tanto se anuncia el advenimiento de El Monstruo de Londres, La Ara\u00f1a Negra, y otras entidades bizarras que habr\u00e1n de acabar con la dictadura.&hellip;<\/p>\n","category_list_v2":"","author_info_v2":{"name":"","url":""},"comments_num_v2":"0 comentarios","_links":{"self":[{"href":"https:\/\/ajupe.com.uy\/web\/wp-json\/wp\/v2\/product\/6710","targetHints":{"allow":["GET"]}}],"collection":[{"href":"https:\/\/ajupe.com.uy\/web\/wp-json\/wp\/v2\/product"}],"about":[{"href":"https:\/\/ajupe.com.uy\/web\/wp-json\/wp\/v2\/types\/product"}],"wp:featuredmedia":[{"embeddable":true,"href":"https:\/\/ajupe.com.uy\/web\/wp-json\/wp\/v2\/media\/6711"}],"wp:attachment":[{"href":"https:\/\/ajupe.com.uy\/web\/wp-json\/wp\/v2\/media?parent=6710"}],"wp:term":[{"taxonomy":"product_brand","embeddable":true,"href":"https:\/\/ajupe.com.uy\/web\/wp-json\/wp\/v2\/product_brand?post=6710"},{"taxonomy":"product_cat","embeddable":true,"href":"https:\/\/ajupe.com.uy\/web\/wp-json\/wp\/v2\/product_cat?post=6710"},{"taxonomy":"product_tag","embeddable":true,"href":"https:\/\/ajupe.com.uy\/web\/wp-json\/wp\/v2\/product_tag?post=6710"}],"curies":[{"name":"wp","href":"https:\/\/api.w.org\/{rel}","templated":true}]}}