{"id":6713,"date":"2014-09-18T21:00:43","date_gmt":"2014-09-19T00:00:43","guid":{"rendered":"http:\/\/ajupe.com.uy\/web\/?post_type=product&#038;p=6713"},"modified":"2014-09-18T21:10:59","modified_gmt":"2014-09-19T00:10:59","slug":"carlota-podrida","status":"publish","type":"product","link":"https:\/\/ajupe.com.uy\/web\/biblioteca\/carlota-podrida\/","title":{"rendered":"Carlota podrida"},"content":{"rendered":"<p>Charlotte Rampling, la madura pero todav\u00eda fascinante actriz de Oshima y Woody Allen, visita Treinta y Tres en representaci\u00f3n de un programa de beneficencia internacional. En un culto y obsesivo habitante de la peque\u00f1a ciudad empieza a crecer la delirante, grotesca idea de raptarla: \u00bfpara que, finalmente, una de las tantas mentiras que nos impone el Primer Mundo, en este caso el estrellato, tenga un encuentro cercano del tercer tipo con el Tercer Mundo? \u00bfPara que lo supuestamente real, una estrella, tenga un \u201cimposible\u201d cruce con las mezquindades de una ignorada mini ciudad de la campa\u00f1a uruguaya, es decir, con lo insignificante, lo inexistente, lo supuestamente irreal? Gustavo Espinosa, desde el humor negro a la l\u00e1stima, desde el soliloquio enfermizo a la acci\u00f3n vertiginosa, domina con infalible maestr\u00eda todos los caminos de esta novela inusual, admirable y \u201cpodrida\u201d.<\/p>\n","protected":false},"excerpt":{"rendered":"<p>Charlotte Rampling, la madura pero todav\u00eda fascinante actriz de Oshima y Woody Allen, visita Treinta y Tres en representaci\u00f3n de un programa de beneficencia internacional. En un culto y obsesivo habitante de la peque\u00f1a ciudad empieza a crecer la delirante, grotesca idea de raptarla: \u00bfpara que, finalmente, una de las tantas mentiras que nos impone [&hellip;]<\/p>\n","protected":false},"featured_media":6714,"template":"","meta":[],"product_brand":[1285],"product_cat":[29],"product_tag":[],"class_list":{"0":"post-6713","1":"product","2":"type-product","3":"status-publish","4":"has-post-thumbnail","6":"product_brand-gustavo-espinosa","7":"product_cat-novela","9":"first","10":"instock","11":"purchasable","12":"product-type-simple"},"featured_image_urls_v2":{"full":["https:\/\/ajupe.com.uy\/web\/wp-content\/uploads\/2016\/04\/p-6713-Carlota_podrida_541b4985c94b6.jpg",179,279,false],"thumbnail":["https:\/\/ajupe.com.uy\/web\/wp-content\/uploads\/2016\/04\/p-6713-Carlota_podrida_541b4985c94b6.jpg",150,150,true],"medium":["https:\/\/ajupe.com.uy\/web\/wp-content\/uploads\/2016\/04\/p-6713-Carlota_podrida_541b4985c94b6.jpg",300,214,true],"medium_large":["https:\/\/ajupe.com.uy\/web\/wp-content\/uploads\/2016\/04\/p-6713-Carlota_podrida_541b4985c94b6.jpg",179,279,false],"large":["https:\/\/ajupe.com.uy\/web\/wp-content\/uploads\/2016\/04\/p-6713-Carlota_podrida_541b4985c94b6.jpg",179,279,false],"1536x1536":["https:\/\/ajupe.com.uy\/web\/wp-content\/uploads\/2016\/04\/p-6713-Carlota_podrida_541b4985c94b6.jpg",179,279,false],"2048x2048":["https:\/\/ajupe.com.uy\/web\/wp-content\/uploads\/2016\/04\/p-6713-Carlota_podrida_541b4985c94b6.jpg",179,279,false],"woocommerce_archive_thumbnail":["https:\/\/ajupe.com.uy\/web\/wp-content\/uploads\/2016\/04\/p-6713-Carlota_podrida_541b4985c94b6.jpg",179,279,false],"woocommerce_thumbnail":["https:\/\/ajupe.com.uy\/web\/wp-content\/uploads\/2016\/04\/p-6713-Carlota_podrida_541b4985c94b6.jpg",179,279,false],"woocommerce_single":["https:\/\/ajupe.com.uy\/web\/wp-content\/uploads\/2016\/04\/p-6713-Carlota_podrida_541b4985c94b6.jpg",179,279,false],"woocommerce_gallery_thumbnail":["https:\/\/ajupe.com.uy\/web\/wp-content\/uploads\/2016\/04\/p-6713-Carlota_podrida_541b4985c94b6-100x100.jpg",100,100,true]},"post_excerpt_stackable_v2":"<p>Charlotte Rampling, la madura pero todav\u00eda fascinante actriz de Oshima y Woody Allen, visita Treinta y Tres en representaci\u00f3n de un programa de beneficencia internacional. En un culto y obsesivo habitante de la peque\u00f1a ciudad empieza a crecer la delirante, grotesca idea de raptarla: \u00bfpara que, finalmente, una de las tantas mentiras que nos impone el Primer Mundo, en este caso el estrellato, tenga un encuentro cercano del tercer tipo con el Tercer Mundo? \u00bfPara que lo supuestamente real, una estrella, tenga un \u201cimposible\u201d cruce con las mezquindades de una ignorada mini ciudad de la campa\u00f1a uruguaya, es decir, con&hellip;<\/p>\n","category_list_v2":"","author_info_v2":{"name":"","url":""},"comments_num_v2":"0 comentarios","_links":{"self":[{"href":"https:\/\/ajupe.com.uy\/web\/wp-json\/wp\/v2\/product\/6713","targetHints":{"allow":["GET"]}}],"collection":[{"href":"https:\/\/ajupe.com.uy\/web\/wp-json\/wp\/v2\/product"}],"about":[{"href":"https:\/\/ajupe.com.uy\/web\/wp-json\/wp\/v2\/types\/product"}],"wp:featuredmedia":[{"embeddable":true,"href":"https:\/\/ajupe.com.uy\/web\/wp-json\/wp\/v2\/media\/6714"}],"wp:attachment":[{"href":"https:\/\/ajupe.com.uy\/web\/wp-json\/wp\/v2\/media?parent=6713"}],"wp:term":[{"taxonomy":"product_brand","embeddable":true,"href":"https:\/\/ajupe.com.uy\/web\/wp-json\/wp\/v2\/product_brand?post=6713"},{"taxonomy":"product_cat","embeddable":true,"href":"https:\/\/ajupe.com.uy\/web\/wp-json\/wp\/v2\/product_cat?post=6713"},{"taxonomy":"product_tag","embeddable":true,"href":"https:\/\/ajupe.com.uy\/web\/wp-json\/wp\/v2\/product_tag?post=6713"}],"curies":[{"name":"wp","href":"https:\/\/api.w.org\/{rel}","templated":true}]}}