{"id":6719,"date":"2014-09-18T21:19:21","date_gmt":"2014-09-19T00:19:21","guid":{"rendered":"http:\/\/ajupe.com.uy\/web\/?post_type=product&#038;p=6719"},"modified":"2014-09-18T21:26:09","modified_gmt":"2014-09-19T00:26:09","slug":"la-novela-de-mi-vida","status":"publish","type":"product","link":"https:\/\/ajupe.com.uy\/web\/biblioteca\/la-novela-de-mi-vida\/","title":{"rendered":"La novela de mi vida"},"content":{"rendered":"<p>Leonardo Padura, tras terminar el ciclo de novelas policiacas protagonizadas por el teniente Conde, da una arriesgada vuelta de tuerca a su trayectoria literaria que viene a confirmarle definitivamente como uno de los novelistas m\u00e1s importantes de la nueva narrativa cubana. La novela de mi vida, sin duda su obra m\u00e1s ambiciosa, es una evocaci\u00f3n viv\u00edsima del Romanticismo en el Caribe de la \u00e9poca colonial, tambi\u00e9n una recreaci\u00f3n de las logias mas\u00f3nicas que sobreviven al paso del tiempo, pero por encima de todo una lectura de la historia de Cuba, un viaje al origen de su conciencia nacional a trav\u00e9s de la vida de su primer gran poeta.   Delatado a la polic\u00eda, expulsado de su puesto en la universidad y tras dieciocho a\u00f1os en el exilio, Fernando Terry decide volver por un mes a La Habana, atra\u00eddo por la posibilidad de dar al fin con la autobiograf\u00eda desaparecida, La novela de mi vida, del poeta Jos\u00e9 Mar\u00eda Heredia, al que dedic\u00f3 su tesis doctoral. De paso, se enfrentar\u00e1 de una vez con las sospechas que han ido alimentando su rencor. A la historia de ese reencuentro y a la busca del codiciado manuscrito, se suman alternativamente dos planos temporales m\u00e1s: el de la vida de Heredia a comienzos del siglo xix, en los a\u00f1os de la Colonia, y el de los \u00faltimos d\u00edas de su hijo Jos\u00e9 de Jes\u00fas de Heredia, mas\u00f3n, a principios del xx. Paulatinamente, las vidas de los personajes y sus peripecias van creando paralelismos insospechados, como si en Cuba la Historia se cebara en el destino individual de cualquiera que destaque por su talento: delaciones, exilios, intrigas pol\u00edticas parecen insoslayables para todo creador, sea cual fuere el periodo hist\u00f3rico que le haya tocado vivir.<\/p>\n","protected":false},"excerpt":{"rendered":"<p>Leonardo Padura, tras terminar el ciclo de novelas policiacas protagonizadas por el teniente Conde, da una arriesgada vuelta de tuerca a su trayectoria literaria que viene a confirmarle definitivamente como uno de los novelistas m\u00e1s importantes de la nueva narrativa cubana. La novela de mi vida, sin duda su obra m\u00e1s ambiciosa, es una evocaci\u00f3n [&hellip;]<\/p>\n","protected":false},"featured_media":6720,"template":"","meta":[],"product_brand":[1278],"product_cat":[29],"product_tag":[],"class_list":{"0":"post-6719","1":"product","2":"type-product","3":"status-publish","4":"has-post-thumbnail","6":"product_brand-leonardo-padura","7":"product_cat-novela","9":"first","10":"instock","11":"purchasable","12":"product-type-simple"},"featured_image_urls_v2":{"full":["https:\/\/ajupe.com.uy\/web\/wp-content\/uploads\/2016\/04\/p-6719-La_novela_de_mi__541b4da539aa6.jpg",221,332,false],"thumbnail":["https:\/\/ajupe.com.uy\/web\/wp-content\/uploads\/2016\/04\/p-6719-La_novela_de_mi__541b4da539aa6.jpg",150,150,true],"medium":["https:\/\/ajupe.com.uy\/web\/wp-content\/uploads\/2016\/04\/p-6719-La_novela_de_mi__541b4da539aa6.jpg",300,214,true],"medium_large":["https:\/\/ajupe.com.uy\/web\/wp-content\/uploads\/2016\/04\/p-6719-La_novela_de_mi__541b4da539aa6.jpg",221,332,false],"large":["https:\/\/ajupe.com.uy\/web\/wp-content\/uploads\/2016\/04\/p-6719-La_novela_de_mi__541b4da539aa6.jpg",221,332,false],"1536x1536":["https:\/\/ajupe.com.uy\/web\/wp-content\/uploads\/2016\/04\/p-6719-La_novela_de_mi__541b4da539aa6.jpg",221,332,false],"2048x2048":["https:\/\/ajupe.com.uy\/web\/wp-content\/uploads\/2016\/04\/p-6719-La_novela_de_mi__541b4da539aa6.jpg",221,332,false],"woocommerce_archive_thumbnail":["https:\/\/ajupe.com.uy\/web\/wp-content\/uploads\/2016\/04\/p-6719-La_novela_de_mi__541b4da539aa6-221x300.jpg",221,300,true],"woocommerce_thumbnail":["https:\/\/ajupe.com.uy\/web\/wp-content\/uploads\/2016\/04\/p-6719-La_novela_de_mi__541b4da539aa6-221x300.jpg",221,300,true],"woocommerce_single":["https:\/\/ajupe.com.uy\/web\/wp-content\/uploads\/2016\/04\/p-6719-La_novela_de_mi__541b4da539aa6.jpg",221,332,false],"woocommerce_gallery_thumbnail":["https:\/\/ajupe.com.uy\/web\/wp-content\/uploads\/2016\/04\/p-6719-La_novela_de_mi__541b4da539aa6-100x100.jpg",100,100,true]},"post_excerpt_stackable_v2":"<p>Leonardo Padura, tras terminar el ciclo de novelas policiacas protagonizadas por el teniente Conde, da una arriesgada vuelta de tuerca a su trayectoria literaria que viene a confirmarle definitivamente como uno de los novelistas m\u00e1s importantes de la nueva narrativa cubana. La novela de mi vida, sin duda su obra m\u00e1s ambiciosa, es una evocaci\u00f3n viv\u00edsima del Romanticismo en el Caribe de la \u00e9poca colonial, tambi\u00e9n una recreaci\u00f3n de las logias mas\u00f3nicas que sobreviven al paso del tiempo, pero por encima de todo una lectura de la historia de Cuba, un viaje al origen de su conciencia nacional a trav\u00e9s&hellip;<\/p>\n","category_list_v2":"","author_info_v2":{"name":"","url":""},"comments_num_v2":"0 comentarios","_links":{"self":[{"href":"https:\/\/ajupe.com.uy\/web\/wp-json\/wp\/v2\/product\/6719","targetHints":{"allow":["GET"]}}],"collection":[{"href":"https:\/\/ajupe.com.uy\/web\/wp-json\/wp\/v2\/product"}],"about":[{"href":"https:\/\/ajupe.com.uy\/web\/wp-json\/wp\/v2\/types\/product"}],"wp:featuredmedia":[{"embeddable":true,"href":"https:\/\/ajupe.com.uy\/web\/wp-json\/wp\/v2\/media\/6720"}],"wp:attachment":[{"href":"https:\/\/ajupe.com.uy\/web\/wp-json\/wp\/v2\/media?parent=6719"}],"wp:term":[{"taxonomy":"product_brand","embeddable":true,"href":"https:\/\/ajupe.com.uy\/web\/wp-json\/wp\/v2\/product_brand?post=6719"},{"taxonomy":"product_cat","embeddable":true,"href":"https:\/\/ajupe.com.uy\/web\/wp-json\/wp\/v2\/product_cat?post=6719"},{"taxonomy":"product_tag","embeddable":true,"href":"https:\/\/ajupe.com.uy\/web\/wp-json\/wp\/v2\/product_tag?post=6719"}],"curies":[{"name":"wp","href":"https:\/\/api.w.org\/{rel}","templated":true}]}}