{"id":6728,"date":"2014-09-19T20:14:49","date_gmt":"2014-09-19T23:14:49","guid":{"rendered":"http:\/\/ajupe.com.uy\/web\/?post_type=product&#038;p=6728"},"modified":"2014-09-19T20:17:36","modified_gmt":"2014-09-19T23:17:36","slug":"las-hijas-de-frio","status":"publish","type":"product","link":"https:\/\/ajupe.com.uy\/web\/biblioteca\/las-hijas-de-frio\/","title":{"rendered":"Las hijas de fr\u00edo"},"content":{"rendered":"<p>Detr\u00e1s de la fachada id\u00edlica de la bella poblaci\u00f3n costera de Fj\u00e4llbacka se esconden terribles realidades y una mano secreta que busca la venganza desde un pasado lejano.  Erica y Patrik acaban de tener una hija, y a pesar de la alegr\u00eda que trae la peque\u00f1a al hogar, la joven pareja debe hacer frente a toda una serie de nuevas preocupaciones. La ni\u00f1a llora mucho, Erica sufre una depresi\u00f3n posparto y Patrik est\u00e1 constantemente cansado.<\/p>\n","protected":false},"excerpt":{"rendered":"<p>Detr\u00e1s de la fachada id\u00edlica de la bella poblaci\u00f3n costera de Fj\u00e4llbacka se esconden terribles realidades y una mano secreta que busca la venganza desde un pasado lejano. Erica y Patrik acaban de tener una hija, y a pesar de la alegr\u00eda que trae la peque\u00f1a al hogar, la joven pareja debe hacer frente a [&hellip;]<\/p>\n","protected":false},"featured_media":6729,"template":"","meta":[],"product_brand":[1254],"product_cat":[48],"product_tag":[],"class_list":{"0":"post-6728","1":"product","2":"type-product","3":"status-publish","4":"has-post-thumbnail","6":"product_brand-camilla-lackberg","7":"product_cat-thrillers","9":"first","10":"instock","11":"purchasable","12":"product-type-simple"},"featured_image_urls_v2":{"full":["https:\/\/ajupe.com.uy\/web\/wp-content\/uploads\/2016\/04\/p-6728-Las_hijas_de_fr__541c8f5381dad.jpg",182,278,false],"thumbnail":["https:\/\/ajupe.com.uy\/web\/wp-content\/uploads\/2016\/04\/p-6728-Las_hijas_de_fr__541c8f5381dad.jpg",150,150,true],"medium":["https:\/\/ajupe.com.uy\/web\/wp-content\/uploads\/2016\/04\/p-6728-Las_hijas_de_fr__541c8f5381dad.jpg",300,214,true],"medium_large":["https:\/\/ajupe.com.uy\/web\/wp-content\/uploads\/2016\/04\/p-6728-Las_hijas_de_fr__541c8f5381dad.jpg",182,278,false],"large":["https:\/\/ajupe.com.uy\/web\/wp-content\/uploads\/2016\/04\/p-6728-Las_hijas_de_fr__541c8f5381dad.jpg",182,278,false],"1536x1536":["https:\/\/ajupe.com.uy\/web\/wp-content\/uploads\/2016\/04\/p-6728-Las_hijas_de_fr__541c8f5381dad.jpg",182,278,false],"2048x2048":["https:\/\/ajupe.com.uy\/web\/wp-content\/uploads\/2016\/04\/p-6728-Las_hijas_de_fr__541c8f5381dad.jpg",182,278,false],"woocommerce_archive_thumbnail":["https:\/\/ajupe.com.uy\/web\/wp-content\/uploads\/2016\/04\/p-6728-Las_hijas_de_fr__541c8f5381dad.jpg",182,278,false],"woocommerce_thumbnail":["https:\/\/ajupe.com.uy\/web\/wp-content\/uploads\/2016\/04\/p-6728-Las_hijas_de_fr__541c8f5381dad.jpg",182,278,false],"woocommerce_single":["https:\/\/ajupe.com.uy\/web\/wp-content\/uploads\/2016\/04\/p-6728-Las_hijas_de_fr__541c8f5381dad.jpg",182,278,false],"woocommerce_gallery_thumbnail":["https:\/\/ajupe.com.uy\/web\/wp-content\/uploads\/2016\/04\/p-6728-Las_hijas_de_fr__541c8f5381dad-100x100.jpg",100,100,true]},"post_excerpt_stackable_v2":"<p>Detr\u00e1s de la fachada id\u00edlica de la bella poblaci\u00f3n costera de Fj\u00e4llbacka se esconden terribles realidades y una mano secreta que busca la venganza desde un pasado lejano. Erica y Patrik acaban de tener una hija, y a pesar de la alegr\u00eda que trae la peque\u00f1a al hogar, la joven pareja debe hacer frente a toda una serie de nuevas preocupaciones. La ni\u00f1a llora mucho, Erica sufre una depresi\u00f3n posparto y Patrik est\u00e1 constantemente cansado.<\/p>\n","category_list_v2":"","author_info_v2":{"name":"","url":""},"comments_num_v2":"0 comentarios","_links":{"self":[{"href":"https:\/\/ajupe.com.uy\/web\/wp-json\/wp\/v2\/product\/6728","targetHints":{"allow":["GET"]}}],"collection":[{"href":"https:\/\/ajupe.com.uy\/web\/wp-json\/wp\/v2\/product"}],"about":[{"href":"https:\/\/ajupe.com.uy\/web\/wp-json\/wp\/v2\/types\/product"}],"wp:featuredmedia":[{"embeddable":true,"href":"https:\/\/ajupe.com.uy\/web\/wp-json\/wp\/v2\/media\/6729"}],"wp:attachment":[{"href":"https:\/\/ajupe.com.uy\/web\/wp-json\/wp\/v2\/media?parent=6728"}],"wp:term":[{"taxonomy":"product_brand","embeddable":true,"href":"https:\/\/ajupe.com.uy\/web\/wp-json\/wp\/v2\/product_brand?post=6728"},{"taxonomy":"product_cat","embeddable":true,"href":"https:\/\/ajupe.com.uy\/web\/wp-json\/wp\/v2\/product_cat?post=6728"},{"taxonomy":"product_tag","embeddable":true,"href":"https:\/\/ajupe.com.uy\/web\/wp-json\/wp\/v2\/product_tag?post=6728"}],"curies":[{"name":"wp","href":"https:\/\/api.w.org\/{rel}","templated":true}]}}