{"id":6731,"date":"2014-09-19T20:19:52","date_gmt":"2014-09-19T23:19:52","guid":{"rendered":"http:\/\/ajupe.com.uy\/web\/?post_type=product&#038;p=6731"},"modified":"2014-09-19T20:22:35","modified_gmt":"2014-09-19T23:22:35","slug":"la-analfabeta-que-era-un-genio-de-los-numeros","status":"publish","type":"product","link":"https:\/\/ajupe.com.uy\/web\/biblioteca\/la-analfabeta-que-era-un-genio-de-los-numeros\/","title":{"rendered":"La analfabeta que era un genio de los n\u00fameros"},"content":{"rendered":"<p>La protagonista es una ni\u00f1a sudafricana de 12 a\u00f1os (negra) que crece en un gueto en los a\u00f1os del Apartheid donde la mayor\u00eda es analfabeta. Trabaja vaciando letrinas, y contando letrinas es como aprende a contar mentalmente. Es analfabeta pero muy lista y autodidacta. Y limpiando acaba aprendiendo f\u00edsica nuclear.<\/p>\n","protected":false},"excerpt":{"rendered":"<p>La protagonista es una ni\u00f1a sudafricana de 12 a\u00f1os (negra) que crece en un gueto en los a\u00f1os del Apartheid donde la mayor\u00eda es analfabeta. Trabaja vaciando letrinas, y contando letrinas es como aprende a contar mentalmente. Es analfabeta pero muy lista y autodidacta. Y limpiando acaba aprendiendo f\u00edsica nuclear.<\/p>\n","protected":false},"featured_media":6732,"template":"","meta":[],"product_brand":[1151],"product_cat":[29],"product_tag":[],"class_list":{"0":"post-6731","1":"product","2":"type-product","3":"status-publish","4":"has-post-thumbnail","6":"product_brand-jonas-jonasson","7":"product_cat-novela","9":"first","10":"instock","11":"purchasable","12":"product-type-simple"},"featured_image_urls_v2":{"full":["https:\/\/ajupe.com.uy\/web\/wp-content\/uploads\/2016\/04\/p-6731-La_analfabeta_qu_541c907953a2e.jpg",198,322,false],"thumbnail":["https:\/\/ajupe.com.uy\/web\/wp-content\/uploads\/2016\/04\/p-6731-La_analfabeta_qu_541c907953a2e.jpg",150,150,true],"medium":["https:\/\/ajupe.com.uy\/web\/wp-content\/uploads\/2016\/04\/p-6731-La_analfabeta_qu_541c907953a2e.jpg",300,214,true],"medium_large":["https:\/\/ajupe.com.uy\/web\/wp-content\/uploads\/2016\/04\/p-6731-La_analfabeta_qu_541c907953a2e.jpg",198,322,false],"large":["https:\/\/ajupe.com.uy\/web\/wp-content\/uploads\/2016\/04\/p-6731-La_analfabeta_qu_541c907953a2e.jpg",198,322,false],"1536x1536":["https:\/\/ajupe.com.uy\/web\/wp-content\/uploads\/2016\/04\/p-6731-La_analfabeta_qu_541c907953a2e.jpg",198,322,false],"2048x2048":["https:\/\/ajupe.com.uy\/web\/wp-content\/uploads\/2016\/04\/p-6731-La_analfabeta_qu_541c907953a2e.jpg",198,322,false],"woocommerce_archive_thumbnail":["https:\/\/ajupe.com.uy\/web\/wp-content\/uploads\/2016\/04\/p-6731-La_analfabeta_qu_541c907953a2e-198x300.jpg",198,300,true],"woocommerce_thumbnail":["https:\/\/ajupe.com.uy\/web\/wp-content\/uploads\/2016\/04\/p-6731-La_analfabeta_qu_541c907953a2e-198x300.jpg",198,300,true],"woocommerce_single":["https:\/\/ajupe.com.uy\/web\/wp-content\/uploads\/2016\/04\/p-6731-La_analfabeta_qu_541c907953a2e.jpg",198,322,false],"woocommerce_gallery_thumbnail":["https:\/\/ajupe.com.uy\/web\/wp-content\/uploads\/2016\/04\/p-6731-La_analfabeta_qu_541c907953a2e-100x100.jpg",100,100,true]},"post_excerpt_stackable_v2":"<p>La protagonista es una ni\u00f1a sudafricana de 12 a\u00f1os (negra) que crece en un gueto en los a\u00f1os del Apartheid donde la mayor\u00eda es analfabeta. Trabaja vaciando letrinas, y contando letrinas es como aprende a contar mentalmente. Es analfabeta pero muy lista y autodidacta. Y limpiando acaba aprendiendo f\u00edsica nuclear.<\/p>\n","category_list_v2":"","author_info_v2":{"name":"","url":""},"comments_num_v2":"0 comentarios","_links":{"self":[{"href":"https:\/\/ajupe.com.uy\/web\/wp-json\/wp\/v2\/product\/6731","targetHints":{"allow":["GET"]}}],"collection":[{"href":"https:\/\/ajupe.com.uy\/web\/wp-json\/wp\/v2\/product"}],"about":[{"href":"https:\/\/ajupe.com.uy\/web\/wp-json\/wp\/v2\/types\/product"}],"wp:featuredmedia":[{"embeddable":true,"href":"https:\/\/ajupe.com.uy\/web\/wp-json\/wp\/v2\/media\/6732"}],"wp:attachment":[{"href":"https:\/\/ajupe.com.uy\/web\/wp-json\/wp\/v2\/media?parent=6731"}],"wp:term":[{"taxonomy":"product_brand","embeddable":true,"href":"https:\/\/ajupe.com.uy\/web\/wp-json\/wp\/v2\/product_brand?post=6731"},{"taxonomy":"product_cat","embeddable":true,"href":"https:\/\/ajupe.com.uy\/web\/wp-json\/wp\/v2\/product_cat?post=6731"},{"taxonomy":"product_tag","embeddable":true,"href":"https:\/\/ajupe.com.uy\/web\/wp-json\/wp\/v2\/product_tag?post=6731"}],"curies":[{"name":"wp","href":"https:\/\/api.w.org\/{rel}","templated":true}]}}