{"id":6737,"date":"2014-09-19T20:29:26","date_gmt":"2014-09-19T23:29:26","guid":{"rendered":"http:\/\/ajupe.com.uy\/web\/?post_type=product&#038;p=6737"},"modified":"2014-09-19T20:32:53","modified_gmt":"2014-09-19T23:32:53","slug":"cartas-cruzadas","status":"publish","type":"product","link":"https:\/\/ajupe.com.uy\/web\/biblioteca\/cartas-cruzadas\/","title":{"rendered":"Cartas cruzadas"},"content":{"rendered":"<p>Ed Kennedy es un chico cualquiera en un suburbio cualquiera de una gran ciudad. Vive en un apartamento maltrecho en compa\u00f1\u00eda de su perro y se gana la vida como taxista. Le acompa\u00f1a una pandilla de amigos, con quien juega a las cartas y charla, sin prestar verdadera atenci\u00f3n a sus problemas. Hasta que un buen d\u00eda Ed, casi por casualidad, consigue evitar un robo en un banco, y a partir de entonces empieza a recibir unas cartas de juego que contienen mensajes cifrados.<\/p>\n<p>Gui\u00e1ndose por su instinto e inteligencia, Ed va descubriendo que las cartas le llevan a cumplir con la misi\u00f3n de devolver el bienestar a quien, por una u otra raz\u00f3n, lo ha perdido. Empieza por ayudar a completos desconocidos \u2013una esposa maltratada por su marido, una anciana que quiere seguir amando al marido que perdi\u00f3 hace muchos a\u00f1os, un cura que busca p\u00fablico para sus sermones, una familia de inmigrantes que quiere celebrar la Navidad y no dispone de dinero para hacerlo\u2026 \u2013pero poco a poco su misi\u00f3n le llevar\u00e1 a acercarse a sus amigos, a conocerlos a fondo, a descubrir que en el \u00e1nimo de esos chicos que se esconden detr\u00e1s de una lata de cerveza hay secretos y deseos que \u00e9l no conoc\u00eda, y<br \/>\nque incluso es posible comprender el miedo al amor que muestra la mujer de sus sue\u00f1os.<\/p>\n<p>Cartas cruzadas pone de manifiesto que el cari\u00f1o, la amistad e incluso la idea de Dios no son \u00abnombres\u00bb sino \u00abverbos\u00bb: es actuando como descubrimos la verdadera esencia de estos sentimientos.<\/p>\n","protected":false},"excerpt":{"rendered":"<p>Ed Kennedy es un chico cualquiera en un suburbio cualquiera de una gran ciudad. Vive en un apartamento maltrecho en compa\u00f1\u00eda de su perro y se gana la vida como taxista. Le acompa\u00f1a una pandilla de amigos, con quien juega a las cartas y charla, sin prestar verdadera atenci\u00f3n a sus problemas. Hasta que un [&hellip;]<\/p>\n","protected":false},"featured_media":6738,"template":"","meta":[],"product_brand":[802],"product_cat":[29],"product_tag":[],"class_list":{"0":"post-6737","1":"product","2":"type-product","3":"status-publish","4":"has-post-thumbnail","6":"product_brand-markus-zusak","7":"product_cat-novela","9":"first","10":"instock","11":"purchasable","12":"product-type-simple"},"featured_image_urls_v2":{"full":["https:\/\/ajupe.com.uy\/web\/wp-content\/uploads\/2016\/04\/p-6737-Cartas_cruzadas_541c923fe2904.jpg",219,336,false],"thumbnail":["https:\/\/ajupe.com.uy\/web\/wp-content\/uploads\/2016\/04\/p-6737-Cartas_cruzadas_541c923fe2904.jpg",150,150,true],"medium":["https:\/\/ajupe.com.uy\/web\/wp-content\/uploads\/2016\/04\/p-6737-Cartas_cruzadas_541c923fe2904.jpg",300,214,true],"medium_large":["https:\/\/ajupe.com.uy\/web\/wp-content\/uploads\/2016\/04\/p-6737-Cartas_cruzadas_541c923fe2904.jpg",219,336,false],"large":["https:\/\/ajupe.com.uy\/web\/wp-content\/uploads\/2016\/04\/p-6737-Cartas_cruzadas_541c923fe2904.jpg",219,336,false],"1536x1536":["https:\/\/ajupe.com.uy\/web\/wp-content\/uploads\/2016\/04\/p-6737-Cartas_cruzadas_541c923fe2904.jpg",219,336,false],"2048x2048":["https:\/\/ajupe.com.uy\/web\/wp-content\/uploads\/2016\/04\/p-6737-Cartas_cruzadas_541c923fe2904.jpg",219,336,false],"woocommerce_archive_thumbnail":["https:\/\/ajupe.com.uy\/web\/wp-content\/uploads\/2016\/04\/p-6737-Cartas_cruzadas_541c923fe2904-219x300.jpg",219,300,true],"woocommerce_thumbnail":["https:\/\/ajupe.com.uy\/web\/wp-content\/uploads\/2016\/04\/p-6737-Cartas_cruzadas_541c923fe2904-219x300.jpg",219,300,true],"woocommerce_single":["https:\/\/ajupe.com.uy\/web\/wp-content\/uploads\/2016\/04\/p-6737-Cartas_cruzadas_541c923fe2904.jpg",219,336,false],"woocommerce_gallery_thumbnail":["https:\/\/ajupe.com.uy\/web\/wp-content\/uploads\/2016\/04\/p-6737-Cartas_cruzadas_541c923fe2904-100x100.jpg",100,100,true]},"post_excerpt_stackable_v2":"<p>Ed Kennedy es un chico cualquiera en un suburbio cualquiera de una gran ciudad. Vive en un apartamento maltrecho en compa\u00f1\u00eda de su perro y se gana la vida como taxista. Le acompa\u00f1a una pandilla de amigos, con quien juega a las cartas y charla, sin prestar verdadera atenci\u00f3n a sus problemas. Hasta que un buen d\u00eda Ed, casi por casualidad, consigue evitar un robo en un banco, y a partir de entonces empieza a recibir unas cartas de juego que contienen mensajes cifrados. Gui\u00e1ndose por su instinto e inteligencia, Ed va descubriendo que las cartas le llevan a cumplir&hellip;<\/p>\n","category_list_v2":"","author_info_v2":{"name":"","url":""},"comments_num_v2":"0 comentarios","_links":{"self":[{"href":"https:\/\/ajupe.com.uy\/web\/wp-json\/wp\/v2\/product\/6737","targetHints":{"allow":["GET"]}}],"collection":[{"href":"https:\/\/ajupe.com.uy\/web\/wp-json\/wp\/v2\/product"}],"about":[{"href":"https:\/\/ajupe.com.uy\/web\/wp-json\/wp\/v2\/types\/product"}],"wp:featuredmedia":[{"embeddable":true,"href":"https:\/\/ajupe.com.uy\/web\/wp-json\/wp\/v2\/media\/6738"}],"wp:attachment":[{"href":"https:\/\/ajupe.com.uy\/web\/wp-json\/wp\/v2\/media?parent=6737"}],"wp:term":[{"taxonomy":"product_brand","embeddable":true,"href":"https:\/\/ajupe.com.uy\/web\/wp-json\/wp\/v2\/product_brand?post=6737"},{"taxonomy":"product_cat","embeddable":true,"href":"https:\/\/ajupe.com.uy\/web\/wp-json\/wp\/v2\/product_cat?post=6737"},{"taxonomy":"product_tag","embeddable":true,"href":"https:\/\/ajupe.com.uy\/web\/wp-json\/wp\/v2\/product_tag?post=6737"}],"curies":[{"name":"wp","href":"https:\/\/api.w.org\/{rel}","templated":true}]}}