{"id":6740,"date":"2014-09-19T20:34:32","date_gmt":"2014-09-19T23:34:32","guid":{"rendered":"http:\/\/ajupe.com.uy\/web\/?post_type=product&#038;p=6740"},"modified":"2014-09-19T20:40:34","modified_gmt":"2014-09-19T23:40:34","slug":"las-isla-de-las-mil-fuentes","status":"publish","type":"product","link":"https:\/\/ajupe.com.uy\/web\/biblioteca\/las-isla-de-las-mil-fuentes\/","title":{"rendered":"Las isla de las mil fuentes"},"content":{"rendered":"<p>La isla de las mil fuentes, de Sarah Lark, autora de otros libros de \u00e9xito como la Trilog\u00eda de la Nube Blanca (En el pa\u00eds de la nube blanca, La canci\u00f3n de los maor\u00edes y El grito de la tierra), es una novela de narrativa extranjera en la que la autora nos transporta ahora hacia el Caribe y la belleza de sus islas: un nuevo territorio ex\u00f3tico recreado magistralmente a trav\u00e9s de una historia familiar fascinante, inolvidable y \u00fanica. Sarah Lark, best seller mundial gracias a la Trilog\u00eda de la Nube Blanca ambientada en Nueva Zelanda, inicia su nueva saga familiar en un in\u00e9dito y ex\u00f3tico setting: la isla caribe\u00f1a de Jamaica y sus plantaciones de az\u00facar. Sarah Lark es la cabeza de cartel de un g\u00e9nero que ha fascinado a millones de lectores en todo el mundo: el de las Landscape novels: pasi\u00f3n, romance, viaje y aventuras, choque de culturas, descubrimiento de un paisaje ex\u00f3tico y lejano&#8230;, todo ello con una ambientaci\u00f3n minuciosa y unos personajes inolvidables.   Isla de Jamaica. Tras la muerte de su primer amor, Nora, la hija de un comerciante londinense, se une, a trav\u00e9s de un matrimonio de conveniencia, a Elias, un viudo propietario de un plantaci\u00f3n de az\u00facar. La vida en el Caribe, sin embargo, no es como Nora hab\u00eda so\u00f1ado. A partir del asalto nocturno a la plantaci\u00f3n, Nora se ver\u00e1 envuelta en los tumultos provocados por esclavos rebeldes relacionados con la Abuela Nanny, quien tambi\u00e9n fue esclava. Nora lo pierde todo, salvo la vida y la esperanza de encontrar de nuevo el amor y decidir libremente sobre su futuro.<\/p>\n","protected":false},"excerpt":{"rendered":"<p>La isla de las mil fuentes, de Sarah Lark, autora de otros libros de \u00e9xito como la Trilog\u00eda de la Nube Blanca (En el pa\u00eds de la nube blanca, La canci\u00f3n de los maor\u00edes y El grito de la tierra), es una novela de narrativa extranjera en la que la autora nos transporta ahora hacia [&hellip;]<\/p>\n","protected":false},"featured_media":6741,"template":"","meta":[],"product_brand":[1160],"product_cat":[29],"product_tag":[],"class_list":{"0":"post-6740","1":"product","2":"type-product","3":"status-publish","4":"has-post-thumbnail","6":"product_brand-sarah-lark","7":"product_cat-novela","9":"first","10":"instock","11":"purchasable","12":"product-type-simple"},"featured_image_urls_v2":{"full":["https:\/\/ajupe.com.uy\/web\/wp-content\/uploads\/2016\/04\/p-6740-Las_isla_de_las__541c94b8d66c4.jpg",220,336,false],"thumbnail":["https:\/\/ajupe.com.uy\/web\/wp-content\/uploads\/2016\/04\/p-6740-Las_isla_de_las__541c94b8d66c4.jpg",150,150,true],"medium":["https:\/\/ajupe.com.uy\/web\/wp-content\/uploads\/2016\/04\/p-6740-Las_isla_de_las__541c94b8d66c4.jpg",300,214,true],"medium_large":["https:\/\/ajupe.com.uy\/web\/wp-content\/uploads\/2016\/04\/p-6740-Las_isla_de_las__541c94b8d66c4.jpg",220,336,false],"large":["https:\/\/ajupe.com.uy\/web\/wp-content\/uploads\/2016\/04\/p-6740-Las_isla_de_las__541c94b8d66c4.jpg",220,336,false],"1536x1536":["https:\/\/ajupe.com.uy\/web\/wp-content\/uploads\/2016\/04\/p-6740-Las_isla_de_las__541c94b8d66c4.jpg",220,336,false],"2048x2048":["https:\/\/ajupe.com.uy\/web\/wp-content\/uploads\/2016\/04\/p-6740-Las_isla_de_las__541c94b8d66c4.jpg",220,336,false],"woocommerce_archive_thumbnail":["https:\/\/ajupe.com.uy\/web\/wp-content\/uploads\/2016\/04\/p-6740-Las_isla_de_las__541c94b8d66c4-220x300.jpg",220,300,true],"woocommerce_thumbnail":["https:\/\/ajupe.com.uy\/web\/wp-content\/uploads\/2016\/04\/p-6740-Las_isla_de_las__541c94b8d66c4-220x300.jpg",220,300,true],"woocommerce_single":["https:\/\/ajupe.com.uy\/web\/wp-content\/uploads\/2016\/04\/p-6740-Las_isla_de_las__541c94b8d66c4.jpg",220,336,false],"woocommerce_gallery_thumbnail":["https:\/\/ajupe.com.uy\/web\/wp-content\/uploads\/2016\/04\/p-6740-Las_isla_de_las__541c94b8d66c4-100x100.jpg",100,100,true]},"post_excerpt_stackable_v2":"<p>La isla de las mil fuentes, de Sarah Lark, autora de otros libros de \u00e9xito como la Trilog\u00eda de la Nube Blanca (En el pa\u00eds de la nube blanca, La canci\u00f3n de los maor\u00edes y El grito de la tierra), es una novela de narrativa extranjera en la que la autora nos transporta ahora hacia el Caribe y la belleza de sus islas: un nuevo territorio ex\u00f3tico recreado magistralmente a trav\u00e9s de una historia familiar fascinante, inolvidable y \u00fanica. Sarah Lark, best seller mundial gracias a la Trilog\u00eda de la Nube Blanca ambientada en Nueva Zelanda, inicia su nueva saga&hellip;<\/p>\n","category_list_v2":"","author_info_v2":{"name":"","url":""},"comments_num_v2":"0 comentarios","_links":{"self":[{"href":"https:\/\/ajupe.com.uy\/web\/wp-json\/wp\/v2\/product\/6740","targetHints":{"allow":["GET"]}}],"collection":[{"href":"https:\/\/ajupe.com.uy\/web\/wp-json\/wp\/v2\/product"}],"about":[{"href":"https:\/\/ajupe.com.uy\/web\/wp-json\/wp\/v2\/types\/product"}],"wp:featuredmedia":[{"embeddable":true,"href":"https:\/\/ajupe.com.uy\/web\/wp-json\/wp\/v2\/media\/6741"}],"wp:attachment":[{"href":"https:\/\/ajupe.com.uy\/web\/wp-json\/wp\/v2\/media?parent=6740"}],"wp:term":[{"taxonomy":"product_brand","embeddable":true,"href":"https:\/\/ajupe.com.uy\/web\/wp-json\/wp\/v2\/product_brand?post=6740"},{"taxonomy":"product_cat","embeddable":true,"href":"https:\/\/ajupe.com.uy\/web\/wp-json\/wp\/v2\/product_cat?post=6740"},{"taxonomy":"product_tag","embeddable":true,"href":"https:\/\/ajupe.com.uy\/web\/wp-json\/wp\/v2\/product_tag?post=6740"}],"curies":[{"name":"wp","href":"https:\/\/api.w.org\/{rel}","templated":true}]}}