{"id":6743,"date":"2014-09-22T17:07:02","date_gmt":"2014-09-22T20:07:02","guid":{"rendered":"http:\/\/ajupe.com.uy\/web\/?post_type=product&#038;p=6743"},"modified":"2014-09-22T17:11:54","modified_gmt":"2014-09-22T20:11:54","slug":"las-olas-del-destino","status":"publish","type":"product","link":"https:\/\/ajupe.com.uy\/web\/biblioteca\/las-olas-del-destino\/","title":{"rendered":"Las olas del destino"},"content":{"rendered":"<p>Isla de Jamaica, 1753. Deirdre, la hija de la inglesa Nora Fortnam y del esclavo Akwasi, lleva una vida protegida en la plantaci\u00f3n de su madre y de su padre adoptivo. Pese a los or\u00edgenes poco claros de la joven,los muchachos de la isla beben los vientos por ella. Deirdre, sin embargo, no siente el menor inter\u00e9s por ninguno de ellos hasta que el joven m\u00e9dico Victor Dufresne pide su mano.   Tras una espl\u00e9ndida ceremonia nupcial, la pareja de reci\u00e9n casados zarpa hacia Saint-Domingue, en La Espa\u00f1ola. Los sucesos que all\u00ed acontecer\u00e1n transformar\u00e1n sus vidas por completo&#8230;<\/p>\n","protected":false},"excerpt":{"rendered":"<p>Isla de Jamaica, 1753. Deirdre, la hija de la inglesa Nora Fortnam y del esclavo Akwasi, lleva una vida protegida en la plantaci\u00f3n de su madre y de su padre adoptivo. Pese a los or\u00edgenes poco claros de la joven,los muchachos de la isla beben los vientos por ella. Deirdre, sin embargo, no siente el [&hellip;]<\/p>\n","protected":false},"featured_media":6744,"template":"","meta":[],"product_brand":[1160],"product_cat":[29],"product_tag":[],"class_list":{"0":"post-6743","1":"product","2":"type-product","3":"status-publish","4":"has-post-thumbnail","6":"product_brand-sarah-lark","7":"product_cat-novela","9":"first","10":"instock","11":"purchasable","12":"product-type-simple"},"featured_image_urls_v2":{"full":["https:\/\/ajupe.com.uy\/web\/wp-content\/uploads\/2016\/04\/p-6743-Las_olas_del_des_5420584c63011.jpg",220,336,false],"thumbnail":["https:\/\/ajupe.com.uy\/web\/wp-content\/uploads\/2016\/04\/p-6743-Las_olas_del_des_5420584c63011.jpg",150,150,true],"medium":["https:\/\/ajupe.com.uy\/web\/wp-content\/uploads\/2016\/04\/p-6743-Las_olas_del_des_5420584c63011.jpg",300,214,true],"medium_large":["https:\/\/ajupe.com.uy\/web\/wp-content\/uploads\/2016\/04\/p-6743-Las_olas_del_des_5420584c63011.jpg",220,336,false],"large":["https:\/\/ajupe.com.uy\/web\/wp-content\/uploads\/2016\/04\/p-6743-Las_olas_del_des_5420584c63011.jpg",220,336,false],"1536x1536":["https:\/\/ajupe.com.uy\/web\/wp-content\/uploads\/2016\/04\/p-6743-Las_olas_del_des_5420584c63011.jpg",220,336,false],"2048x2048":["https:\/\/ajupe.com.uy\/web\/wp-content\/uploads\/2016\/04\/p-6743-Las_olas_del_des_5420584c63011.jpg",220,336,false],"woocommerce_archive_thumbnail":["https:\/\/ajupe.com.uy\/web\/wp-content\/uploads\/2016\/04\/p-6743-Las_olas_del_des_5420584c63011-220x300.jpg",220,300,true],"woocommerce_thumbnail":["https:\/\/ajupe.com.uy\/web\/wp-content\/uploads\/2016\/04\/p-6743-Las_olas_del_des_5420584c63011-220x300.jpg",220,300,true],"woocommerce_single":["https:\/\/ajupe.com.uy\/web\/wp-content\/uploads\/2016\/04\/p-6743-Las_olas_del_des_5420584c63011.jpg",220,336,false],"woocommerce_gallery_thumbnail":["https:\/\/ajupe.com.uy\/web\/wp-content\/uploads\/2016\/04\/p-6743-Las_olas_del_des_5420584c63011-100x100.jpg",100,100,true]},"post_excerpt_stackable_v2":"<p>Isla de Jamaica, 1753. Deirdre, la hija de la inglesa Nora Fortnam y del esclavo Akwasi, lleva una vida protegida en la plantaci\u00f3n de su madre y de su padre adoptivo. Pese a los or\u00edgenes poco claros de la joven,los muchachos de la isla beben los vientos por ella. Deirdre, sin embargo, no siente el menor inter\u00e9s por ninguno de ellos hasta que el joven m\u00e9dico Victor Dufresne pide su mano. Tras una espl\u00e9ndida ceremonia nupcial, la pareja de reci\u00e9n casados zarpa hacia Saint-Domingue, en La Espa\u00f1ola. Los sucesos que all\u00ed acontecer\u00e1n transformar\u00e1n sus vidas por completo&#8230;<\/p>\n","category_list_v2":"","author_info_v2":{"name":"","url":""},"comments_num_v2":"0 comentarios","_links":{"self":[{"href":"https:\/\/ajupe.com.uy\/web\/wp-json\/wp\/v2\/product\/6743","targetHints":{"allow":["GET"]}}],"collection":[{"href":"https:\/\/ajupe.com.uy\/web\/wp-json\/wp\/v2\/product"}],"about":[{"href":"https:\/\/ajupe.com.uy\/web\/wp-json\/wp\/v2\/types\/product"}],"wp:featuredmedia":[{"embeddable":true,"href":"https:\/\/ajupe.com.uy\/web\/wp-json\/wp\/v2\/media\/6744"}],"wp:attachment":[{"href":"https:\/\/ajupe.com.uy\/web\/wp-json\/wp\/v2\/media?parent=6743"}],"wp:term":[{"taxonomy":"product_brand","embeddable":true,"href":"https:\/\/ajupe.com.uy\/web\/wp-json\/wp\/v2\/product_brand?post=6743"},{"taxonomy":"product_cat","embeddable":true,"href":"https:\/\/ajupe.com.uy\/web\/wp-json\/wp\/v2\/product_cat?post=6743"},{"taxonomy":"product_tag","embeddable":true,"href":"https:\/\/ajupe.com.uy\/web\/wp-json\/wp\/v2\/product_tag?post=6743"}],"curies":[{"name":"wp","href":"https:\/\/api.w.org\/{rel}","templated":true}]}}