{"id":6755,"date":"2014-09-22T18:20:03","date_gmt":"2014-09-22T21:20:03","guid":{"rendered":"http:\/\/ajupe.com.uy\/web\/?post_type=product&#038;p=6755"},"modified":"2014-09-22T18:21:31","modified_gmt":"2014-09-22T21:21:31","slug":"huesos-en-el-jardin","status":"publish","type":"product","link":"https:\/\/ajupe.com.uy\/web\/biblioteca\/huesos-en-el-jardin\/","title":{"rendered":"Huesos en el jardin"},"content":{"rendered":"<p>Un domingo de octubre de 2002, un Kurt Wallander agotado despu\u00e9s de una intensa semana de trabajo va a visitar la que podr\u00eda ser la casa de sus sue\u00f1os, en las afueras de L\u00f6derup. Mientras deambula a solas por el jard\u00edn de la finca, rumiando si comprarla o no, tropieza con algo semioculto entre la hierba. Para su sorpresa, son los huesos de una mano. Esa misma noche, cuando los t\u00e9cnicos encienden sus focos y cavan alrededor, sale a la luz un cad\u00e1ver que, seg\u00fan los forenses, lleva m\u00e1s de cincuenta a\u00f1os bajo tierra. Poco antes de Navidad, y pese a los recortes presupuestarios en la polic\u00eda de Escania, el inspector Wallander, junto con sus colegas Martinsson y Stefan Lindman (el protagonista de El retorno del profesor de baile), sigue investigando lo que parece ser un asesinato muy antiguo. Pero \u00bfes posible esclarecer un crimen cometido tanto tiempo atr\u00e1s? Cuando ya est\u00e1 a punto de darse por vencido, Wallander regresa al jard\u00edn de la que pudo haber sido su casa. Y algo despierta en \u00e9l nuevas sospechas que se convertir\u00e1n en un nuevo hallazgo.<\/p>\n","protected":false},"excerpt":{"rendered":"<p>Un domingo de octubre de 2002, un Kurt Wallander agotado despu\u00e9s de una intensa semana de trabajo va a visitar la que podr\u00eda ser la casa de sus sue\u00f1os, en las afueras de L\u00f6derup. Mientras deambula a solas por el jard\u00edn de la finca, rumiando si comprarla o no, tropieza con algo semioculto entre la [&hellip;]<\/p>\n","protected":false},"featured_media":6756,"template":"","meta":[],"product_brand":[996],"product_cat":[40],"product_tag":[],"class_list":{"0":"post-6755","1":"product","2":"type-product","3":"status-publish","4":"has-post-thumbnail","6":"product_brand-henning-mankell","7":"product_cat-policial","9":"first","10":"instock","11":"purchasable","12":"product-type-simple"},"featured_image_urls_v2":{"full":["https:\/\/ajupe.com.uy\/web\/wp-content\/uploads\/2016\/04\/p-6755-Huesos_en_el_jar_54206897c9944.jpg",219,328,false],"thumbnail":["https:\/\/ajupe.com.uy\/web\/wp-content\/uploads\/2016\/04\/p-6755-Huesos_en_el_jar_54206897c9944.jpg",150,150,true],"medium":["https:\/\/ajupe.com.uy\/web\/wp-content\/uploads\/2016\/04\/p-6755-Huesos_en_el_jar_54206897c9944.jpg",300,214,true],"medium_large":["https:\/\/ajupe.com.uy\/web\/wp-content\/uploads\/2016\/04\/p-6755-Huesos_en_el_jar_54206897c9944.jpg",219,328,false],"large":["https:\/\/ajupe.com.uy\/web\/wp-content\/uploads\/2016\/04\/p-6755-Huesos_en_el_jar_54206897c9944.jpg",219,328,false],"1536x1536":["https:\/\/ajupe.com.uy\/web\/wp-content\/uploads\/2016\/04\/p-6755-Huesos_en_el_jar_54206897c9944.jpg",219,328,false],"2048x2048":["https:\/\/ajupe.com.uy\/web\/wp-content\/uploads\/2016\/04\/p-6755-Huesos_en_el_jar_54206897c9944.jpg",219,328,false],"woocommerce_archive_thumbnail":["https:\/\/ajupe.com.uy\/web\/wp-content\/uploads\/2016\/04\/p-6755-Huesos_en_el_jar_54206897c9944-219x300.jpg",219,300,true],"woocommerce_thumbnail":["https:\/\/ajupe.com.uy\/web\/wp-content\/uploads\/2016\/04\/p-6755-Huesos_en_el_jar_54206897c9944-219x300.jpg",219,300,true],"woocommerce_single":["https:\/\/ajupe.com.uy\/web\/wp-content\/uploads\/2016\/04\/p-6755-Huesos_en_el_jar_54206897c9944.jpg",219,328,false],"woocommerce_gallery_thumbnail":["https:\/\/ajupe.com.uy\/web\/wp-content\/uploads\/2016\/04\/p-6755-Huesos_en_el_jar_54206897c9944-100x100.jpg",100,100,true]},"post_excerpt_stackable_v2":"<p>Un domingo de octubre de 2002, un Kurt Wallander agotado despu\u00e9s de una intensa semana de trabajo va a visitar la que podr\u00eda ser la casa de sus sue\u00f1os, en las afueras de L\u00f6derup. Mientras deambula a solas por el jard\u00edn de la finca, rumiando si comprarla o no, tropieza con algo semioculto entre la hierba. Para su sorpresa, son los huesos de una mano. Esa misma noche, cuando los t\u00e9cnicos encienden sus focos y cavan alrededor, sale a la luz un cad\u00e1ver que, seg\u00fan los forenses, lleva m\u00e1s de cincuenta a\u00f1os bajo tierra. Poco antes de Navidad, y pese&hellip;<\/p>\n","category_list_v2":"","author_info_v2":{"name":"","url":""},"comments_num_v2":"0 comentarios","_links":{"self":[{"href":"https:\/\/ajupe.com.uy\/web\/wp-json\/wp\/v2\/product\/6755","targetHints":{"allow":["GET"]}}],"collection":[{"href":"https:\/\/ajupe.com.uy\/web\/wp-json\/wp\/v2\/product"}],"about":[{"href":"https:\/\/ajupe.com.uy\/web\/wp-json\/wp\/v2\/types\/product"}],"wp:featuredmedia":[{"embeddable":true,"href":"https:\/\/ajupe.com.uy\/web\/wp-json\/wp\/v2\/media\/6756"}],"wp:attachment":[{"href":"https:\/\/ajupe.com.uy\/web\/wp-json\/wp\/v2\/media?parent=6755"}],"wp:term":[{"taxonomy":"product_brand","embeddable":true,"href":"https:\/\/ajupe.com.uy\/web\/wp-json\/wp\/v2\/product_brand?post=6755"},{"taxonomy":"product_cat","embeddable":true,"href":"https:\/\/ajupe.com.uy\/web\/wp-json\/wp\/v2\/product_cat?post=6755"},{"taxonomy":"product_tag","embeddable":true,"href":"https:\/\/ajupe.com.uy\/web\/wp-json\/wp\/v2\/product_tag?post=6755"}],"curies":[{"name":"wp","href":"https:\/\/api.w.org\/{rel}","templated":true}]}}