{"id":6773,"date":"2014-09-22T19:05:28","date_gmt":"2014-09-22T22:05:28","guid":{"rendered":"http:\/\/ajupe.com.uy\/web\/?post_type=product&#038;p=6773"},"modified":"2014-09-22T19:06:34","modified_gmt":"2014-09-22T22:06:34","slug":"extrano-testamento-2","status":"publish","type":"product","link":"https:\/\/ajupe.com.uy\/web\/biblioteca\/extrano-testamento-2\/","title":{"rendered":"Extra\u00f1o testamento"},"content":{"rendered":"<p>Samuel Stone ten\u00eda dos pasiones excluyentes: hacer dinero y resolver acertijos. Ahora \u00e9l est\u00e1 muerto y sus herederos esperan ansiosos el momento de saber c\u00f3mo se repartir\u00e1 su inmensa fortuna.<br \/>\n  Pero antes de morir, el exc\u00e9ntrico millonario decidi\u00f3 jugarles una broma final. En lugar del tradicional testamento, les ha dejado una serie de v\u00eddeos que lo tienen a \u00e9l mismo por protagonista.<br \/>\n  Cada uno de ellos contiene una pista que deber\u00e1n seguir a fin de apoderarse del dinero. Anonadados, los codiciosos deudos se devanan los sesos y se lanzan, una y otra vez, en busca del tesoro. Desde la pantalla del televisor, el viejo Sam se regodea a costa de ellos&#8230;<\/p>\n","protected":false},"excerpt":{"rendered":"<p>Samuel Stone ten\u00eda dos pasiones excluyentes: hacer dinero y resolver acertijos. Ahora \u00e9l est\u00e1 muerto y sus herederos esperan ansiosos el momento de saber c\u00f3mo se repartir\u00e1 su inmensa fortuna. Pero antes de morir, el exc\u00e9ntrico millonario decidi\u00f3 jugarles una broma final. En lugar del tradicional testamento, les ha dejado una serie de v\u00eddeos que [&hellip;]<\/p>\n","protected":false},"featured_media":6774,"template":"","meta":[],"product_brand":[87],"product_cat":[29],"product_tag":[],"class_list":{"0":"post-6773","1":"product","2":"type-product","3":"status-publish","4":"has-post-thumbnail","6":"product_brand-sidney-sheldon","7":"product_cat-novela","9":"first","10":"instock","11":"purchasable","12":"product-type-simple"},"featured_image_urls_v2":{"full":["https:\/\/ajupe.com.uy\/web\/wp-content\/uploads\/2016\/04\/p-6773-Extra__o_testame_54207338c42fb.jpg",199,292,false],"thumbnail":["https:\/\/ajupe.com.uy\/web\/wp-content\/uploads\/2016\/04\/p-6773-Extra__o_testame_54207338c42fb.jpg",150,150,true],"medium":["https:\/\/ajupe.com.uy\/web\/wp-content\/uploads\/2016\/04\/p-6773-Extra__o_testame_54207338c42fb.jpg",300,214,true],"medium_large":["https:\/\/ajupe.com.uy\/web\/wp-content\/uploads\/2016\/04\/p-6773-Extra__o_testame_54207338c42fb.jpg",199,292,false],"large":["https:\/\/ajupe.com.uy\/web\/wp-content\/uploads\/2016\/04\/p-6773-Extra__o_testame_54207338c42fb.jpg",199,292,false],"1536x1536":["https:\/\/ajupe.com.uy\/web\/wp-content\/uploads\/2016\/04\/p-6773-Extra__o_testame_54207338c42fb.jpg",199,292,false],"2048x2048":["https:\/\/ajupe.com.uy\/web\/wp-content\/uploads\/2016\/04\/p-6773-Extra__o_testame_54207338c42fb.jpg",199,292,false],"woocommerce_archive_thumbnail":["https:\/\/ajupe.com.uy\/web\/wp-content\/uploads\/2016\/04\/p-6773-Extra__o_testame_54207338c42fb.jpg",199,292,false],"woocommerce_thumbnail":["https:\/\/ajupe.com.uy\/web\/wp-content\/uploads\/2016\/04\/p-6773-Extra__o_testame_54207338c42fb.jpg",199,292,false],"woocommerce_single":["https:\/\/ajupe.com.uy\/web\/wp-content\/uploads\/2016\/04\/p-6773-Extra__o_testame_54207338c42fb.jpg",199,292,false],"woocommerce_gallery_thumbnail":["https:\/\/ajupe.com.uy\/web\/wp-content\/uploads\/2016\/04\/p-6773-Extra__o_testame_54207338c42fb-100x100.jpg",100,100,true]},"post_excerpt_stackable_v2":"<p>Samuel Stone ten\u00eda dos pasiones excluyentes: hacer dinero y resolver acertijos. Ahora \u00e9l est\u00e1 muerto y sus herederos esperan ansiosos el momento de saber c\u00f3mo se repartir\u00e1 su inmensa fortuna. Pero antes de morir, el exc\u00e9ntrico millonario decidi\u00f3 jugarles una broma final. En lugar del tradicional testamento, les ha dejado una serie de v\u00eddeos que lo tienen a \u00e9l mismo por protagonista. Cada uno de ellos contiene una pista que deber\u00e1n seguir a fin de apoderarse del dinero. Anonadados, los codiciosos deudos se devanan los sesos y se lanzan, una y otra vez, en busca del tesoro. Desde la pantalla&hellip;<\/p>\n","category_list_v2":"","author_info_v2":{"name":"","url":""},"comments_num_v2":"0 comentarios","_links":{"self":[{"href":"https:\/\/ajupe.com.uy\/web\/wp-json\/wp\/v2\/product\/6773","targetHints":{"allow":["GET"]}}],"collection":[{"href":"https:\/\/ajupe.com.uy\/web\/wp-json\/wp\/v2\/product"}],"about":[{"href":"https:\/\/ajupe.com.uy\/web\/wp-json\/wp\/v2\/types\/product"}],"wp:featuredmedia":[{"embeddable":true,"href":"https:\/\/ajupe.com.uy\/web\/wp-json\/wp\/v2\/media\/6774"}],"wp:attachment":[{"href":"https:\/\/ajupe.com.uy\/web\/wp-json\/wp\/v2\/media?parent=6773"}],"wp:term":[{"taxonomy":"product_brand","embeddable":true,"href":"https:\/\/ajupe.com.uy\/web\/wp-json\/wp\/v2\/product_brand?post=6773"},{"taxonomy":"product_cat","embeddable":true,"href":"https:\/\/ajupe.com.uy\/web\/wp-json\/wp\/v2\/product_cat?post=6773"},{"taxonomy":"product_tag","embeddable":true,"href":"https:\/\/ajupe.com.uy\/web\/wp-json\/wp\/v2\/product_tag?post=6773"}],"curies":[{"name":"wp","href":"https:\/\/api.w.org\/{rel}","templated":true}]}}