{"id":6776,"date":"2014-09-22T19:18:07","date_gmt":"2014-09-22T22:18:07","guid":{"rendered":"http:\/\/ajupe.com.uy\/web\/?post_type=product&#038;p=6776"},"modified":"2014-09-22T19:20:27","modified_gmt":"2014-09-22T22:20:27","slug":"avicena-o-la-ruta-de-isfahan","status":"publish","type":"product","link":"https:\/\/ajupe.com.uy\/web\/biblioteca\/avicena-o-la-ruta-de-isfahan\/","title":{"rendered":"Avicena o la ruta de Isfahan"},"content":{"rendered":"<p>Ibn Sina -conocido en Occidente como Avicena- pas\u00f3 a la historia como uno de los pensadores m\u00e1s importantes de la Persia del siglo XI. Fue adem\u00e1s un reputado consejero pol\u00edtico, un hombre proscrito, un amante ardiente y un hombre lleno de interrogantes y de pasiones. Avicena muri\u00f3 a los cincuenta y siete a\u00f1os, al final del largo trayecto que lo llev\u00f3 a Isfah\u00e1n -la ciudad sublime- despu\u00e9s de haber bebido hasta la ebriedad del saber y del amor.<\/p>\n","protected":false},"excerpt":{"rendered":"<p>Ibn Sina -conocido en Occidente como Avicena- pas\u00f3 a la historia como uno de los pensadores m\u00e1s importantes de la Persia del siglo XI. Fue adem\u00e1s un reputado consejero pol\u00edtico, un hombre proscrito, un amante ardiente y un hombre lleno de interrogantes y de pasiones. Avicena muri\u00f3 a los cincuenta y siete a\u00f1os, al final [&hellip;]<\/p>\n","protected":false},"featured_media":6777,"template":"","meta":[],"product_brand":[323],"product_cat":[31,29],"product_tag":[],"class_list":{"0":"post-6776","1":"product","2":"type-product","3":"status-publish","4":"has-post-thumbnail","6":"product_brand-gilbert-sinoue","7":"product_cat-historico","8":"product_cat-novela","10":"first","11":"instock","12":"purchasable","13":"product-type-simple"},"featured_image_urls_v2":{"full":["https:\/\/ajupe.com.uy\/web\/wp-content\/uploads\/2016\/04\/p-6776-Avicena_o_la_rut_54207607e578c.jpg",185,291,false],"thumbnail":["https:\/\/ajupe.com.uy\/web\/wp-content\/uploads\/2016\/04\/p-6776-Avicena_o_la_rut_54207607e578c.jpg",150,150,true],"medium":["https:\/\/ajupe.com.uy\/web\/wp-content\/uploads\/2016\/04\/p-6776-Avicena_o_la_rut_54207607e578c.jpg",300,214,true],"medium_large":["https:\/\/ajupe.com.uy\/web\/wp-content\/uploads\/2016\/04\/p-6776-Avicena_o_la_rut_54207607e578c.jpg",185,291,false],"large":["https:\/\/ajupe.com.uy\/web\/wp-content\/uploads\/2016\/04\/p-6776-Avicena_o_la_rut_54207607e578c.jpg",185,291,false],"1536x1536":["https:\/\/ajupe.com.uy\/web\/wp-content\/uploads\/2016\/04\/p-6776-Avicena_o_la_rut_54207607e578c.jpg",185,291,false],"2048x2048":["https:\/\/ajupe.com.uy\/web\/wp-content\/uploads\/2016\/04\/p-6776-Avicena_o_la_rut_54207607e578c.jpg",185,291,false],"woocommerce_archive_thumbnail":["https:\/\/ajupe.com.uy\/web\/wp-content\/uploads\/2016\/04\/p-6776-Avicena_o_la_rut_54207607e578c.jpg",185,291,false],"woocommerce_thumbnail":["https:\/\/ajupe.com.uy\/web\/wp-content\/uploads\/2016\/04\/p-6776-Avicena_o_la_rut_54207607e578c.jpg",185,291,false],"woocommerce_single":["https:\/\/ajupe.com.uy\/web\/wp-content\/uploads\/2016\/04\/p-6776-Avicena_o_la_rut_54207607e578c.jpg",185,291,false],"woocommerce_gallery_thumbnail":["https:\/\/ajupe.com.uy\/web\/wp-content\/uploads\/2016\/04\/p-6776-Avicena_o_la_rut_54207607e578c-100x100.jpg",100,100,true]},"post_excerpt_stackable_v2":"<p>Ibn Sina -conocido en Occidente como Avicena- pas\u00f3 a la historia como uno de los pensadores m\u00e1s importantes de la Persia del siglo XI. Fue adem\u00e1s un reputado consejero pol\u00edtico, un hombre proscrito, un amante ardiente y un hombre lleno de interrogantes y de pasiones. Avicena muri\u00f3 a los cincuenta y siete a\u00f1os, al final del largo trayecto que lo llev\u00f3 a Isfah\u00e1n -la ciudad sublime- despu\u00e9s de haber bebido hasta la ebriedad del saber y del amor.<\/p>\n","category_list_v2":"","author_info_v2":{"name":"","url":""},"comments_num_v2":"0 comentarios","_links":{"self":[{"href":"https:\/\/ajupe.com.uy\/web\/wp-json\/wp\/v2\/product\/6776","targetHints":{"allow":["GET"]}}],"collection":[{"href":"https:\/\/ajupe.com.uy\/web\/wp-json\/wp\/v2\/product"}],"about":[{"href":"https:\/\/ajupe.com.uy\/web\/wp-json\/wp\/v2\/types\/product"}],"wp:featuredmedia":[{"embeddable":true,"href":"https:\/\/ajupe.com.uy\/web\/wp-json\/wp\/v2\/media\/6777"}],"wp:attachment":[{"href":"https:\/\/ajupe.com.uy\/web\/wp-json\/wp\/v2\/media?parent=6776"}],"wp:term":[{"taxonomy":"product_brand","embeddable":true,"href":"https:\/\/ajupe.com.uy\/web\/wp-json\/wp\/v2\/product_brand?post=6776"},{"taxonomy":"product_cat","embeddable":true,"href":"https:\/\/ajupe.com.uy\/web\/wp-json\/wp\/v2\/product_cat?post=6776"},{"taxonomy":"product_tag","embeddable":true,"href":"https:\/\/ajupe.com.uy\/web\/wp-json\/wp\/v2\/product_tag?post=6776"}],"curies":[{"name":"wp","href":"https:\/\/api.w.org\/{rel}","templated":true}]}}