{"id":6815,"date":"2014-09-26T19:27:38","date_gmt":"2014-09-26T22:27:38","guid":{"rendered":"http:\/\/ajupe.com.uy\/web\/?post_type=product&#038;p=6815"},"modified":"2014-09-26T19:32:19","modified_gmt":"2014-09-26T22:32:19","slug":"juegos-de-espejo","status":"publish","type":"product","link":"https:\/\/ajupe.com.uy\/web\/biblioteca\/juegos-de-espejo\/","title":{"rendered":"Juegos de espejo"},"content":{"rendered":"<p>La explosi\u00f3n de un peque\u00f1o artefacto frente a un almac\u00e9n vac\u00edo, en pleno centro de Vig\u00e0ta, y la consiguiente investigaci\u00f3n puesta en marcha por Montalbano y su equipo, precipita una serie de acontecimientos que se suceden de forma ca\u00f3tica y vertiginosa: pistas contradictorias, cartas an\u00f3nimas, delaciones misteriosas&#8230; El comisario tiene la sensaci\u00f3n de que alguien busca guiar sus pasos, confundirlo y manejarlo como si fuera una marioneta, alej\u00e1ndolo de la verdad de los hechos.<\/p>\n<p>En paralelo, Montalbano traba amistad con su nueva vecina, Liliana, una mujer de rompe y rasga, cuyo marido se halla a menudo ausente por razones de trabajo. Y muy pronto iniciar\u00e1 con ella un juego de seducci\u00f3n m\u00e1s que comprometido. Realidad e ilusi\u00f3n se confunden, los cr\u00edmenes investigados se tornan violentos y el comisario, consciente de encontrarse en un laberinto de reflejos, rememora la magistral escena de los espejos de La dama de Shanghai, de Orson Welles. Al igual que en la pel\u00edcula, deber\u00e1 tener en cuenta que s\u00f3lo una de las im\u00e1genes es la real. Montalbano se crece ante la dificultad, y desenreda finalmente la mara\u00f1a haciendo gala de su fin\u00edsimo instinto y su veteran\u00eda, sin perder nunca su irreverente sentido del humor. Esta vez, incluso Catarella acepta llevar a cabo una peque\u00f1a misi\u00f3n secreta nocturna, que en sus manos adquiere aires quijotescos.<\/p>\n<p>Juego de espejos es una magn\u00edfica nueva entrega de la serie, en la que Camilleri vuelve a demostrar la plenitud de sus facultades y su portentoso talento narrativo.<\/p>\n","protected":false},"excerpt":{"rendered":"<p>La explosi\u00f3n de un peque\u00f1o artefacto frente a un almac\u00e9n vac\u00edo, en pleno centro de Vig\u00e0ta, y la consiguiente investigaci\u00f3n puesta en marcha por Montalbano y su equipo, precipita una serie de acontecimientos que se suceden de forma ca\u00f3tica y vertiginosa: pistas contradictorias, cartas an\u00f3nimas, delaciones misteriosas&#8230; El comisario tiene la sensaci\u00f3n de que alguien [&hellip;]<\/p>\n","protected":false},"featured_media":6816,"template":"","meta":[],"product_brand":[399],"product_cat":[40],"product_tag":[],"class_list":{"0":"post-6815","1":"product","2":"type-product","3":"status-publish","4":"has-post-thumbnail","6":"product_brand-andrea-camilleri","7":"product_cat-policial","9":"first","10":"instock","11":"purchasable","12":"product-type-simple"},"featured_image_urls_v2":{"full":["https:\/\/ajupe.com.uy\/web\/wp-content\/uploads\/2016\/04\/p-6815-Juegos_de_espejo_5425be4b0d6b2.jpg",198,323,false],"thumbnail":["https:\/\/ajupe.com.uy\/web\/wp-content\/uploads\/2016\/04\/p-6815-Juegos_de_espejo_5425be4b0d6b2.jpg",150,150,true],"medium":["https:\/\/ajupe.com.uy\/web\/wp-content\/uploads\/2016\/04\/p-6815-Juegos_de_espejo_5425be4b0d6b2.jpg",300,214,true],"medium_large":["https:\/\/ajupe.com.uy\/web\/wp-content\/uploads\/2016\/04\/p-6815-Juegos_de_espejo_5425be4b0d6b2.jpg",198,323,false],"large":["https:\/\/ajupe.com.uy\/web\/wp-content\/uploads\/2016\/04\/p-6815-Juegos_de_espejo_5425be4b0d6b2.jpg",198,323,false],"1536x1536":["https:\/\/ajupe.com.uy\/web\/wp-content\/uploads\/2016\/04\/p-6815-Juegos_de_espejo_5425be4b0d6b2.jpg",198,323,false],"2048x2048":["https:\/\/ajupe.com.uy\/web\/wp-content\/uploads\/2016\/04\/p-6815-Juegos_de_espejo_5425be4b0d6b2.jpg",198,323,false],"woocommerce_archive_thumbnail":["https:\/\/ajupe.com.uy\/web\/wp-content\/uploads\/2016\/04\/p-6815-Juegos_de_espejo_5425be4b0d6b2-198x300.jpg",198,300,true],"woocommerce_thumbnail":["https:\/\/ajupe.com.uy\/web\/wp-content\/uploads\/2016\/04\/p-6815-Juegos_de_espejo_5425be4b0d6b2-198x300.jpg",198,300,true],"woocommerce_single":["https:\/\/ajupe.com.uy\/web\/wp-content\/uploads\/2016\/04\/p-6815-Juegos_de_espejo_5425be4b0d6b2.jpg",198,323,false],"woocommerce_gallery_thumbnail":["https:\/\/ajupe.com.uy\/web\/wp-content\/uploads\/2016\/04\/p-6815-Juegos_de_espejo_5425be4b0d6b2-100x100.jpg",100,100,true]},"post_excerpt_stackable_v2":"<p>La explosi\u00f3n de un peque\u00f1o artefacto frente a un almac\u00e9n vac\u00edo, en pleno centro de Vig\u00e0ta, y la consiguiente investigaci\u00f3n puesta en marcha por Montalbano y su equipo, precipita una serie de acontecimientos que se suceden de forma ca\u00f3tica y vertiginosa: pistas contradictorias, cartas an\u00f3nimas, delaciones misteriosas&#8230; El comisario tiene la sensaci\u00f3n de que alguien busca guiar sus pasos, confundirlo y manejarlo como si fuera una marioneta, alej\u00e1ndolo de la verdad de los hechos. En paralelo, Montalbano traba amistad con su nueva vecina, Liliana, una mujer de rompe y rasga, cuyo marido se halla a menudo ausente por razones de&hellip;<\/p>\n","category_list_v2":"","author_info_v2":{"name":"","url":""},"comments_num_v2":"0 comentarios","_links":{"self":[{"href":"https:\/\/ajupe.com.uy\/web\/wp-json\/wp\/v2\/product\/6815","targetHints":{"allow":["GET"]}}],"collection":[{"href":"https:\/\/ajupe.com.uy\/web\/wp-json\/wp\/v2\/product"}],"about":[{"href":"https:\/\/ajupe.com.uy\/web\/wp-json\/wp\/v2\/types\/product"}],"wp:featuredmedia":[{"embeddable":true,"href":"https:\/\/ajupe.com.uy\/web\/wp-json\/wp\/v2\/media\/6816"}],"wp:attachment":[{"href":"https:\/\/ajupe.com.uy\/web\/wp-json\/wp\/v2\/media?parent=6815"}],"wp:term":[{"taxonomy":"product_brand","embeddable":true,"href":"https:\/\/ajupe.com.uy\/web\/wp-json\/wp\/v2\/product_brand?post=6815"},{"taxonomy":"product_cat","embeddable":true,"href":"https:\/\/ajupe.com.uy\/web\/wp-json\/wp\/v2\/product_cat?post=6815"},{"taxonomy":"product_tag","embeddable":true,"href":"https:\/\/ajupe.com.uy\/web\/wp-json\/wp\/v2\/product_tag?post=6815"}],"curies":[{"name":"wp","href":"https:\/\/api.w.org\/{rel}","templated":true}]}}