{"id":6818,"date":"2014-09-26T19:35:50","date_gmt":"2014-09-26T22:35:50","guid":{"rendered":"http:\/\/ajupe.com.uy\/web\/?post_type=product&#038;p=6818"},"modified":"2014-09-26T19:37:17","modified_gmt":"2014-09-26T22:37:17","slug":"los-bienes-de-este-mundo","status":"publish","type":"product","link":"https:\/\/ajupe.com.uy\/web\/biblioteca\/los-bienes-de-este-mundo\/","title":{"rendered":"Los bienes de este mundo"},"content":{"rendered":"<p>Preludio de Suite Francesa, la gran obra de N\u00e9mirovsky. La escribi\u00f3 a finales del a\u00f1o 1940 bajo pseud\u00f3nimo, con la Ley Vichy en todo su esplendor (la que prohib\u00eda trabajar a los jud\u00edos) y se public\u00f3 por entregas en una revista.<\/p>\n","protected":false},"excerpt":{"rendered":"<p>Preludio de Suite Francesa, la gran obra de N\u00e9mirovsky. La escribi\u00f3 a finales del a\u00f1o 1940 bajo pseud\u00f3nimo, con la Ley Vichy en todo su esplendor (la que prohib\u00eda trabajar a los jud\u00edos) y se public\u00f3 por entregas en una revista.<\/p>\n","protected":false},"featured_media":6819,"template":"","meta":[],"product_brand":[530],"product_cat":[29],"product_tag":[],"class_list":{"0":"post-6818","1":"product","2":"type-product","3":"status-publish","4":"has-post-thumbnail","6":"product_brand-irene-nemirovsky","7":"product_cat-novela","9":"first","10":"instock","11":"purchasable","12":"product-type-simple"},"featured_image_urls_v2":{"full":["https:\/\/ajupe.com.uy\/web\/wp-content\/uploads\/2016\/04\/p-6818-Los_bienes_de_es_5425c028bad41.jpg",198,323,false],"thumbnail":["https:\/\/ajupe.com.uy\/web\/wp-content\/uploads\/2016\/04\/p-6818-Los_bienes_de_es_5425c028bad41.jpg",150,150,true],"medium":["https:\/\/ajupe.com.uy\/web\/wp-content\/uploads\/2016\/04\/p-6818-Los_bienes_de_es_5425c028bad41.jpg",300,214,true],"medium_large":["https:\/\/ajupe.com.uy\/web\/wp-content\/uploads\/2016\/04\/p-6818-Los_bienes_de_es_5425c028bad41.jpg",198,323,false],"large":["https:\/\/ajupe.com.uy\/web\/wp-content\/uploads\/2016\/04\/p-6818-Los_bienes_de_es_5425c028bad41.jpg",198,323,false],"1536x1536":["https:\/\/ajupe.com.uy\/web\/wp-content\/uploads\/2016\/04\/p-6818-Los_bienes_de_es_5425c028bad41.jpg",198,323,false],"2048x2048":["https:\/\/ajupe.com.uy\/web\/wp-content\/uploads\/2016\/04\/p-6818-Los_bienes_de_es_5425c028bad41.jpg",198,323,false],"woocommerce_archive_thumbnail":["https:\/\/ajupe.com.uy\/web\/wp-content\/uploads\/2016\/04\/p-6818-Los_bienes_de_es_5425c028bad41-198x300.jpg",198,300,true],"woocommerce_thumbnail":["https:\/\/ajupe.com.uy\/web\/wp-content\/uploads\/2016\/04\/p-6818-Los_bienes_de_es_5425c028bad41-198x300.jpg",198,300,true],"woocommerce_single":["https:\/\/ajupe.com.uy\/web\/wp-content\/uploads\/2016\/04\/p-6818-Los_bienes_de_es_5425c028bad41.jpg",198,323,false],"woocommerce_gallery_thumbnail":["https:\/\/ajupe.com.uy\/web\/wp-content\/uploads\/2016\/04\/p-6818-Los_bienes_de_es_5425c028bad41-100x100.jpg",100,100,true]},"post_excerpt_stackable_v2":"<p>Preludio de Suite Francesa, la gran obra de N\u00e9mirovsky. La escribi\u00f3 a finales del a\u00f1o 1940 bajo pseud\u00f3nimo, con la Ley Vichy en todo su esplendor (la que prohib\u00eda trabajar a los jud\u00edos) y se public\u00f3 por entregas en una revista.<\/p>\n","category_list_v2":"","author_info_v2":{"name":"","url":""},"comments_num_v2":"0 comentarios","_links":{"self":[{"href":"https:\/\/ajupe.com.uy\/web\/wp-json\/wp\/v2\/product\/6818","targetHints":{"allow":["GET"]}}],"collection":[{"href":"https:\/\/ajupe.com.uy\/web\/wp-json\/wp\/v2\/product"}],"about":[{"href":"https:\/\/ajupe.com.uy\/web\/wp-json\/wp\/v2\/types\/product"}],"wp:featuredmedia":[{"embeddable":true,"href":"https:\/\/ajupe.com.uy\/web\/wp-json\/wp\/v2\/media\/6819"}],"wp:attachment":[{"href":"https:\/\/ajupe.com.uy\/web\/wp-json\/wp\/v2\/media?parent=6818"}],"wp:term":[{"taxonomy":"product_brand","embeddable":true,"href":"https:\/\/ajupe.com.uy\/web\/wp-json\/wp\/v2\/product_brand?post=6818"},{"taxonomy":"product_cat","embeddable":true,"href":"https:\/\/ajupe.com.uy\/web\/wp-json\/wp\/v2\/product_cat?post=6818"},{"taxonomy":"product_tag","embeddable":true,"href":"https:\/\/ajupe.com.uy\/web\/wp-json\/wp\/v2\/product_tag?post=6818"}],"curies":[{"name":"wp","href":"https:\/\/api.w.org\/{rel}","templated":true}]}}