{"id":6845,"date":"2014-09-26T21:06:59","date_gmt":"2014-09-27T00:06:59","guid":{"rendered":"http:\/\/ajupe.com.uy\/web\/?post_type=product&#038;p=6845"},"modified":"2014-09-26T21:08:43","modified_gmt":"2014-09-27T00:08:43","slug":"si-pudiera-volver-atras","status":"publish","type":"product","link":"https:\/\/ajupe.com.uy\/web\/biblioteca\/si-pudiera-volver-atras\/","title":{"rendered":"Si pudiera volver atras"},"content":{"rendered":"<p>\u00bfQui\u00e9n no ha querido cambiar el curso de las cosas alguna vez? Si pudieras retroceder en el tiempo: \u00bfSer\u00edas capaz de dejarlo todo para emprender una aventura en busca de tu destino? \u00bfCallar\u00edas ese secreto que revelaste sin querer? \u00bfAcudir\u00edas a aquella cita a ciegas con un desconocido que podr\u00eda haber sido tu alma gemela? \u00bfConfiar\u00edas en las mismas personas?  Andrew Stilman es un reconocido periodista del New York Times, acaba de casarse pero pocos d\u00edas despu\u00e9s del enlace conoce a una mujer que le obsesiona y que no consigue sacarse de la cabeza. El 9 de julio de 2012 sale a correr a lo largo del Hudson River cuando es agredido. Un dolor fulgurante le atraviesa la espalda y se desmaya en un charco de sangre. Andrew se vuelve a despertar el 9 de mayo de 2012, dos meses antes de su boda.  A partir de este minuto tiene sesenta d\u00edas para descubrir a su asesino, sesenta d\u00edas para enfrentarse al destino, sesenta d\u00edas para poner fin a su obsesi\u00f3n\u2026  Marc Levy nos sorprende con un nuevo registro m\u00e1s adulto y maduro, aunque manteniendo la esencia que caracteriza su escritura: un elemento m\u00e1gico, un recorrido sentimental y un aprendizaje interior.<\/p>\n","protected":false},"excerpt":{"rendered":"<p>\u00bfQui\u00e9n no ha querido cambiar el curso de las cosas alguna vez? Si pudieras retroceder en el tiempo: \u00bfSer\u00edas capaz de dejarlo todo para emprender una aventura en busca de tu destino? \u00bfCallar\u00edas ese secreto que revelaste sin querer? \u00bfAcudir\u00edas a aquella cita a ciegas con un desconocido que podr\u00eda haber sido tu alma gemela? [&hellip;]<\/p>\n","protected":false},"featured_media":6846,"template":"","meta":[],"product_brand":[980],"product_cat":[29],"product_tag":[],"class_list":{"0":"post-6845","1":"product","2":"type-product","3":"status-publish","4":"has-post-thumbnail","6":"product_brand-marc-levy","7":"product_cat-novela","9":"first","10":"instock","11":"purchasable","12":"product-type-simple"},"featured_image_urls_v2":{"full":["https:\/\/ajupe.com.uy\/web\/wp-content\/uploads\/2016\/04\/p-6845-Si_pudiera_volve_5425d5d2b17a4.jpg",219,338,false],"thumbnail":["https:\/\/ajupe.com.uy\/web\/wp-content\/uploads\/2016\/04\/p-6845-Si_pudiera_volve_5425d5d2b17a4.jpg",150,150,true],"medium":["https:\/\/ajupe.com.uy\/web\/wp-content\/uploads\/2016\/04\/p-6845-Si_pudiera_volve_5425d5d2b17a4.jpg",300,214,true],"medium_large":["https:\/\/ajupe.com.uy\/web\/wp-content\/uploads\/2016\/04\/p-6845-Si_pudiera_volve_5425d5d2b17a4.jpg",219,338,false],"large":["https:\/\/ajupe.com.uy\/web\/wp-content\/uploads\/2016\/04\/p-6845-Si_pudiera_volve_5425d5d2b17a4.jpg",219,338,false],"1536x1536":["https:\/\/ajupe.com.uy\/web\/wp-content\/uploads\/2016\/04\/p-6845-Si_pudiera_volve_5425d5d2b17a4.jpg",219,338,false],"2048x2048":["https:\/\/ajupe.com.uy\/web\/wp-content\/uploads\/2016\/04\/p-6845-Si_pudiera_volve_5425d5d2b17a4.jpg",219,338,false],"woocommerce_archive_thumbnail":["https:\/\/ajupe.com.uy\/web\/wp-content\/uploads\/2016\/04\/p-6845-Si_pudiera_volve_5425d5d2b17a4-219x300.jpg",219,300,true],"woocommerce_thumbnail":["https:\/\/ajupe.com.uy\/web\/wp-content\/uploads\/2016\/04\/p-6845-Si_pudiera_volve_5425d5d2b17a4-219x300.jpg",219,300,true],"woocommerce_single":["https:\/\/ajupe.com.uy\/web\/wp-content\/uploads\/2016\/04\/p-6845-Si_pudiera_volve_5425d5d2b17a4.jpg",219,338,false],"woocommerce_gallery_thumbnail":["https:\/\/ajupe.com.uy\/web\/wp-content\/uploads\/2016\/04\/p-6845-Si_pudiera_volve_5425d5d2b17a4-100x100.jpg",100,100,true]},"post_excerpt_stackable_v2":"<p>\u00bfQui\u00e9n no ha querido cambiar el curso de las cosas alguna vez? Si pudieras retroceder en el tiempo: \u00bfSer\u00edas capaz de dejarlo todo para emprender una aventura en busca de tu destino? \u00bfCallar\u00edas ese secreto que revelaste sin querer? \u00bfAcudir\u00edas a aquella cita a ciegas con un desconocido que podr\u00eda haber sido tu alma gemela? \u00bfConfiar\u00edas en las mismas personas? Andrew Stilman es un reconocido periodista del New York Times, acaba de casarse pero pocos d\u00edas despu\u00e9s del enlace conoce a una mujer que le obsesiona y que no consigue sacarse de la cabeza. El 9 de julio de 2012&hellip;<\/p>\n","category_list_v2":"","author_info_v2":{"name":"","url":""},"comments_num_v2":"0 comentarios","_links":{"self":[{"href":"https:\/\/ajupe.com.uy\/web\/wp-json\/wp\/v2\/product\/6845","targetHints":{"allow":["GET"]}}],"collection":[{"href":"https:\/\/ajupe.com.uy\/web\/wp-json\/wp\/v2\/product"}],"about":[{"href":"https:\/\/ajupe.com.uy\/web\/wp-json\/wp\/v2\/types\/product"}],"wp:featuredmedia":[{"embeddable":true,"href":"https:\/\/ajupe.com.uy\/web\/wp-json\/wp\/v2\/media\/6846"}],"wp:attachment":[{"href":"https:\/\/ajupe.com.uy\/web\/wp-json\/wp\/v2\/media?parent=6845"}],"wp:term":[{"taxonomy":"product_brand","embeddable":true,"href":"https:\/\/ajupe.com.uy\/web\/wp-json\/wp\/v2\/product_brand?post=6845"},{"taxonomy":"product_cat","embeddable":true,"href":"https:\/\/ajupe.com.uy\/web\/wp-json\/wp\/v2\/product_cat?post=6845"},{"taxonomy":"product_tag","embeddable":true,"href":"https:\/\/ajupe.com.uy\/web\/wp-json\/wp\/v2\/product_tag?post=6845"}],"curies":[{"name":"wp","href":"https:\/\/api.w.org\/{rel}","templated":true}]}}