{"id":6866,"date":"2014-09-29T21:22:22","date_gmt":"2014-09-30T00:22:22","guid":{"rendered":"http:\/\/ajupe.com.uy\/web\/?post_type=product&#038;p=6866"},"modified":"2014-09-29T21:23:05","modified_gmt":"2014-09-30T00:23:05","slug":"juegos-peligrosos","status":"publish","type":"product","link":"https:\/\/ajupe.com.uy\/web\/biblioteca\/juegos-peligrosos\/","title":{"rendered":"Juegos peligrosos"},"content":{"rendered":"<p>Un asesino est\u00e1 utilizando el laberinto que configura el sistema de drenaje de aguas pluviales para deshacerse de sus v\u00edctimas, que son halladas esposadas y ahogadas, expelidas por las bocas de tormenta cual basura. Y junto con la \u00e9poca de lluvias, comienza la ola de muertes. La identidad del asesino no es ning\u00fan secreto: s e trata de un despiadado secuestrador conocido como Rain Man, que deja a sus v\u00edctimas en las redes de drenaje de aguas pluviales para que mueran ahogadas, a menos que se pague el rescate a tiempo; pero gracias al talento natural de Prescott para los giros inesperados del argumento, el suspense se mantiene en grado extremo hasta el \u00faltimo cap\u00edtulo \u00bfPor qu\u00e9 Rain Man insiste en recibir pagos por parte de la ciudad de Los \u00c1ngeles en lugar de requerirlos de las familias de las v\u00edctimas? \u00bfC\u00f3mo puede tener acceso a tanta informaci\u00f3n confidencial sin recibir ayuda interna? \u00bfPodr\u00e1n las dos agentes detener al asesino antes de matarse mutuamente?<\/p>\n","protected":false},"excerpt":{"rendered":"<p>Un asesino est\u00e1 utilizando el laberinto que configura el sistema de drenaje de aguas pluviales para deshacerse de sus v\u00edctimas, que son halladas esposadas y ahogadas, expelidas por las bocas de tormenta cual basura. Y junto con la \u00e9poca de lluvias, comienza la ola de muertes. La identidad del asesino no es ning\u00fan secreto: s [&hellip;]<\/p>\n","protected":false},"featured_media":6867,"template":"","meta":[],"product_brand":[1308],"product_cat":[48],"product_tag":[],"class_list":{"0":"post-6866","1":"product","2":"type-product","3":"status-publish","4":"has-post-thumbnail","6":"product_brand-michael-prescott","7":"product_cat-thrillers","9":"first","10":"instock","11":"purchasable","12":"product-type-simple"},"featured_image_urls_v2":{"full":["https:\/\/ajupe.com.uy\/web\/wp-content\/uploads\/2016\/04\/p-6866-Juegos_peligroso_5429cdaf35795.jpg",216,334,false],"thumbnail":["https:\/\/ajupe.com.uy\/web\/wp-content\/uploads\/2016\/04\/p-6866-Juegos_peligroso_5429cdaf35795.jpg",150,150,true],"medium":["https:\/\/ajupe.com.uy\/web\/wp-content\/uploads\/2016\/04\/p-6866-Juegos_peligroso_5429cdaf35795.jpg",300,214,true],"medium_large":["https:\/\/ajupe.com.uy\/web\/wp-content\/uploads\/2016\/04\/p-6866-Juegos_peligroso_5429cdaf35795.jpg",216,334,false],"large":["https:\/\/ajupe.com.uy\/web\/wp-content\/uploads\/2016\/04\/p-6866-Juegos_peligroso_5429cdaf35795.jpg",216,334,false],"1536x1536":["https:\/\/ajupe.com.uy\/web\/wp-content\/uploads\/2016\/04\/p-6866-Juegos_peligroso_5429cdaf35795.jpg",216,334,false],"2048x2048":["https:\/\/ajupe.com.uy\/web\/wp-content\/uploads\/2016\/04\/p-6866-Juegos_peligroso_5429cdaf35795.jpg",216,334,false],"woocommerce_archive_thumbnail":["https:\/\/ajupe.com.uy\/web\/wp-content\/uploads\/2016\/04\/p-6866-Juegos_peligroso_5429cdaf35795-216x300.jpg",216,300,true],"woocommerce_thumbnail":["https:\/\/ajupe.com.uy\/web\/wp-content\/uploads\/2016\/04\/p-6866-Juegos_peligroso_5429cdaf35795-216x300.jpg",216,300,true],"woocommerce_single":["https:\/\/ajupe.com.uy\/web\/wp-content\/uploads\/2016\/04\/p-6866-Juegos_peligroso_5429cdaf35795.jpg",216,334,false],"woocommerce_gallery_thumbnail":["https:\/\/ajupe.com.uy\/web\/wp-content\/uploads\/2016\/04\/p-6866-Juegos_peligroso_5429cdaf35795-100x100.jpg",100,100,true]},"post_excerpt_stackable_v2":"<p>Un asesino est\u00e1 utilizando el laberinto que configura el sistema de drenaje de aguas pluviales para deshacerse de sus v\u00edctimas, que son halladas esposadas y ahogadas, expelidas por las bocas de tormenta cual basura. Y junto con la \u00e9poca de lluvias, comienza la ola de muertes. La identidad del asesino no es ning\u00fan secreto: s e trata de un despiadado secuestrador conocido como Rain Man, que deja a sus v\u00edctimas en las redes de drenaje de aguas pluviales para que mueran ahogadas, a menos que se pague el rescate a tiempo; pero gracias al talento natural de Prescott para los&hellip;<\/p>\n","category_list_v2":"","author_info_v2":{"name":"","url":""},"comments_num_v2":"0 comentarios","_links":{"self":[{"href":"https:\/\/ajupe.com.uy\/web\/wp-json\/wp\/v2\/product\/6866","targetHints":{"allow":["GET"]}}],"collection":[{"href":"https:\/\/ajupe.com.uy\/web\/wp-json\/wp\/v2\/product"}],"about":[{"href":"https:\/\/ajupe.com.uy\/web\/wp-json\/wp\/v2\/types\/product"}],"wp:featuredmedia":[{"embeddable":true,"href":"https:\/\/ajupe.com.uy\/web\/wp-json\/wp\/v2\/media\/6867"}],"wp:attachment":[{"href":"https:\/\/ajupe.com.uy\/web\/wp-json\/wp\/v2\/media?parent=6866"}],"wp:term":[{"taxonomy":"product_brand","embeddable":true,"href":"https:\/\/ajupe.com.uy\/web\/wp-json\/wp\/v2\/product_brand?post=6866"},{"taxonomy":"product_cat","embeddable":true,"href":"https:\/\/ajupe.com.uy\/web\/wp-json\/wp\/v2\/product_cat?post=6866"},{"taxonomy":"product_tag","embeddable":true,"href":"https:\/\/ajupe.com.uy\/web\/wp-json\/wp\/v2\/product_tag?post=6866"}],"curies":[{"name":"wp","href":"https:\/\/api.w.org\/{rel}","templated":true}]}}