{"id":6878,"date":"2014-09-30T17:21:16","date_gmt":"2014-09-30T20:21:16","guid":{"rendered":"http:\/\/ajupe.com.uy\/web\/?post_type=product&#038;p=6878"},"modified":"2014-09-30T17:22:41","modified_gmt":"2014-09-30T20:22:41","slug":"la-salvacion-de-rachel","status":"publish","type":"product","link":"https:\/\/ajupe.com.uy\/web\/biblioteca\/la-salvacion-de-rachel\/","title":{"rendered":"La salvaci\u00f3n de Rachel"},"content":{"rendered":"<p>Sam Case parece tenerlo todo: se gana bien la vida como inform\u00e1tico, est\u00e1 casado con Rachel, una guapa publicista, vive en una casa con todo tipo de comodidades, tiene un buen coche y sin que nadie lo sepa, excepto su mujer, se ha hecho multimillonario gracias a un programa inform\u00e1tico que permite desviar y blanquear dinero sin que el Gobierno pueda intervenir. Sus clientes: asesinos, mafiosos, terroristas y jefes del crimen organizado.  Hasta aqu\u00ed una vida privilegiada. Pero lo cierto es que su relaci\u00f3n con Rachel est\u00e1 atravesando un bache. Su mujer se muestra fr\u00eda y distante. Una ma\u00f1ana decide tener un romance con Karen Voguel, la chica de sus sue\u00f1os. Y la id\u00edlica ma\u00f1ana se convierte en su peor pesadilla. Sam Case se encontrar\u00e1 sumido en una espiral de acontecimientos inimaginables hasta verse obligado a elegir entre salvar la vida de Rachel o la de su amante. Creed es cliente de Sam y se convertir\u00e1 en su \u00fanica esperanza para salir con vida.<\/p>\n","protected":false},"excerpt":{"rendered":"<p>Sam Case parece tenerlo todo: se gana bien la vida como inform\u00e1tico, est\u00e1 casado con Rachel, una guapa publicista, vive en una casa con todo tipo de comodidades, tiene un buen coche y sin que nadie lo sepa, excepto su mujer, se ha hecho multimillonario gracias a un programa inform\u00e1tico que permite desviar y blanquear [&hellip;]<\/p>\n","protected":false},"featured_media":6879,"template":"","meta":[],"product_brand":[1147],"product_cat":[30],"product_tag":[],"class_list":{"0":"post-6878","1":"product","2":"type-product","3":"status-publish","4":"has-post-thumbnail","6":"product_brand-john-locke","7":"product_cat-suspenso","9":"first","10":"instock","11":"purchasable","12":"product-type-simple"},"featured_image_urls_v2":{"full":["https:\/\/ajupe.com.uy\/web\/wp-content\/uploads\/2016\/04\/p-6878-La_salvaci__n_de_542ae6d157d0e.jpg",219,336,false],"thumbnail":["https:\/\/ajupe.com.uy\/web\/wp-content\/uploads\/2016\/04\/p-6878-La_salvaci__n_de_542ae6d157d0e.jpg",150,150,true],"medium":["https:\/\/ajupe.com.uy\/web\/wp-content\/uploads\/2016\/04\/p-6878-La_salvaci__n_de_542ae6d157d0e.jpg",300,214,true],"medium_large":["https:\/\/ajupe.com.uy\/web\/wp-content\/uploads\/2016\/04\/p-6878-La_salvaci__n_de_542ae6d157d0e.jpg",219,336,false],"large":["https:\/\/ajupe.com.uy\/web\/wp-content\/uploads\/2016\/04\/p-6878-La_salvaci__n_de_542ae6d157d0e.jpg",219,336,false],"1536x1536":["https:\/\/ajupe.com.uy\/web\/wp-content\/uploads\/2016\/04\/p-6878-La_salvaci__n_de_542ae6d157d0e.jpg",219,336,false],"2048x2048":["https:\/\/ajupe.com.uy\/web\/wp-content\/uploads\/2016\/04\/p-6878-La_salvaci__n_de_542ae6d157d0e.jpg",219,336,false],"woocommerce_archive_thumbnail":["https:\/\/ajupe.com.uy\/web\/wp-content\/uploads\/2016\/04\/p-6878-La_salvaci__n_de_542ae6d157d0e-219x300.jpg",219,300,true],"woocommerce_thumbnail":["https:\/\/ajupe.com.uy\/web\/wp-content\/uploads\/2016\/04\/p-6878-La_salvaci__n_de_542ae6d157d0e-219x300.jpg",219,300,true],"woocommerce_single":["https:\/\/ajupe.com.uy\/web\/wp-content\/uploads\/2016\/04\/p-6878-La_salvaci__n_de_542ae6d157d0e.jpg",219,336,false],"woocommerce_gallery_thumbnail":["https:\/\/ajupe.com.uy\/web\/wp-content\/uploads\/2016\/04\/p-6878-La_salvaci__n_de_542ae6d157d0e-100x100.jpg",100,100,true]},"post_excerpt_stackable_v2":"<p>Sam Case parece tenerlo todo: se gana bien la vida como inform\u00e1tico, est\u00e1 casado con Rachel, una guapa publicista, vive en una casa con todo tipo de comodidades, tiene un buen coche y sin que nadie lo sepa, excepto su mujer, se ha hecho multimillonario gracias a un programa inform\u00e1tico que permite desviar y blanquear dinero sin que el Gobierno pueda intervenir. Sus clientes: asesinos, mafiosos, terroristas y jefes del crimen organizado. Hasta aqu\u00ed una vida privilegiada. Pero lo cierto es que su relaci\u00f3n con Rachel est\u00e1 atravesando un bache. Su mujer se muestra fr\u00eda y distante. Una ma\u00f1ana decide&hellip;<\/p>\n","category_list_v2":"","author_info_v2":{"name":"","url":""},"comments_num_v2":"0 comentarios","_links":{"self":[{"href":"https:\/\/ajupe.com.uy\/web\/wp-json\/wp\/v2\/product\/6878","targetHints":{"allow":["GET"]}}],"collection":[{"href":"https:\/\/ajupe.com.uy\/web\/wp-json\/wp\/v2\/product"}],"about":[{"href":"https:\/\/ajupe.com.uy\/web\/wp-json\/wp\/v2\/types\/product"}],"wp:featuredmedia":[{"embeddable":true,"href":"https:\/\/ajupe.com.uy\/web\/wp-json\/wp\/v2\/media\/6879"}],"wp:attachment":[{"href":"https:\/\/ajupe.com.uy\/web\/wp-json\/wp\/v2\/media?parent=6878"}],"wp:term":[{"taxonomy":"product_brand","embeddable":true,"href":"https:\/\/ajupe.com.uy\/web\/wp-json\/wp\/v2\/product_brand?post=6878"},{"taxonomy":"product_cat","embeddable":true,"href":"https:\/\/ajupe.com.uy\/web\/wp-json\/wp\/v2\/product_cat?post=6878"},{"taxonomy":"product_tag","embeddable":true,"href":"https:\/\/ajupe.com.uy\/web\/wp-json\/wp\/v2\/product_tag?post=6878"}],"curies":[{"name":"wp","href":"https:\/\/api.w.org\/{rel}","templated":true}]}}