{"id":6887,"date":"2014-09-30T17:54:24","date_gmt":"2014-09-30T20:54:24","guid":{"rendered":"http:\/\/ajupe.com.uy\/web\/?post_type=product&#038;p=6887"},"modified":"2014-09-30T17:57:08","modified_gmt":"2014-09-30T20:57:08","slug":"pasado-perfecto","status":"publish","type":"product","link":"https:\/\/ajupe.com.uy\/web\/biblioteca\/pasado-perfecto\/","title":{"rendered":"Pasado perfecto"},"content":{"rendered":"<p>El primer fin de semana de 1989 una insistente llamada de tel\u00e9fono arranca de su resaca al teniente Mario Conde, un polic\u00eda esc\u00e9ptico y desenga\u00f1ado. El Viejo, su jefe en la Central, le llama para encargarle un misterioso y urgente caso: Rafael Mor\u00edn, jefe de la Empresa de Importaciones y Exportaciones del Ministerio de Industrias, falta de su domicilio desde el d\u00eda de A\u00f1o Nuevo. Quiere el azar que el desaparecido sea un ex compa\u00f1ero de estudios de Conde, un tipo que ya entonces, aun acatando las normas establecidas, se destacaba por su brillantez y autodisciplina. Por si fuera poco, este caso enfrenta al teniente con el recuerdo de su antiguo amor por la joven Tamara, ahora casada con Mor\u00edn. \u00abEl Conde\u00bb -as\u00ed le conocen sus amigos-, ir\u00e1 descubriendo que el aparente pasado perfecto sobre el que Rafael Mor\u00edn ha ido labrando su brillante carrera ocultaba ya sus sombras.<\/p>\n","protected":false},"excerpt":{"rendered":"<p>El primer fin de semana de 1989 una insistente llamada de tel\u00e9fono arranca de su resaca al teniente Mario Conde, un polic\u00eda esc\u00e9ptico y desenga\u00f1ado. El Viejo, su jefe en la Central, le llama para encargarle un misterioso y urgente caso: Rafael Mor\u00edn, jefe de la Empresa de Importaciones y Exportaciones del Ministerio de Industrias, [&hellip;]<\/p>\n","protected":false},"featured_media":6888,"template":"","meta":[],"product_brand":[1278],"product_cat":[29],"product_tag":[],"class_list":{"0":"post-6887","1":"product","2":"type-product","3":"status-publish","4":"has-post-thumbnail","6":"product_brand-leonardo-padura","7":"product_cat-novela","9":"first","10":"instock","11":"purchasable","12":"product-type-simple"},"featured_image_urls_v2":{"full":["https:\/\/ajupe.com.uy\/web\/wp-content\/uploads\/2016\/04\/p-6887-Pasado_perfecto_542aeeec79336.jpg",183,277,false],"thumbnail":["https:\/\/ajupe.com.uy\/web\/wp-content\/uploads\/2016\/04\/p-6887-Pasado_perfecto_542aeeec79336.jpg",150,150,true],"medium":["https:\/\/ajupe.com.uy\/web\/wp-content\/uploads\/2016\/04\/p-6887-Pasado_perfecto_542aeeec79336.jpg",300,214,true],"medium_large":["https:\/\/ajupe.com.uy\/web\/wp-content\/uploads\/2016\/04\/p-6887-Pasado_perfecto_542aeeec79336.jpg",183,277,false],"large":["https:\/\/ajupe.com.uy\/web\/wp-content\/uploads\/2016\/04\/p-6887-Pasado_perfecto_542aeeec79336.jpg",183,277,false],"1536x1536":["https:\/\/ajupe.com.uy\/web\/wp-content\/uploads\/2016\/04\/p-6887-Pasado_perfecto_542aeeec79336.jpg",183,277,false],"2048x2048":["https:\/\/ajupe.com.uy\/web\/wp-content\/uploads\/2016\/04\/p-6887-Pasado_perfecto_542aeeec79336.jpg",183,277,false],"woocommerce_archive_thumbnail":["https:\/\/ajupe.com.uy\/web\/wp-content\/uploads\/2016\/04\/p-6887-Pasado_perfecto_542aeeec79336.jpg",183,277,false],"woocommerce_thumbnail":["https:\/\/ajupe.com.uy\/web\/wp-content\/uploads\/2016\/04\/p-6887-Pasado_perfecto_542aeeec79336.jpg",183,277,false],"woocommerce_single":["https:\/\/ajupe.com.uy\/web\/wp-content\/uploads\/2016\/04\/p-6887-Pasado_perfecto_542aeeec79336.jpg",183,277,false],"woocommerce_gallery_thumbnail":["https:\/\/ajupe.com.uy\/web\/wp-content\/uploads\/2016\/04\/p-6887-Pasado_perfecto_542aeeec79336-100x100.jpg",100,100,true]},"post_excerpt_stackable_v2":"<p>El primer fin de semana de 1989 una insistente llamada de tel\u00e9fono arranca de su resaca al teniente Mario Conde, un polic\u00eda esc\u00e9ptico y desenga\u00f1ado. El Viejo, su jefe en la Central, le llama para encargarle un misterioso y urgente caso: Rafael Mor\u00edn, jefe de la Empresa de Importaciones y Exportaciones del Ministerio de Industrias, falta de su domicilio desde el d\u00eda de A\u00f1o Nuevo. Quiere el azar que el desaparecido sea un ex compa\u00f1ero de estudios de Conde, un tipo que ya entonces, aun acatando las normas establecidas, se destacaba por su brillantez y autodisciplina. Por si fuera poco,&hellip;<\/p>\n","category_list_v2":"","author_info_v2":{"name":"","url":""},"comments_num_v2":"0 comentarios","_links":{"self":[{"href":"https:\/\/ajupe.com.uy\/web\/wp-json\/wp\/v2\/product\/6887","targetHints":{"allow":["GET"]}}],"collection":[{"href":"https:\/\/ajupe.com.uy\/web\/wp-json\/wp\/v2\/product"}],"about":[{"href":"https:\/\/ajupe.com.uy\/web\/wp-json\/wp\/v2\/types\/product"}],"wp:featuredmedia":[{"embeddable":true,"href":"https:\/\/ajupe.com.uy\/web\/wp-json\/wp\/v2\/media\/6888"}],"wp:attachment":[{"href":"https:\/\/ajupe.com.uy\/web\/wp-json\/wp\/v2\/media?parent=6887"}],"wp:term":[{"taxonomy":"product_brand","embeddable":true,"href":"https:\/\/ajupe.com.uy\/web\/wp-json\/wp\/v2\/product_brand?post=6887"},{"taxonomy":"product_cat","embeddable":true,"href":"https:\/\/ajupe.com.uy\/web\/wp-json\/wp\/v2\/product_cat?post=6887"},{"taxonomy":"product_tag","embeddable":true,"href":"https:\/\/ajupe.com.uy\/web\/wp-json\/wp\/v2\/product_tag?post=6887"}],"curies":[{"name":"wp","href":"https:\/\/api.w.org\/{rel}","templated":true}]}}