{"id":6890,"date":"2014-09-30T18:03:51","date_gmt":"2014-09-30T21:03:51","guid":{"rendered":"http:\/\/ajupe.com.uy\/web\/?post_type=product&#038;p=6890"},"modified":"2014-09-30T18:05:43","modified_gmt":"2014-09-30T21:05:43","slug":"la-nieta-del-senor-linh","status":"publish","type":"product","link":"https:\/\/ajupe.com.uy\/web\/biblioteca\/la-nieta-del-senor-linh\/","title":{"rendered":"La nieta del se\u00f1or Linh"},"content":{"rendered":"<p>Una fr\u00eda ma\u00f1ana de noviembre, tras un penoso viaje en barco, un anciano desembarca en un pa\u00eds que podr\u00eda ser Francia, donde no conoce a nadie y cuya lengua ignora. El se\u00f1or Linh huye de una guerra que ha acabado con su familia y destrozado su aldea. La guerra le ha robado todo menos a su nieta, un beb\u00e9 llamado Sang Diu, que en su idioma significa \u00abMa\u00f1ana dulce\u00bb, una ni\u00f1a tranquila que duerme siempre que el abuelo tararee su nana, la melod\u00eda que han cantado durante generaciones las mujeres de la familia. Instalado en un piso de acogida, el se\u00f1or Linh s\u00f3lo se preocupa por su nieta, su \u00fanica raz\u00f3n de existir hasta que conoce al se\u00f1or Bark, un hombre robusto y afable cuya mujer ha fallecido recientemente. Un afecto espont\u00e1neo surge entre estos dos solitarios que hablan distintas lenguas, pero que son capaces de comprenderse en silencio y a trav\u00e9s de peque\u00f1os gestos. Ambos se encuentran regularmente en un banco del parque hasta que, una ma\u00f1ana, los servicios sociales conducen al se\u00f1or Linh a un hospicio que no est\u00e1 autorizado a abandonar. El se\u00f1or Linh consigue, sin embargo, escapar con Sang Diu y adentrarse en la ciudad desconocida, decidido a encontrar a su \u00fanico amigo. Su coraje y determinaci\u00f3n lo conducir\u00e1n a un inesperado desenlace, profundamente conmovedor. Tras el enorme \u00e9xito de Almas grises, Philippe Claudel ha vuelto a causar un gran impacto con esta exquisita f\u00e1bula sobre el exilio y la soledad, o lo que es lo mismo, la lucha por preservar la identidad. Su estilo narrativo extremadamente depurado, casi minimalista, marca un punto de inflexi\u00f3n en la trayectoria de Claudel, ganador del Premio Renaudot 2003. La nieta del se\u00f1or Linh ha sido recibida con entusiasmo en Francia, donde permanece en las listas de los libros m\u00e1s vendidos desde su aparici\u00f3n. Elogiada un\u00e1nimemente por la cr\u00edtica y el p\u00fablico, se han vendido m\u00e1s de 200 mil ejemplares y se publicar\u00e1 en once idiomas.<\/p>\n","protected":false},"excerpt":{"rendered":"<p>Una fr\u00eda ma\u00f1ana de noviembre, tras un penoso viaje en barco, un anciano desembarca en un pa\u00eds que podr\u00eda ser Francia, donde no conoce a nadie y cuya lengua ignora. El se\u00f1or Linh huye de una guerra que ha acabado con su familia y destrozado su aldea. La guerra le ha robado todo menos a [&hellip;]<\/p>\n","protected":false},"featured_media":6891,"template":"","meta":[],"product_brand":[1312],"product_cat":[37],"product_tag":[],"class_list":{"0":"post-6890","1":"product","2":"type-product","3":"status-publish","4":"has-post-thumbnail","6":"product_brand-philippe-claudel","7":"product_cat-ficcion","9":"first","10":"instock","11":"purchasable","12":"product-type-simple"},"featured_image_urls_v2":{"full":["https:\/\/ajupe.com.uy\/web\/wp-content\/uploads\/2016\/04\/p-6890-La_nieta_del_se__542af0c20bed0.jpg",183,292,false],"thumbnail":["https:\/\/ajupe.com.uy\/web\/wp-content\/uploads\/2016\/04\/p-6890-La_nieta_del_se__542af0c20bed0.jpg",150,150,true],"medium":["https:\/\/ajupe.com.uy\/web\/wp-content\/uploads\/2016\/04\/p-6890-La_nieta_del_se__542af0c20bed0.jpg",300,214,true],"medium_large":["https:\/\/ajupe.com.uy\/web\/wp-content\/uploads\/2016\/04\/p-6890-La_nieta_del_se__542af0c20bed0.jpg",183,292,false],"large":["https:\/\/ajupe.com.uy\/web\/wp-content\/uploads\/2016\/04\/p-6890-La_nieta_del_se__542af0c20bed0.jpg",183,292,false],"1536x1536":["https:\/\/ajupe.com.uy\/web\/wp-content\/uploads\/2016\/04\/p-6890-La_nieta_del_se__542af0c20bed0.jpg",183,292,false],"2048x2048":["https:\/\/ajupe.com.uy\/web\/wp-content\/uploads\/2016\/04\/p-6890-La_nieta_del_se__542af0c20bed0.jpg",183,292,false],"woocommerce_archive_thumbnail":["https:\/\/ajupe.com.uy\/web\/wp-content\/uploads\/2016\/04\/p-6890-La_nieta_del_se__542af0c20bed0.jpg",183,292,false],"woocommerce_thumbnail":["https:\/\/ajupe.com.uy\/web\/wp-content\/uploads\/2016\/04\/p-6890-La_nieta_del_se__542af0c20bed0.jpg",183,292,false],"woocommerce_single":["https:\/\/ajupe.com.uy\/web\/wp-content\/uploads\/2016\/04\/p-6890-La_nieta_del_se__542af0c20bed0.jpg",183,292,false],"woocommerce_gallery_thumbnail":["https:\/\/ajupe.com.uy\/web\/wp-content\/uploads\/2016\/04\/p-6890-La_nieta_del_se__542af0c20bed0-100x100.jpg",100,100,true]},"post_excerpt_stackable_v2":"<p>Una fr\u00eda ma\u00f1ana de noviembre, tras un penoso viaje en barco, un anciano desembarca en un pa\u00eds que podr\u00eda ser Francia, donde no conoce a nadie y cuya lengua ignora. El se\u00f1or Linh huye de una guerra que ha acabado con su familia y destrozado su aldea. La guerra le ha robado todo menos a su nieta, un beb\u00e9 llamado Sang Diu, que en su idioma significa \u00abMa\u00f1ana dulce\u00bb, una ni\u00f1a tranquila que duerme siempre que el abuelo tararee su nana, la melod\u00eda que han cantado durante generaciones las mujeres de la familia. Instalado en un piso de acogida, el&hellip;<\/p>\n","category_list_v2":"","author_info_v2":{"name":"","url":""},"comments_num_v2":"0 comentarios","_links":{"self":[{"href":"https:\/\/ajupe.com.uy\/web\/wp-json\/wp\/v2\/product\/6890","targetHints":{"allow":["GET"]}}],"collection":[{"href":"https:\/\/ajupe.com.uy\/web\/wp-json\/wp\/v2\/product"}],"about":[{"href":"https:\/\/ajupe.com.uy\/web\/wp-json\/wp\/v2\/types\/product"}],"wp:featuredmedia":[{"embeddable":true,"href":"https:\/\/ajupe.com.uy\/web\/wp-json\/wp\/v2\/media\/6891"}],"wp:attachment":[{"href":"https:\/\/ajupe.com.uy\/web\/wp-json\/wp\/v2\/media?parent=6890"}],"wp:term":[{"taxonomy":"product_brand","embeddable":true,"href":"https:\/\/ajupe.com.uy\/web\/wp-json\/wp\/v2\/product_brand?post=6890"},{"taxonomy":"product_cat","embeddable":true,"href":"https:\/\/ajupe.com.uy\/web\/wp-json\/wp\/v2\/product_cat?post=6890"},{"taxonomy":"product_tag","embeddable":true,"href":"https:\/\/ajupe.com.uy\/web\/wp-json\/wp\/v2\/product_tag?post=6890"}],"curies":[{"name":"wp","href":"https:\/\/api.w.org\/{rel}","templated":true}]}}