{"id":6899,"date":"2014-09-30T19:11:00","date_gmt":"2014-09-30T22:11:00","guid":{"rendered":"http:\/\/ajupe.com.uy\/web\/?post_type=product&#038;p=6899"},"modified":"2014-09-30T19:12:17","modified_gmt":"2014-09-30T22:12:17","slug":"el-huerfano","status":"publish","type":"product","link":"https:\/\/ajupe.com.uy\/web\/biblioteca\/el-huerfano\/","title":{"rendered":"El huerfano"},"content":{"rendered":"<p>Una obra magistral, una apasionante historia de amor y espionaje que transcurre en la impenetrable Corea del Norte. El hu\u00e9rfano es, en parte, una novela de aprendizaje, la historia de Jun Do, un ni\u00f1o salido de un orfanato que va ascendiendo al servicio del ej\u00e9rcito norcoreano. Y la historia de Jun Do es tambi\u00e9n la historia de un asesino abandonado por la sociedad desde su nacimiento, en una desesperada b\u00fasqueda del amor. Un thriller trepidante, un amor apasionado y un retrato realista de un mundo escondido, maldito y surrealista, de un r\u00e9gimen dictatorial y de la devastaci\u00f3n f\u00edsica y moral de un pueblo.<\/p>\n","protected":false},"excerpt":{"rendered":"<p>Una obra magistral, una apasionante historia de amor y espionaje que transcurre en la impenetrable Corea del Norte. El hu\u00e9rfano es, en parte, una novela de aprendizaje, la historia de Jun Do, un ni\u00f1o salido de un orfanato que va ascendiendo al servicio del ej\u00e9rcito norcoreano. Y la historia de Jun Do es tambi\u00e9n la [&hellip;]<\/p>\n","protected":false},"featured_media":6900,"template":"","meta":[],"product_brand":[1315],"product_cat":[48],"product_tag":[],"class_list":{"0":"post-6899","1":"product","2":"type-product","3":"status-publish","4":"has-post-thumbnail","6":"product_brand-adam-johnson","7":"product_cat-thrillers","9":"first","10":"instock","11":"purchasable","12":"product-type-simple"},"featured_image_urls_v2":{"full":["https:\/\/ajupe.com.uy\/web\/wp-content\/uploads\/2016\/04\/p-6899-El_huerfano_542b008116b04.jpg",194,341,false],"thumbnail":["https:\/\/ajupe.com.uy\/web\/wp-content\/uploads\/2016\/04\/p-6899-El_huerfano_542b008116b04.jpg",150,150,true],"medium":["https:\/\/ajupe.com.uy\/web\/wp-content\/uploads\/2016\/04\/p-6899-El_huerfano_542b008116b04.jpg",300,214,true],"medium_large":["https:\/\/ajupe.com.uy\/web\/wp-content\/uploads\/2016\/04\/p-6899-El_huerfano_542b008116b04.jpg",194,341,false],"large":["https:\/\/ajupe.com.uy\/web\/wp-content\/uploads\/2016\/04\/p-6899-El_huerfano_542b008116b04.jpg",194,341,false],"1536x1536":["https:\/\/ajupe.com.uy\/web\/wp-content\/uploads\/2016\/04\/p-6899-El_huerfano_542b008116b04.jpg",194,341,false],"2048x2048":["https:\/\/ajupe.com.uy\/web\/wp-content\/uploads\/2016\/04\/p-6899-El_huerfano_542b008116b04.jpg",194,341,false],"woocommerce_archive_thumbnail":["https:\/\/ajupe.com.uy\/web\/wp-content\/uploads\/2016\/04\/p-6899-El_huerfano_542b008116b04-194x300.jpg",194,300,true],"woocommerce_thumbnail":["https:\/\/ajupe.com.uy\/web\/wp-content\/uploads\/2016\/04\/p-6899-El_huerfano_542b008116b04-194x300.jpg",194,300,true],"woocommerce_single":["https:\/\/ajupe.com.uy\/web\/wp-content\/uploads\/2016\/04\/p-6899-El_huerfano_542b008116b04.jpg",194,341,false],"woocommerce_gallery_thumbnail":["https:\/\/ajupe.com.uy\/web\/wp-content\/uploads\/2016\/04\/p-6899-El_huerfano_542b008116b04-100x100.jpg",100,100,true]},"post_excerpt_stackable_v2":"<p>Una obra magistral, una apasionante historia de amor y espionaje que transcurre en la impenetrable Corea del Norte. El hu\u00e9rfano es, en parte, una novela de aprendizaje, la historia de Jun Do, un ni\u00f1o salido de un orfanato que va ascendiendo al servicio del ej\u00e9rcito norcoreano. Y la historia de Jun Do es tambi\u00e9n la historia de un asesino abandonado por la sociedad desde su nacimiento, en una desesperada b\u00fasqueda del amor. Un thriller trepidante, un amor apasionado y un retrato realista de un mundo escondido, maldito y surrealista, de un r\u00e9gimen dictatorial y de la devastaci\u00f3n f\u00edsica y moral&hellip;<\/p>\n","category_list_v2":"","author_info_v2":{"name":"","url":""},"comments_num_v2":"0 comentarios","_links":{"self":[{"href":"https:\/\/ajupe.com.uy\/web\/wp-json\/wp\/v2\/product\/6899","targetHints":{"allow":["GET"]}}],"collection":[{"href":"https:\/\/ajupe.com.uy\/web\/wp-json\/wp\/v2\/product"}],"about":[{"href":"https:\/\/ajupe.com.uy\/web\/wp-json\/wp\/v2\/types\/product"}],"wp:featuredmedia":[{"embeddable":true,"href":"https:\/\/ajupe.com.uy\/web\/wp-json\/wp\/v2\/media\/6900"}],"wp:attachment":[{"href":"https:\/\/ajupe.com.uy\/web\/wp-json\/wp\/v2\/media?parent=6899"}],"wp:term":[{"taxonomy":"product_brand","embeddable":true,"href":"https:\/\/ajupe.com.uy\/web\/wp-json\/wp\/v2\/product_brand?post=6899"},{"taxonomy":"product_cat","embeddable":true,"href":"https:\/\/ajupe.com.uy\/web\/wp-json\/wp\/v2\/product_cat?post=6899"},{"taxonomy":"product_tag","embeddable":true,"href":"https:\/\/ajupe.com.uy\/web\/wp-json\/wp\/v2\/product_tag?post=6899"}],"curies":[{"name":"wp","href":"https:\/\/api.w.org\/{rel}","templated":true}]}}