{"id":6917,"date":"2014-09-30T21:29:40","date_gmt":"2014-10-01T00:29:40","guid":{"rendered":"http:\/\/ajupe.com.uy\/web\/?post_type=product&#038;p=6917"},"modified":"2014-09-30T21:33:11","modified_gmt":"2014-10-01T00:33:11","slug":"nobleza-obliga","status":"publish","type":"product","link":"https:\/\/ajupe.com.uy\/web\/biblioteca\/nobleza-obliga\/","title":{"rendered":"Nobleza obliga"},"content":{"rendered":"<p>\u00abNobleza obliga\u00bb es una recopilaci\u00f3n de los textos de su columna semanal en Galer\u00eda; son experiencias recogidas en sus viajes, su pasi\u00f3n por el arte, su visi\u00f3n sobre personajes ilustres y los eventos de la vida cotidiana los que conforman esta serie de relatos sobre el sentido de la vida, los valores, los miedos, los sue\u00f1os y la felicidad<\/p>\n","protected":false},"excerpt":{"rendered":"<p>\u00abNobleza obliga\u00bb es una recopilaci\u00f3n de los textos de su columna semanal en Galer\u00eda; son experiencias recogidas en sus viajes, su pasi\u00f3n por el arte, su visi\u00f3n sobre personajes ilustres y los eventos de la vida cotidiana los que conforman esta serie de relatos sobre el sentido de la vida, los valores, los miedos, los [&hellip;]<\/p>\n","protected":false},"featured_media":6918,"template":"","meta":[],"product_brand":[482],"product_cat":[34],"product_tag":[],"class_list":{"0":"post-6917","1":"product","2":"type-product","3":"status-publish","4":"has-post-thumbnail","6":"product_brand-claudia-amengual","7":"product_cat-otros","9":"first","10":"instock","11":"purchasable","12":"product-type-simple"},"featured_image_urls_v2":{"full":["https:\/\/ajupe.com.uy\/web\/wp-content\/uploads\/2016\/04\/p-6917-Nobleza_obliga_542b218b512fd.jpg",205,317,false],"thumbnail":["https:\/\/ajupe.com.uy\/web\/wp-content\/uploads\/2016\/04\/p-6917-Nobleza_obliga_542b218b512fd.jpg",150,150,true],"medium":["https:\/\/ajupe.com.uy\/web\/wp-content\/uploads\/2016\/04\/p-6917-Nobleza_obliga_542b218b512fd.jpg",300,214,true],"medium_large":["https:\/\/ajupe.com.uy\/web\/wp-content\/uploads\/2016\/04\/p-6917-Nobleza_obliga_542b218b512fd.jpg",205,317,false],"large":["https:\/\/ajupe.com.uy\/web\/wp-content\/uploads\/2016\/04\/p-6917-Nobleza_obliga_542b218b512fd.jpg",205,317,false],"1536x1536":["https:\/\/ajupe.com.uy\/web\/wp-content\/uploads\/2016\/04\/p-6917-Nobleza_obliga_542b218b512fd.jpg",205,317,false],"2048x2048":["https:\/\/ajupe.com.uy\/web\/wp-content\/uploads\/2016\/04\/p-6917-Nobleza_obliga_542b218b512fd.jpg",205,317,false],"woocommerce_archive_thumbnail":["https:\/\/ajupe.com.uy\/web\/wp-content\/uploads\/2016\/04\/p-6917-Nobleza_obliga_542b218b512fd-205x300.jpg",205,300,true],"woocommerce_thumbnail":["https:\/\/ajupe.com.uy\/web\/wp-content\/uploads\/2016\/04\/p-6917-Nobleza_obliga_542b218b512fd-205x300.jpg",205,300,true],"woocommerce_single":["https:\/\/ajupe.com.uy\/web\/wp-content\/uploads\/2016\/04\/p-6917-Nobleza_obliga_542b218b512fd.jpg",205,317,false],"woocommerce_gallery_thumbnail":["https:\/\/ajupe.com.uy\/web\/wp-content\/uploads\/2016\/04\/p-6917-Nobleza_obliga_542b218b512fd-100x100.jpg",100,100,true]},"post_excerpt_stackable_v2":"<p>\u00abNobleza obliga\u00bb es una recopilaci\u00f3n de los textos de su columna semanal en Galer\u00eda; son experiencias recogidas en sus viajes, su pasi\u00f3n por el arte, su visi\u00f3n sobre personajes ilustres y los eventos de la vida cotidiana los que conforman esta serie de relatos sobre el sentido de la vida, los valores, los miedos, los sue\u00f1os y la felicidad<\/p>\n","category_list_v2":"","author_info_v2":{"name":"","url":""},"comments_num_v2":"0 comentarios","_links":{"self":[{"href":"https:\/\/ajupe.com.uy\/web\/wp-json\/wp\/v2\/product\/6917","targetHints":{"allow":["GET"]}}],"collection":[{"href":"https:\/\/ajupe.com.uy\/web\/wp-json\/wp\/v2\/product"}],"about":[{"href":"https:\/\/ajupe.com.uy\/web\/wp-json\/wp\/v2\/types\/product"}],"wp:featuredmedia":[{"embeddable":true,"href":"https:\/\/ajupe.com.uy\/web\/wp-json\/wp\/v2\/media\/6918"}],"wp:attachment":[{"href":"https:\/\/ajupe.com.uy\/web\/wp-json\/wp\/v2\/media?parent=6917"}],"wp:term":[{"taxonomy":"product_brand","embeddable":true,"href":"https:\/\/ajupe.com.uy\/web\/wp-json\/wp\/v2\/product_brand?post=6917"},{"taxonomy":"product_cat","embeddable":true,"href":"https:\/\/ajupe.com.uy\/web\/wp-json\/wp\/v2\/product_cat?post=6917"},{"taxonomy":"product_tag","embeddable":true,"href":"https:\/\/ajupe.com.uy\/web\/wp-json\/wp\/v2\/product_tag?post=6917"}],"curies":[{"name":"wp","href":"https:\/\/api.w.org\/{rel}","templated":true}]}}