{"id":6920,"date":"2014-09-30T21:36:07","date_gmt":"2014-10-01T00:36:07","guid":{"rendered":"http:\/\/ajupe.com.uy\/web\/?post_type=product&#038;p=6920"},"modified":"2014-09-30T21:39:01","modified_gmt":"2014-10-01T00:39:01","slug":"luis-batlle-berres-y-el-uruguay-del-optimismo","status":"publish","type":"product","link":"https:\/\/ajupe.com.uy\/web\/biblioteca\/luis-batlle-berres-y-el-uruguay-del-optimismo\/","title":{"rendered":"Luis Batlle Berres y el Uruguay del optimismo"},"content":{"rendered":"<p>Hubo un Uruguay del optimismo. Fue el Uruguay de Maracan\u00e1. Ese Uruguay tuvo un l\u00edder pol\u00edtico, Luis Batlle Berres. Creci\u00f3 desde una radio y la lucha pol\u00edtica callejera. Defendi\u00f3 la Rep\u00fablica Espa\u00f1ola, se abander\u00f3 por los Aliados contra el nazismo, lider\u00f3 en Sudam\u00e9rica la cauda del Estado de Israel, intent\u00f3 acordar con Per\u00f3n y termin\u00f3 enfrentado por defender la libertad de expresi\u00f3n de sus adversarios, fue a Estados Unidos y a Europa a sostener nuestro derecho a industrializar materias primas, batall\u00f3 contra los proteccionismos de los grandes pa\u00edses y sostuvo sin claudicaciones la libertad pol\u00edtica. Continuador de la construcci\u00f3n del Uruguay moderno iniciado por Jos\u00e9 Batlle y Ord\u00f3\u00f1ez, por reformista luch\u00f3 contra los conservadores, por dem\u00f3crata contra los revolucionarios, por fan\u00e1tico de la libertad contra los marxistas y populistas. Hoy, a 50 a\u00f1os de su muerte, sin pasiones, se le puede observar como la figura m\u00e1s importante de la segunda mitad del siglo XX, cuyo ejemplo y obra perduran en lo mejor del Uruguay. Este libro es m\u00e1s que una biograf\u00eda. Es la historia de un pa\u00eds y su gente. Es la pintura de un Uruguay y al que debemos recurrir para entender el presente e iluminar el futuro.<\/p>\n","protected":false},"excerpt":{"rendered":"<p>Hubo un Uruguay del optimismo. Fue el Uruguay de Maracan\u00e1. Ese Uruguay tuvo un l\u00edder pol\u00edtico, Luis Batlle Berres. Creci\u00f3 desde una radio y la lucha pol\u00edtica callejera. Defendi\u00f3 la Rep\u00fablica Espa\u00f1ola, se abander\u00f3 por los Aliados contra el nazismo, lider\u00f3 en Sudam\u00e9rica la cauda del Estado de Israel, intent\u00f3 acordar con Per\u00f3n y termin\u00f3 [&hellip;]<\/p>\n","protected":false},"featured_media":6921,"template":"","meta":[],"product_brand":[762],"product_cat":[44],"product_tag":[],"class_list":{"0":"post-6920","1":"product","2":"type-product","3":"status-publish","4":"has-post-thumbnail","6":"product_brand-julio-maria-sanguinetti","7":"product_cat-biografico","9":"first","10":"instock","11":"purchasable","12":"product-type-simple"},"featured_image_urls_v2":{"full":["https:\/\/ajupe.com.uy\/web\/wp-content\/uploads\/2016\/04\/p-6920-Luis_Batlle_Berr_542b22df5f7ab.jpg",219,352,false],"thumbnail":["https:\/\/ajupe.com.uy\/web\/wp-content\/uploads\/2016\/04\/p-6920-Luis_Batlle_Berr_542b22df5f7ab.jpg",150,150,true],"medium":["https:\/\/ajupe.com.uy\/web\/wp-content\/uploads\/2016\/04\/p-6920-Luis_Batlle_Berr_542b22df5f7ab.jpg",300,214,true],"medium_large":["https:\/\/ajupe.com.uy\/web\/wp-content\/uploads\/2016\/04\/p-6920-Luis_Batlle_Berr_542b22df5f7ab.jpg",219,352,false],"large":["https:\/\/ajupe.com.uy\/web\/wp-content\/uploads\/2016\/04\/p-6920-Luis_Batlle_Berr_542b22df5f7ab.jpg",219,352,false],"1536x1536":["https:\/\/ajupe.com.uy\/web\/wp-content\/uploads\/2016\/04\/p-6920-Luis_Batlle_Berr_542b22df5f7ab.jpg",219,352,false],"2048x2048":["https:\/\/ajupe.com.uy\/web\/wp-content\/uploads\/2016\/04\/p-6920-Luis_Batlle_Berr_542b22df5f7ab.jpg",219,352,false],"woocommerce_archive_thumbnail":["https:\/\/ajupe.com.uy\/web\/wp-content\/uploads\/2016\/04\/p-6920-Luis_Batlle_Berr_542b22df5f7ab-219x300.jpg",219,300,true],"woocommerce_thumbnail":["https:\/\/ajupe.com.uy\/web\/wp-content\/uploads\/2016\/04\/p-6920-Luis_Batlle_Berr_542b22df5f7ab-219x300.jpg",219,300,true],"woocommerce_single":["https:\/\/ajupe.com.uy\/web\/wp-content\/uploads\/2016\/04\/p-6920-Luis_Batlle_Berr_542b22df5f7ab.jpg",219,352,false],"woocommerce_gallery_thumbnail":["https:\/\/ajupe.com.uy\/web\/wp-content\/uploads\/2016\/04\/p-6920-Luis_Batlle_Berr_542b22df5f7ab-100x100.jpg",100,100,true]},"post_excerpt_stackable_v2":"<p>Hubo un Uruguay del optimismo. Fue el Uruguay de Maracan\u00e1. Ese Uruguay tuvo un l\u00edder pol\u00edtico, Luis Batlle Berres. Creci\u00f3 desde una radio y la lucha pol\u00edtica callejera. Defendi\u00f3 la Rep\u00fablica Espa\u00f1ola, se abander\u00f3 por los Aliados contra el nazismo, lider\u00f3 en Sudam\u00e9rica la cauda del Estado de Israel, intent\u00f3 acordar con Per\u00f3n y termin\u00f3 enfrentado por defender la libertad de expresi\u00f3n de sus adversarios, fue a Estados Unidos y a Europa a sostener nuestro derecho a industrializar materias primas, batall\u00f3 contra los proteccionismos de los grandes pa\u00edses y sostuvo sin claudicaciones la libertad pol\u00edtica. Continuador de la construcci\u00f3n del&hellip;<\/p>\n","category_list_v2":"","author_info_v2":{"name":"","url":""},"comments_num_v2":"0 comentarios","_links":{"self":[{"href":"https:\/\/ajupe.com.uy\/web\/wp-json\/wp\/v2\/product\/6920","targetHints":{"allow":["GET"]}}],"collection":[{"href":"https:\/\/ajupe.com.uy\/web\/wp-json\/wp\/v2\/product"}],"about":[{"href":"https:\/\/ajupe.com.uy\/web\/wp-json\/wp\/v2\/types\/product"}],"wp:featuredmedia":[{"embeddable":true,"href":"https:\/\/ajupe.com.uy\/web\/wp-json\/wp\/v2\/media\/6921"}],"wp:attachment":[{"href":"https:\/\/ajupe.com.uy\/web\/wp-json\/wp\/v2\/media?parent=6920"}],"wp:term":[{"taxonomy":"product_brand","embeddable":true,"href":"https:\/\/ajupe.com.uy\/web\/wp-json\/wp\/v2\/product_brand?post=6920"},{"taxonomy":"product_cat","embeddable":true,"href":"https:\/\/ajupe.com.uy\/web\/wp-json\/wp\/v2\/product_cat?post=6920"},{"taxonomy":"product_tag","embeddable":true,"href":"https:\/\/ajupe.com.uy\/web\/wp-json\/wp\/v2\/product_tag?post=6920"}],"curies":[{"name":"wp","href":"https:\/\/api.w.org\/{rel}","templated":true}]}}